{"id":1257,"date":"2020-11-26T09:58:26","date_gmt":"2020-11-26T07:58:26","guid":{"rendered":"https:\/\/pottu.iwn.co\/potatis-info\/lajikkeet-saksassa\/"},"modified":"2021-03-07T16:42:00","modified_gmt":"2021-03-07T14:42:00","slug":"sorter-i-tyskland","status":"publish","type":"page","link":"https:\/\/www.myllymaenperuna.fi\/sv\/potatis-info\/sorter-i-tyskland\/","title":{"rendered":"Sorter I Tyskland"},"content":{"rendered":"\n<h4 class=\"wp-block-heading\"><strong>Potatissorter som godk\u00e4nts f\u00f6r certifiering av uts\u00e4desproduktionsomr\u00e5den i Tyskland hektar under 2019. Ing\u00e5r i E-klass och en klass A-produktionsomr\u00e5den. Sorter hade over 300 stycken av uts\u00e4desproduktionen i Tyskland! I denna del av statistiken.<\/strong><\/h4>\n\n\n\n<p><strong>Certifierad uts\u00e4despotatis hektar 2019:<\/strong><\/p>\n\n\n\n<p><strong>1. Belana\u00a0\u00a0\u00a0\u00a0\u00a0\u00a0 \u00a0 \u00a0 \u00a0 \u00a0 780 ha matpotatis<br>2. Agria\u00a0\u00a0\u00a0\u00a0\u00a0\u00a0\u00a0\u00a0\u00a0\u00a0\u00a0\u00a0\u00a0\u00a0\u00a0\u00a0\u00a0 638 ha pommes frites<br>3. Gala \u00a0 \u00a0 \u00a0 \u00a0 \u00a0 \u00a0 \u00a0 \u00a0\u00a0\u00a0 576 ha <strong>matpotatis<\/strong><br>4. Zorba\u00a0\u00a0\u00a0\u00a0\u00a0\u00a0\u00a0\u00a0\u00a0\u00a0\u00a0\u00a0\u00a0\u00a0\u00a0\u00a0 471 ha <strong>pommes frites<\/strong><br>5. Kuras\u00a0\u00a0\u00a0\u00a0\u00a0\u00a0 \u00a0\u00a0\u00a0\u00a0\u00a0\u00a0\u00a0\u00a0\u00a0 452 ha st\u00e4rkelse<br>6. Verdi\u00a0\u00a0\u00a0\u00a0\u00a0\u00a0\u00a0\u00a0\u00a0\u00a0\u00a0\u00a0\u00a0\u00a0\u00a0\u00a0\u00a0 439 ha chips<br>7. Marabel\u00a0\u00a0\u00a0\u00a0\u00a0\u00a0\u00a0\u00a0\u00a0\u00a0\u00a0\u00a0\u00a0 392 ha <strong>matpotatis<\/strong><br>8. Fontane\u00a0\u00a0\u00a0\u00a0\u00a0\u00a0\u00a0\u00a0\u00a0\u00a0\u00a0\u00a0 \u00a0376 ha <strong>pommes frites<\/strong><br>9. Jelly\u00a0\u00a0\u00a0\u00a0\u00a0\u00a0\u00a0\u00a0 \u00a0\u00a0\u00a0\u00a0\u00a0\u00a0\u00a0\u00a0\u00a0 346 ha industrimatpotatis<br>10. Eurogrande\u00a0\u00a0\u00a0\u00a0\u00a0 305 ha <strong>st\u00e4rkelse<\/strong><br>11. Madeira \u00a0\u00a0\u00a0\u00a0\u00a0\u00a0\u00a0\u00a0\u00a0 257 ha\u00a0<strong>matpotatis<\/strong><br>12. Innovator\u00a0\u00a0\u00a0\u00a0\u00a0\u00a0\u00a0\u00a0\u00a0249 ha <strong>pommes frites<\/strong><br>13. Lady Claire\u00a0\u00a0\u00a0\u00a0\u00a0240 ha chips<br>14. Axion\u00a0\u00a0\u00a0\u00a0\u00a0\u00a0\u00a0\u00a0\u00a0\u00a0\u00a0\u00a0\u00a0\u00a0231 ha <strong>st\u00e4rkelse<\/strong><br>15. Regina\u00a0\u00a0\u00a0\u00a0\u00a0\u00a0\u00a0\u00a0\u00a0\u00a0\u00a0\u00a0\u00a0229 ha <strong>matpotatis<\/strong><br>16. Lilly\u00a0\u00a0\u00a0\u00a0\u00a0\u00a0\u00a0\u00a0\u00a0\u00a0\u00a0\u00a0\u00a0\u00a0\u00a0\u00a0 216 ha <strong>matpotatis<\/strong><br>17. Pirol\u00a0\u00a0\u00a0\u00a0\u00a0\u00a0\u00a0\u00a0\u00a0\u00a0\u00a0\u00a0\u00a0\u00a0\u00a0\u00a0 216 ha chips<br>18. Queen Anne\u00a0\u00a0\u00a0\u00a0 215 ha <strong>matpotatis<\/strong><br>19. Annabelle\u00a0\u00a0\u00a0\u00a0\u00a0\u00a0\u00a0\u00a0 212 ha <strong>matpotatis<\/strong><br>20. Karlena\u00a0\u00a0\u00a0\u00a0\u00a0\u00a0\u00a0\u00a0\u00a0\u00a0\u00a0 \u00a0210 ha <strong>matpotatis<\/strong><\/strong>, chips<\/p>\n","protected":false},"excerpt":{"rendered":"<p>Potatissorter som godk\u00e4nts f\u00f6r certifiering av uts\u00e4desproduktionsomr\u00e5den i Tyskland hektar under 2019. Ing\u00e5r i E-klass och en klass A-produktionsomr\u00e5den. Sorter hade over 300 stycken av uts\u00e4desproduktionen i Tyskland! I denna del av statistiken. Certifierad uts\u00e4despotatis hektar 2019: 1. Belana\u00a0\u00a0\u00a0\u00a0\u00a0\u00a0 \u00a0 \u00a0 \u00a0 \u00a0 780 ha matpotatis2. Agria\u00a0\u00a0\u00a0\u00a0\u00a0\u00a0\u00a0\u00a0\u00a0\u00a0\u00a0\u00a0\u00a0\u00a0\u00a0\u00a0\u00a0 638 ha pommes frites3. Gala \u00a0 \u00a0 \u00a0 [&hellip;]<\/p>\n","protected":false},"author":2,"featured_media":0,"parent":958,"menu_order":0,"comment_status":"closed","ping_status":"closed","template":"","meta":{"_genesis_hide_title":false,"_genesis_hide_breadcrumbs":false,"_genesis_hide_singular_image":false,"_genesis_hide_footer_widgets":false,"_genesis_custom_body_class":"","_genesis_custom_post_class":"","_genesis_layout":"","footnotes":""},"class_list":{"0":"post-1257","1":"page","2":"type-page","3":"status-publish","5":"entry"},"yoast_head":"<!-- This site is optimized with the Yoast SEO plugin v27.5 - https:\/\/yoast.com\/product\/yoast-seo-wordpress\/ -->\n<title>Sorter I Tyskland -<\/title>\n<meta name=\"robots\" content=\"index, follow, max-snippet:-1, max-image-preview:large, max-video-preview:-1\" \/>\n<link rel=\"canonical\" href=\"https:\/\/www.myllymaenperuna.fi\/sv\/potatis-info\/sorter-i-tyskland\/\" \/>\n<meta property=\"og:locale\" content=\"sv_SE\" \/>\n<meta property=\"og:type\" content=\"article\" \/>\n<meta property=\"og:title\" content=\"Sorter I Tyskland -\" \/>\n<meta property=\"og:description\" content=\"Potatissorter som godk\u00e4nts f\u00f6r certifiering av uts\u00e4desproduktionsomr\u00e5den i Tyskland hektar under 2019. Ing\u00e5r i E-klass och en klass A-produktionsomr\u00e5den. Sorter hade over 300 stycken av uts\u00e4desproduktionen i Tyskland! I denna del av statistiken. Certifierad uts\u00e4despotatis hektar 2019: 1. Belana\u00a0\u00a0\u00a0\u00a0\u00a0\u00a0 \u00a0 \u00a0 \u00a0 \u00a0 780 ha matpotatis2. Agria\u00a0\u00a0\u00a0\u00a0\u00a0\u00a0\u00a0\u00a0\u00a0\u00a0\u00a0\u00a0\u00a0\u00a0\u00a0\u00a0\u00a0 638 ha pommes frites3. Gala \u00a0 \u00a0 \u00a0 [&hellip;]\" \/>\n<meta property=\"og:url\" content=\"https:\/\/www.myllymaenperuna.fi\/sv\/potatis-info\/sorter-i-tyskland\/\" \/>\n<meta property=\"article:modified_time\" content=\"2021-03-07T14:42:00+00:00\" \/>\n<meta name=\"twitter:card\" content=\"summary_large_image\" \/>\n<meta name=\"twitter:label1\" content=\"Ber\u00e4knad l\u00e4stid\" \/>\n\t<meta name=\"twitter:data1\" content=\"1 minut\" \/>\n<script type=\"application\/ld+json\" class=\"yoast-schema-graph\">{\"@context\":\"https:\\\/\\\/schema.org\",\"@graph\":[{\"@type\":\"WebPage\",\"@id\":\"https:\\\/\\\/www.myllymaenperuna.fi\\\/sv\\\/potatis-info\\\/sorter-i-tyskland\\\/\",\"url\":\"https:\\\/\\\/www.myllymaenperuna.fi\\\/sv\\\/potatis-info\\\/sorter-i-tyskland\\\/\",\"name\":\"Sorter I Tyskland -\",\"isPartOf\":{\"@id\":\"https:\\\/\\\/www.myllymaenperuna.fi\\\/#website\"},\"datePublished\":\"2020-11-26T07:58:26+00:00\",\"dateModified\":\"2021-03-07T14:42:00+00:00\",\"breadcrumb\":{\"@id\":\"https:\\\/\\\/www.myllymaenperuna.fi\\\/sv\\\/potatis-info\\\/sorter-i-tyskland\\\/#breadcrumb\"},\"inLanguage\":\"sv-SE\",\"potentialAction\":[{\"@type\":\"ReadAction\",\"target\":[\"https:\\\/\\\/www.myllymaenperuna.fi\\\/sv\\\/potatis-info\\\/sorter-i-tyskland\\\/\"]}]},{\"@type\":\"BreadcrumbList\",\"@id\":\"https:\\\/\\\/www.myllymaenperuna.fi\\\/sv\\\/potatis-info\\\/sorter-i-tyskland\\\/#breadcrumb\",\"itemListElement\":[{\"@type\":\"ListItem\",\"position\":1,\"name\":\"Etusivu\",\"item\":\"https:\\\/\\\/www.myllymaenperuna.fi\\\/sv\\\/utsadespotatis-nya-tillvaxt-potatis\\\/\"},{\"@type\":\"ListItem\",\"position\":2,\"name\":\"Potatis Info\",\"item\":\"https:\\\/\\\/www.myllymaenperuna.fi\\\/sv\\\/potatis-info\\\/\"},{\"@type\":\"ListItem\",\"position\":3,\"name\":\"Sorter I Tyskland\"}]},{\"@type\":\"WebSite\",\"@id\":\"https:\\\/\\\/www.myllymaenperuna.fi\\\/#website\",\"url\":\"https:\\\/\\\/www.myllymaenperuna.fi\\\/\",\"name\":\"Myllym\u00e4en Peruna\",\"description\":\"\",\"publisher\":{\"@id\":\"https:\\\/\\\/www.myllymaenperuna.fi\\\/#organization\"},\"potentialAction\":[{\"@type\":\"SearchAction\",\"target\":{\"@type\":\"EntryPoint\",\"urlTemplate\":\"https:\\\/\\\/www.myllymaenperuna.fi\\\/?s={search_term_string}\"},\"query-input\":{\"@type\":\"PropertyValueSpecification\",\"valueRequired\":true,\"valueName\":\"search_term_string\"}}],\"inLanguage\":\"sv-SE\"},{\"@type\":\"Organization\",\"@id\":\"https:\\\/\\\/www.myllymaenperuna.fi\\\/#organization\",\"name\":\"Myllym\u00e4en Peruna Oy\",\"url\":\"https:\\\/\\\/www.myllymaenperuna.fi\\\/\",\"logo\":{\"@type\":\"ImageObject\",\"inLanguage\":\"sv-SE\",\"@id\":\"https:\\\/\\\/www.myllymaenperuna.fi\\\/#\\\/schema\\\/logo\\\/image\\\/\",\"url\":\"https:\\\/\\\/www.myllymaenperuna.fi\\\/wp-content\\\/uploads\\\/2020\\\/11\\\/cropped-12047055_1707372999492603_8916973196134046991_n.jpg\",\"contentUrl\":\"https:\\\/\\\/www.myllymaenperuna.fi\\\/wp-content\\\/uploads\\\/2020\\\/11\\\/cropped-12047055_1707372999492603_8916973196134046991_n.jpg\",\"width\":760,\"height\":700,\"caption\":\"Myllym\u00e4en Peruna Oy\"},\"image\":{\"@id\":\"https:\\\/\\\/www.myllymaenperuna.fi\\\/#\\\/schema\\\/logo\\\/image\\\/\"}}]}<\/script>\n<!-- \/ Yoast SEO plugin. -->","yoast_head_json":{"title":"Sorter I Tyskland -","robots":{"index":"index","follow":"follow","max-snippet":"max-snippet:-1","max-image-preview":"max-image-preview:large","max-video-preview":"max-video-preview:-1"},"canonical":"https:\/\/www.myllymaenperuna.fi\/sv\/potatis-info\/sorter-i-tyskland\/","og_locale":"sv_SE","og_type":"article","og_title":"Sorter I Tyskland -","og_description":"Potatissorter som godk\u00e4nts f\u00f6r certifiering av uts\u00e4desproduktionsomr\u00e5den i Tyskland hektar under 2019. Ing\u00e5r i E-klass och en klass A-produktionsomr\u00e5den. Sorter hade over 300 stycken av uts\u00e4desproduktionen i Tyskland! I denna del av statistiken. Certifierad uts\u00e4despotatis hektar 2019: 1. Belana\u00a0\u00a0\u00a0\u00a0\u00a0\u00a0 \u00a0 \u00a0 \u00a0 \u00a0 780 ha matpotatis2. Agria\u00a0\u00a0\u00a0\u00a0\u00a0\u00a0\u00a0\u00a0\u00a0\u00a0\u00a0\u00a0\u00a0\u00a0\u00a0\u00a0\u00a0 638 ha pommes frites3. Gala \u00a0 \u00a0 \u00a0 [&hellip;]","og_url":"https:\/\/www.myllymaenperuna.fi\/sv\/potatis-info\/sorter-i-tyskland\/","article_modified_time":"2021-03-07T14:42:00+00:00","twitter_card":"summary_large_image","twitter_misc":{"Ber\u00e4knad l\u00e4stid":"1 minut"},"schema":{"@context":"https:\/\/schema.org","@graph":[{"@type":"WebPage","@id":"https:\/\/www.myllymaenperuna.fi\/sv\/potatis-info\/sorter-i-tyskland\/","url":"https:\/\/www.myllymaenperuna.fi\/sv\/potatis-info\/sorter-i-tyskland\/","name":"Sorter I Tyskland -","isPartOf":{"@id":"https:\/\/www.myllymaenperuna.fi\/#website"},"datePublished":"2020-11-26T07:58:26+00:00","dateModified":"2021-03-07T14:42:00+00:00","breadcrumb":{"@id":"https:\/\/www.myllymaenperuna.fi\/sv\/potatis-info\/sorter-i-tyskland\/#breadcrumb"},"inLanguage":"sv-SE","potentialAction":[{"@type":"ReadAction","target":["https:\/\/www.myllymaenperuna.fi\/sv\/potatis-info\/sorter-i-tyskland\/"]}]},{"@type":"BreadcrumbList","@id":"https:\/\/www.myllymaenperuna.fi\/sv\/potatis-info\/sorter-i-tyskland\/#breadcrumb","itemListElement":[{"@type":"ListItem","position":1,"name":"Etusivu","item":"https:\/\/www.myllymaenperuna.fi\/sv\/utsadespotatis-nya-tillvaxt-potatis\/"},{"@type":"ListItem","position":2,"name":"Potatis Info","item":"https:\/\/www.myllymaenperuna.fi\/sv\/potatis-info\/"},{"@type":"ListItem","position":3,"name":"Sorter I Tyskland"}]},{"@type":"WebSite","@id":"https:\/\/www.myllymaenperuna.fi\/#website","url":"https:\/\/www.myllymaenperuna.fi\/","name":"Myllym\u00e4en Peruna","description":"","publisher":{"@id":"https:\/\/www.myllymaenperuna.fi\/#organization"},"potentialAction":[{"@type":"SearchAction","target":{"@type":"EntryPoint","urlTemplate":"https:\/\/www.myllymaenperuna.fi\/?s={search_term_string}"},"query-input":{"@type":"PropertyValueSpecification","valueRequired":true,"valueName":"search_term_string"}}],"inLanguage":"sv-SE"},{"@type":"Organization","@id":"https:\/\/www.myllymaenperuna.fi\/#organization","name":"Myllym\u00e4en Peruna Oy","url":"https:\/\/www.myllymaenperuna.fi\/","logo":{"@type":"ImageObject","inLanguage":"sv-SE","@id":"https:\/\/www.myllymaenperuna.fi\/#\/schema\/logo\/image\/","url":"https:\/\/www.myllymaenperuna.fi\/wp-content\/uploads\/2020\/11\/cropped-12047055_1707372999492603_8916973196134046991_n.jpg","contentUrl":"https:\/\/www.myllymaenperuna.fi\/wp-content\/uploads\/2020\/11\/cropped-12047055_1707372999492603_8916973196134046991_n.jpg","width":760,"height":700,"caption":"Myllym\u00e4en Peruna Oy"},"image":{"@id":"https:\/\/www.myllymaenperuna.fi\/#\/schema\/logo\/image\/"}}]}},"featured_image_src":null,"featured_image_src_square":null,"_links":{"self":[{"href":"https:\/\/www.myllymaenperuna.fi\/sv\/wp-json\/wp\/v2\/pages\/1257","targetHints":{"allow":["GET"]}}],"collection":[{"href":"https:\/\/www.myllymaenperuna.fi\/sv\/wp-json\/wp\/v2\/pages"}],"about":[{"href":"https:\/\/www.myllymaenperuna.fi\/sv\/wp-json\/wp\/v2\/types\/page"}],"author":[{"embeddable":true,"href":"https:\/\/www.myllymaenperuna.fi\/sv\/wp-json\/wp\/v2\/users\/2"}],"replies":[{"embeddable":true,"href":"https:\/\/www.myllymaenperuna.fi\/sv\/wp-json\/wp\/v2\/comments?post=1257"}],"version-history":[{"count":6,"href":"https:\/\/www.myllymaenperuna.fi\/sv\/wp-json\/wp\/v2\/pages\/1257\/revisions"}],"predecessor-version":[{"id":1787,"href":"https:\/\/www.myllymaenperuna.fi\/sv\/wp-json\/wp\/v2\/pages\/1257\/revisions\/1787"}],"up":[{"embeddable":true,"href":"https:\/\/www.myllymaenperuna.fi\/sv\/wp-json\/wp\/v2\/pages\/958"}],"wp:attachment":[{"href":"https:\/\/www.myllymaenperuna.fi\/sv\/wp-json\/wp\/v2\/media?parent=1257"}],"curies":[{"name":"wp","href":"https:\/\/api.w.org\/{rel}","templated":true}]}}