{"id":1260,"date":"2020-11-26T10:07:46","date_gmt":"2020-11-26T08:07:46","guid":{"rendered":"https:\/\/pottu.iwn.co\/potatis-info\/linkit\/"},"modified":"2021-09-26T10:59:31","modified_gmt":"2021-09-26T07:59:31","slug":"lankar","status":"publish","type":"page","link":"https:\/\/www.myllymaenperuna.fi\/sv\/potatis-info\/lankar\/","title":{"rendered":"L\u00e4nkar"},"content":{"rendered":"\n<h5 class=\"wp-block-heading\"><strong>Potatissektor websidorna<\/strong><\/h5>\n\n\n\n<p>&#8211; <strong>Tyska uppf\u00f6dare uts\u00e4de av v\u00e5ra sorter<\/strong> <a href=\"http:\/\/www.norika.de\">www.norika.biz<\/a><\/p>\n\n\n\n<p> &#8211;<strong> Irl\u00e4ndska uppf\u00f6dare uts\u00e4de av v\u00e5ra sorter <\/strong><a href=\"http:\/\/www.ipmpotato.com\" data-type=\"URL\" data-id=\"http:\/\/www.ipmpotato.com\">www.ipmpotato.com<\/a><\/p>\n\n\n\n<p>&#8211; <strong>Potatis Research Institute<\/strong> <a href=\"http:\/\/www.petla.fi\">www.petla.fi<\/a><\/p>\n\n\n\n<p>&#8211; <strong>PAYR<\/strong> <a href=\"https:\/\/www.perunasta.fi\">www.perunasta.fi<\/a><\/p>\n\n\n\n<p>&#8211;<strong> Potatis v\u00e4xtskydd<\/strong> <a href=\"https:\/\/www.ruokavirasto.fi\/sv\/\">www.ruokavirasto.fi<\/a><\/p>\n\n\n\n<p>&#8211; <strong>Grimme potatis maskiner<\/strong> <a href=\"https:\/\/www.grimme.dk\/se\/hem\">www.grimme.dk\/se\/hem<\/a><\/p>\n\n\n\n<p>&#8211; <strong>Grimme underh\u00e5ll<\/strong> <a href=\"http:\/\/www.grservice.fi\/sv\/\">www.grservice.fi<\/a><\/p>\n\n\n\n<p>&#8211; <strong>Dewulf, Miedema potatis maskiner<\/strong> <a href=\"http:\/\/www.avagro.fi\">www.avagro.fi<\/a><\/p>\n\n\n\n<p>&#8211; <strong>AVR potatis maskiner<\/strong> <a href=\"http:\/\/www.farmers.fi\">www.farmers.fi<\/a><\/p>\n\n\n\n<p>&#8211; <strong>Ropa potatis maskiner och potatis maskiner reservdelar<\/strong> <a href=\"http:\/\/www.pekomat.fi\/\">www.pekomat.fi<\/a><\/p>\n\n\n\n<p>&#8211; <strong>Potatis behandling maskiner<\/strong> <a href=\"https:\/\/www.konva-center.com\/\">www.konva-center.com<\/a><\/p>\n\n\n\n<p>&#8211; <strong>Potatis behandling maskiner<\/strong>&nbsp; <a href=\"https:\/\/tekoa.fi\/\">www.tekoa.fi<\/a> <\/p>\n\n\n\n<p><strong>&#8211; Maskiner f\u00f6r lagring av potatis<\/strong> <a href=\"http:\/\/www.konekanta.com\/\">www.konekanta.com<\/a><\/p>\n\n\n\n<p><\/p>\n","protected":false},"excerpt":{"rendered":"<p>Potatissektor websidorna &#8211; Tyska uppf\u00f6dare uts\u00e4de av v\u00e5ra sorter www.norika.biz &#8211; Irl\u00e4ndska uppf\u00f6dare uts\u00e4de av v\u00e5ra sorter www.ipmpotato.com &#8211; Potatis Research Institute www.petla.fi &#8211; PAYR www.perunasta.fi &#8211; Potatis v\u00e4xtskydd www.ruokavirasto.fi &#8211; Grimme potatis maskiner www.grimme.dk\/se\/hem &#8211; Grimme underh\u00e5ll www.grservice.fi &#8211; Dewulf, Miedema potatis maskiner www.avagro.fi &#8211; AVR potatis maskiner www.farmers.fi &#8211; Ropa potatis maskiner och [&hellip;]<\/p>\n","protected":false},"author":2,"featured_media":0,"parent":958,"menu_order":0,"comment_status":"closed","ping_status":"closed","template":"","meta":{"_genesis_hide_title":false,"_genesis_hide_breadcrumbs":false,"_genesis_hide_singular_image":false,"_genesis_hide_footer_widgets":false,"_genesis_custom_body_class":"","_genesis_custom_post_class":"","_genesis_layout":"","footnotes":""},"class_list":{"0":"post-1260","1":"page","2":"type-page","3":"status-publish","5":"entry"},"yoast_head":"<!-- This site is optimized with the Yoast SEO plugin v27.5 - https:\/\/yoast.com\/product\/yoast-seo-wordpress\/ -->\n<title>L\u00e4nkar -<\/title>\n<meta name=\"robots\" content=\"index, follow, max-snippet:-1, max-image-preview:large, max-video-preview:-1\" \/>\n<link rel=\"canonical\" href=\"https:\/\/www.myllymaenperuna.fi\/sv\/potatis-info\/lankar\/\" \/>\n<meta property=\"og:locale\" content=\"sv_SE\" \/>\n<meta property=\"og:type\" content=\"article\" \/>\n<meta property=\"og:title\" content=\"L\u00e4nkar -\" \/>\n<meta property=\"og:description\" content=\"Potatissektor websidorna &#8211; Tyska uppf\u00f6dare uts\u00e4de av v\u00e5ra sorter www.norika.biz &#8211; Irl\u00e4ndska uppf\u00f6dare uts\u00e4de av v\u00e5ra sorter www.ipmpotato.com &#8211; Potatis Research Institute www.petla.fi &#8211; PAYR www.perunasta.fi &#8211; Potatis v\u00e4xtskydd www.ruokavirasto.fi &#8211; Grimme potatis maskiner www.grimme.dk\/se\/hem &#8211; Grimme underh\u00e5ll www.grservice.fi &#8211; Dewulf, Miedema potatis maskiner www.avagro.fi &#8211; AVR potatis maskiner www.farmers.fi &#8211; Ropa potatis maskiner och [&hellip;]\" \/>\n<meta property=\"og:url\" content=\"https:\/\/www.myllymaenperuna.fi\/sv\/potatis-info\/lankar\/\" \/>\n<meta property=\"article:modified_time\" content=\"2021-09-26T07:59:31+00:00\" \/>\n<meta name=\"twitter:card\" content=\"summary_large_image\" \/>\n<meta name=\"twitter:label1\" content=\"Ber\u00e4knad l\u00e4stid\" \/>\n\t<meta name=\"twitter:data1\" content=\"1 minut\" \/>\n<script type=\"application\/ld+json\" class=\"yoast-schema-graph\">{\"@context\":\"https:\\\/\\\/schema.org\",\"@graph\":[{\"@type\":\"WebPage\",\"@id\":\"https:\\\/\\\/www.myllymaenperuna.fi\\\/sv\\\/potatis-info\\\/lankar\\\/\",\"url\":\"https:\\\/\\\/www.myllymaenperuna.fi\\\/sv\\\/potatis-info\\\/lankar\\\/\",\"name\":\"L\u00e4nkar -\",\"isPartOf\":{\"@id\":\"https:\\\/\\\/www.myllymaenperuna.fi\\\/#website\"},\"datePublished\":\"2020-11-26T08:07:46+00:00\",\"dateModified\":\"2021-09-26T07:59:31+00:00\",\"breadcrumb\":{\"@id\":\"https:\\\/\\\/www.myllymaenperuna.fi\\\/sv\\\/potatis-info\\\/lankar\\\/#breadcrumb\"},\"inLanguage\":\"sv-SE\",\"potentialAction\":[{\"@type\":\"ReadAction\",\"target\":[\"https:\\\/\\\/www.myllymaenperuna.fi\\\/sv\\\/potatis-info\\\/lankar\\\/\"]}]},{\"@type\":\"BreadcrumbList\",\"@id\":\"https:\\\/\\\/www.myllymaenperuna.fi\\\/sv\\\/potatis-info\\\/lankar\\\/#breadcrumb\",\"itemListElement\":[{\"@type\":\"ListItem\",\"position\":1,\"name\":\"Etusivu\",\"item\":\"https:\\\/\\\/www.myllymaenperuna.fi\\\/sv\\\/utsadespotatis-nya-tillvaxt-potatis\\\/\"},{\"@type\":\"ListItem\",\"position\":2,\"name\":\"Potatis Info\",\"item\":\"https:\\\/\\\/www.myllymaenperuna.fi\\\/sv\\\/potatis-info\\\/\"},{\"@type\":\"ListItem\",\"position\":3,\"name\":\"L\u00e4nkar\"}]},{\"@type\":\"WebSite\",\"@id\":\"https:\\\/\\\/www.myllymaenperuna.fi\\\/#website\",\"url\":\"https:\\\/\\\/www.myllymaenperuna.fi\\\/\",\"name\":\"Myllym\u00e4en Peruna\",\"description\":\"\",\"publisher\":{\"@id\":\"https:\\\/\\\/www.myllymaenperuna.fi\\\/#organization\"},\"potentialAction\":[{\"@type\":\"SearchAction\",\"target\":{\"@type\":\"EntryPoint\",\"urlTemplate\":\"https:\\\/\\\/www.myllymaenperuna.fi\\\/?s={search_term_string}\"},\"query-input\":{\"@type\":\"PropertyValueSpecification\",\"valueRequired\":true,\"valueName\":\"search_term_string\"}}],\"inLanguage\":\"sv-SE\"},{\"@type\":\"Organization\",\"@id\":\"https:\\\/\\\/www.myllymaenperuna.fi\\\/#organization\",\"name\":\"Myllym\u00e4en Peruna Oy\",\"url\":\"https:\\\/\\\/www.myllymaenperuna.fi\\\/\",\"logo\":{\"@type\":\"ImageObject\",\"inLanguage\":\"sv-SE\",\"@id\":\"https:\\\/\\\/www.myllymaenperuna.fi\\\/#\\\/schema\\\/logo\\\/image\\\/\",\"url\":\"https:\\\/\\\/www.myllymaenperuna.fi\\\/wp-content\\\/uploads\\\/2020\\\/11\\\/cropped-12047055_1707372999492603_8916973196134046991_n.jpg\",\"contentUrl\":\"https:\\\/\\\/www.myllymaenperuna.fi\\\/wp-content\\\/uploads\\\/2020\\\/11\\\/cropped-12047055_1707372999492603_8916973196134046991_n.jpg\",\"width\":760,\"height\":700,\"caption\":\"Myllym\u00e4en Peruna Oy\"},\"image\":{\"@id\":\"https:\\\/\\\/www.myllymaenperuna.fi\\\/#\\\/schema\\\/logo\\\/image\\\/\"}}]}<\/script>\n<!-- \/ Yoast SEO plugin. -->","yoast_head_json":{"title":"L\u00e4nkar -","robots":{"index":"index","follow":"follow","max-snippet":"max-snippet:-1","max-image-preview":"max-image-preview:large","max-video-preview":"max-video-preview:-1"},"canonical":"https:\/\/www.myllymaenperuna.fi\/sv\/potatis-info\/lankar\/","og_locale":"sv_SE","og_type":"article","og_title":"L\u00e4nkar -","og_description":"Potatissektor websidorna &#8211; Tyska uppf\u00f6dare uts\u00e4de av v\u00e5ra sorter www.norika.biz &#8211; Irl\u00e4ndska uppf\u00f6dare uts\u00e4de av v\u00e5ra sorter www.ipmpotato.com &#8211; Potatis Research Institute www.petla.fi &#8211; PAYR www.perunasta.fi &#8211; Potatis v\u00e4xtskydd www.ruokavirasto.fi &#8211; Grimme potatis maskiner www.grimme.dk\/se\/hem &#8211; Grimme underh\u00e5ll www.grservice.fi &#8211; Dewulf, Miedema potatis maskiner www.avagro.fi &#8211; AVR potatis maskiner www.farmers.fi &#8211; Ropa potatis maskiner och [&hellip;]","og_url":"https:\/\/www.myllymaenperuna.fi\/sv\/potatis-info\/lankar\/","article_modified_time":"2021-09-26T07:59:31+00:00","twitter_card":"summary_large_image","twitter_misc":{"Ber\u00e4knad l\u00e4stid":"1 minut"},"schema":{"@context":"https:\/\/schema.org","@graph":[{"@type":"WebPage","@id":"https:\/\/www.myllymaenperuna.fi\/sv\/potatis-info\/lankar\/","url":"https:\/\/www.myllymaenperuna.fi\/sv\/potatis-info\/lankar\/","name":"L\u00e4nkar -","isPartOf":{"@id":"https:\/\/www.myllymaenperuna.fi\/#website"},"datePublished":"2020-11-26T08:07:46+00:00","dateModified":"2021-09-26T07:59:31+00:00","breadcrumb":{"@id":"https:\/\/www.myllymaenperuna.fi\/sv\/potatis-info\/lankar\/#breadcrumb"},"inLanguage":"sv-SE","potentialAction":[{"@type":"ReadAction","target":["https:\/\/www.myllymaenperuna.fi\/sv\/potatis-info\/lankar\/"]}]},{"@type":"BreadcrumbList","@id":"https:\/\/www.myllymaenperuna.fi\/sv\/potatis-info\/lankar\/#breadcrumb","itemListElement":[{"@type":"ListItem","position":1,"name":"Etusivu","item":"https:\/\/www.myllymaenperuna.fi\/sv\/utsadespotatis-nya-tillvaxt-potatis\/"},{"@type":"ListItem","position":2,"name":"Potatis Info","item":"https:\/\/www.myllymaenperuna.fi\/sv\/potatis-info\/"},{"@type":"ListItem","position":3,"name":"L\u00e4nkar"}]},{"@type":"WebSite","@id":"https:\/\/www.myllymaenperuna.fi\/#website","url":"https:\/\/www.myllymaenperuna.fi\/","name":"Myllym\u00e4en Peruna","description":"","publisher":{"@id":"https:\/\/www.myllymaenperuna.fi\/#organization"},"potentialAction":[{"@type":"SearchAction","target":{"@type":"EntryPoint","urlTemplate":"https:\/\/www.myllymaenperuna.fi\/?s={search_term_string}"},"query-input":{"@type":"PropertyValueSpecification","valueRequired":true,"valueName":"search_term_string"}}],"inLanguage":"sv-SE"},{"@type":"Organization","@id":"https:\/\/www.myllymaenperuna.fi\/#organization","name":"Myllym\u00e4en Peruna Oy","url":"https:\/\/www.myllymaenperuna.fi\/","logo":{"@type":"ImageObject","inLanguage":"sv-SE","@id":"https:\/\/www.myllymaenperuna.fi\/#\/schema\/logo\/image\/","url":"https:\/\/www.myllymaenperuna.fi\/wp-content\/uploads\/2020\/11\/cropped-12047055_1707372999492603_8916973196134046991_n.jpg","contentUrl":"https:\/\/www.myllymaenperuna.fi\/wp-content\/uploads\/2020\/11\/cropped-12047055_1707372999492603_8916973196134046991_n.jpg","width":760,"height":700,"caption":"Myllym\u00e4en Peruna Oy"},"image":{"@id":"https:\/\/www.myllymaenperuna.fi\/#\/schema\/logo\/image\/"}}]}},"featured_image_src":null,"featured_image_src_square":null,"_links":{"self":[{"href":"https:\/\/www.myllymaenperuna.fi\/sv\/wp-json\/wp\/v2\/pages\/1260","targetHints":{"allow":["GET"]}}],"collection":[{"href":"https:\/\/www.myllymaenperuna.fi\/sv\/wp-json\/wp\/v2\/pages"}],"about":[{"href":"https:\/\/www.myllymaenperuna.fi\/sv\/wp-json\/wp\/v2\/types\/page"}],"author":[{"embeddable":true,"href":"https:\/\/www.myllymaenperuna.fi\/sv\/wp-json\/wp\/v2\/users\/2"}],"replies":[{"embeddable":true,"href":"https:\/\/www.myllymaenperuna.fi\/sv\/wp-json\/wp\/v2\/comments?post=1260"}],"version-history":[{"count":11,"href":"https:\/\/www.myllymaenperuna.fi\/sv\/wp-json\/wp\/v2\/pages\/1260\/revisions"}],"predecessor-version":[{"id":1988,"href":"https:\/\/www.myllymaenperuna.fi\/sv\/wp-json\/wp\/v2\/pages\/1260\/revisions\/1988"}],"up":[{"embeddable":true,"href":"https:\/\/www.myllymaenperuna.fi\/sv\/wp-json\/wp\/v2\/pages\/958"}],"wp:attachment":[{"href":"https:\/\/www.myllymaenperuna.fi\/sv\/wp-json\/wp\/v2\/media?parent=1260"}],"curies":[{"name":"wp","href":"https:\/\/api.w.org\/{rel}","templated":true}]}}