{"id":1273,"date":"2020-10-23T15:56:44","date_gmt":"2020-10-23T12:56:44","guid":{"rendered":"https:\/\/pottu.iwn.co\/kuluttajalle\/"},"modified":"2021-01-27T08:39:43","modified_gmt":"2021-01-27T06:39:43","slug":"konsumenter","status":"publish","type":"page","link":"https:\/\/www.myllymaenperuna.fi\/sv\/konsumenter\/","title":{"rendered":"Konsumenter"},"content":{"rendered":"\n<p id=\"page-title\"><strong>V\u00e4lj sorter beroende p\u00e5 anv\u00e4ndning handel<\/strong><\/p>\n\n\n\n<p>Jordbrukare och handel kommer att hj\u00e4lpa konsumenten att lagra de tydligaste f\u00e4rgkodade potatis paket:<\/p>\n\n\n\n<p>GR\u00d6N F\u00c4RG = fast sort (kokt potatis, sallader, soppor och l\u00e5dor)<\/p>\n\n\n\n<p>GUL F\u00c4RG = universal, allm\u00e4n sort (kokt potatis, l\u00e5dor, klyftpotatis, bakad potatis och potatismos)<\/p>\n\n\n\n<p>R\u00d6D F\u00c4RG = mj\u00f6lig sorter (potatismos, bakad potatis och br\u00f6d)<\/p>\n\n\n\n<p><\/p>\n","protected":false},"excerpt":{"rendered":"<p>V\u00e4lj sorter beroende p\u00e5 anv\u00e4ndning handel Jordbrukare och handel kommer att hj\u00e4lpa konsumenten att lagra de tydligaste f\u00e4rgkodade potatis paket: GR\u00d6N F\u00c4RG = fast sort (kokt potatis, sallader, soppor och l\u00e5dor) GUL F\u00c4RG = universal, allm\u00e4n sort (kokt potatis, l\u00e5dor, klyftpotatis, bakad potatis och potatismos) R\u00d6D F\u00c4RG = mj\u00f6lig sorter (potatismos, bakad potatis och br\u00f6d)<\/p>\n","protected":false},"author":2,"featured_media":0,"parent":0,"menu_order":0,"comment_status":"closed","ping_status":"closed","template":"","meta":{"_genesis_hide_title":false,"_genesis_hide_breadcrumbs":false,"_genesis_hide_singular_image":false,"_genesis_hide_footer_widgets":false,"_genesis_custom_body_class":"","_genesis_custom_post_class":"","_genesis_layout":"","footnotes":""},"class_list":{"0":"post-1273","1":"page","2":"type-page","3":"status-publish","5":"entry"},"yoast_head":"<!-- This site is optimized with the Yoast SEO plugin v27.6 - https:\/\/yoast.com\/product\/yoast-seo-wordpress\/ -->\n<title>Konsumenter -<\/title>\n<meta name=\"robots\" content=\"index, follow, max-snippet:-1, max-image-preview:large, max-video-preview:-1\" \/>\n<link rel=\"canonical\" href=\"https:\/\/www.myllymaenperuna.fi\/sv\/konsumenter\/\" \/>\n<meta property=\"og:locale\" content=\"sv_SE\" \/>\n<meta property=\"og:type\" content=\"article\" \/>\n<meta property=\"og:title\" content=\"Konsumenter -\" \/>\n<meta property=\"og:description\" content=\"V\u00e4lj sorter beroende p\u00e5 anv\u00e4ndning handel Jordbrukare och handel kommer att hj\u00e4lpa konsumenten att lagra de tydligaste f\u00e4rgkodade potatis paket: GR\u00d6N F\u00c4RG = fast sort (kokt potatis, sallader, soppor och l\u00e5dor) GUL F\u00c4RG = universal, allm\u00e4n sort (kokt potatis, l\u00e5dor, klyftpotatis, bakad potatis och potatismos) R\u00d6D F\u00c4RG = mj\u00f6lig sorter (potatismos, bakad potatis och br\u00f6d)\" \/>\n<meta property=\"og:url\" content=\"https:\/\/www.myllymaenperuna.fi\/sv\/konsumenter\/\" \/>\n<meta property=\"article:modified_time\" content=\"2021-01-27T06:39:43+00:00\" \/>\n<meta name=\"twitter:card\" content=\"summary_large_image\" \/>\n<script type=\"application\/ld+json\" class=\"yoast-schema-graph\">{\"@context\":\"https:\\\/\\\/schema.org\",\"@graph\":[{\"@type\":\"WebPage\",\"@id\":\"https:\\\/\\\/www.myllymaenperuna.fi\\\/sv\\\/konsumenter\\\/\",\"url\":\"https:\\\/\\\/www.myllymaenperuna.fi\\\/sv\\\/konsumenter\\\/\",\"name\":\"Konsumenter -\",\"isPartOf\":{\"@id\":\"https:\\\/\\\/www.myllymaenperuna.fi\\\/#website\"},\"datePublished\":\"2020-10-23T12:56:44+00:00\",\"dateModified\":\"2021-01-27T06:39:43+00:00\",\"breadcrumb\":{\"@id\":\"https:\\\/\\\/www.myllymaenperuna.fi\\\/sv\\\/konsumenter\\\/#breadcrumb\"},\"inLanguage\":\"sv-SE\",\"potentialAction\":[{\"@type\":\"ReadAction\",\"target\":[\"https:\\\/\\\/www.myllymaenperuna.fi\\\/sv\\\/konsumenter\\\/\"]}]},{\"@type\":\"BreadcrumbList\",\"@id\":\"https:\\\/\\\/www.myllymaenperuna.fi\\\/sv\\\/konsumenter\\\/#breadcrumb\",\"itemListElement\":[{\"@type\":\"ListItem\",\"position\":1,\"name\":\"Etusivu\",\"item\":\"https:\\\/\\\/www.myllymaenperuna.fi\\\/sv\\\/utsadespotatis-nya-tillvaxt-potatis\\\/\"},{\"@type\":\"ListItem\",\"position\":2,\"name\":\"Konsumenter\"}]},{\"@type\":\"WebSite\",\"@id\":\"https:\\\/\\\/www.myllymaenperuna.fi\\\/#website\",\"url\":\"https:\\\/\\\/www.myllymaenperuna.fi\\\/\",\"name\":\"Myllym\u00e4en Peruna\",\"description\":\"\",\"publisher\":{\"@id\":\"https:\\\/\\\/www.myllymaenperuna.fi\\\/#organization\"},\"potentialAction\":[{\"@type\":\"SearchAction\",\"target\":{\"@type\":\"EntryPoint\",\"urlTemplate\":\"https:\\\/\\\/www.myllymaenperuna.fi\\\/?s={search_term_string}\"},\"query-input\":{\"@type\":\"PropertyValueSpecification\",\"valueRequired\":true,\"valueName\":\"search_term_string\"}}],\"inLanguage\":\"sv-SE\"},{\"@type\":\"Organization\",\"@id\":\"https:\\\/\\\/www.myllymaenperuna.fi\\\/#organization\",\"name\":\"Myllym\u00e4en Peruna Oy\",\"url\":\"https:\\\/\\\/www.myllymaenperuna.fi\\\/\",\"logo\":{\"@type\":\"ImageObject\",\"inLanguage\":\"sv-SE\",\"@id\":\"https:\\\/\\\/www.myllymaenperuna.fi\\\/#\\\/schema\\\/logo\\\/image\\\/\",\"url\":\"https:\\\/\\\/www.myllymaenperuna.fi\\\/wp-content\\\/uploads\\\/2020\\\/11\\\/cropped-12047055_1707372999492603_8916973196134046991_n.jpg\",\"contentUrl\":\"https:\\\/\\\/www.myllymaenperuna.fi\\\/wp-content\\\/uploads\\\/2020\\\/11\\\/cropped-12047055_1707372999492603_8916973196134046991_n.jpg\",\"width\":760,\"height\":700,\"caption\":\"Myllym\u00e4en Peruna Oy\"},\"image\":{\"@id\":\"https:\\\/\\\/www.myllymaenperuna.fi\\\/#\\\/schema\\\/logo\\\/image\\\/\"}}]}<\/script>\n<!-- \/ Yoast SEO plugin. -->","yoast_head_json":{"title":"Konsumenter -","robots":{"index":"index","follow":"follow","max-snippet":"max-snippet:-1","max-image-preview":"max-image-preview:large","max-video-preview":"max-video-preview:-1"},"canonical":"https:\/\/www.myllymaenperuna.fi\/sv\/konsumenter\/","og_locale":"sv_SE","og_type":"article","og_title":"Konsumenter -","og_description":"V\u00e4lj sorter beroende p\u00e5 anv\u00e4ndning handel Jordbrukare och handel kommer att hj\u00e4lpa konsumenten att lagra de tydligaste f\u00e4rgkodade potatis paket: GR\u00d6N F\u00c4RG = fast sort (kokt potatis, sallader, soppor och l\u00e5dor) GUL F\u00c4RG = universal, allm\u00e4n sort (kokt potatis, l\u00e5dor, klyftpotatis, bakad potatis och potatismos) R\u00d6D F\u00c4RG = mj\u00f6lig sorter (potatismos, bakad potatis och br\u00f6d)","og_url":"https:\/\/www.myllymaenperuna.fi\/sv\/konsumenter\/","article_modified_time":"2021-01-27T06:39:43+00:00","twitter_card":"summary_large_image","schema":{"@context":"https:\/\/schema.org","@graph":[{"@type":"WebPage","@id":"https:\/\/www.myllymaenperuna.fi\/sv\/konsumenter\/","url":"https:\/\/www.myllymaenperuna.fi\/sv\/konsumenter\/","name":"Konsumenter -","isPartOf":{"@id":"https:\/\/www.myllymaenperuna.fi\/#website"},"datePublished":"2020-10-23T12:56:44+00:00","dateModified":"2021-01-27T06:39:43+00:00","breadcrumb":{"@id":"https:\/\/www.myllymaenperuna.fi\/sv\/konsumenter\/#breadcrumb"},"inLanguage":"sv-SE","potentialAction":[{"@type":"ReadAction","target":["https:\/\/www.myllymaenperuna.fi\/sv\/konsumenter\/"]}]},{"@type":"BreadcrumbList","@id":"https:\/\/www.myllymaenperuna.fi\/sv\/konsumenter\/#breadcrumb","itemListElement":[{"@type":"ListItem","position":1,"name":"Etusivu","item":"https:\/\/www.myllymaenperuna.fi\/sv\/utsadespotatis-nya-tillvaxt-potatis\/"},{"@type":"ListItem","position":2,"name":"Konsumenter"}]},{"@type":"WebSite","@id":"https:\/\/www.myllymaenperuna.fi\/#website","url":"https:\/\/www.myllymaenperuna.fi\/","name":"Myllym\u00e4en Peruna","description":"","publisher":{"@id":"https:\/\/www.myllymaenperuna.fi\/#organization"},"potentialAction":[{"@type":"SearchAction","target":{"@type":"EntryPoint","urlTemplate":"https:\/\/www.myllymaenperuna.fi\/?s={search_term_string}"},"query-input":{"@type":"PropertyValueSpecification","valueRequired":true,"valueName":"search_term_string"}}],"inLanguage":"sv-SE"},{"@type":"Organization","@id":"https:\/\/www.myllymaenperuna.fi\/#organization","name":"Myllym\u00e4en Peruna Oy","url":"https:\/\/www.myllymaenperuna.fi\/","logo":{"@type":"ImageObject","inLanguage":"sv-SE","@id":"https:\/\/www.myllymaenperuna.fi\/#\/schema\/logo\/image\/","url":"https:\/\/www.myllymaenperuna.fi\/wp-content\/uploads\/2020\/11\/cropped-12047055_1707372999492603_8916973196134046991_n.jpg","contentUrl":"https:\/\/www.myllymaenperuna.fi\/wp-content\/uploads\/2020\/11\/cropped-12047055_1707372999492603_8916973196134046991_n.jpg","width":760,"height":700,"caption":"Myllym\u00e4en Peruna Oy"},"image":{"@id":"https:\/\/www.myllymaenperuna.fi\/#\/schema\/logo\/image\/"}}]}},"featured_image_src":null,"featured_image_src_square":null,"_links":{"self":[{"href":"https:\/\/www.myllymaenperuna.fi\/sv\/wp-json\/wp\/v2\/pages\/1273","targetHints":{"allow":["GET"]}}],"collection":[{"href":"https:\/\/www.myllymaenperuna.fi\/sv\/wp-json\/wp\/v2\/pages"}],"about":[{"href":"https:\/\/www.myllymaenperuna.fi\/sv\/wp-json\/wp\/v2\/types\/page"}],"author":[{"embeddable":true,"href":"https:\/\/www.myllymaenperuna.fi\/sv\/wp-json\/wp\/v2\/users\/2"}],"replies":[{"embeddable":true,"href":"https:\/\/www.myllymaenperuna.fi\/sv\/wp-json\/wp\/v2\/comments?post=1273"}],"version-history":[{"count":6,"href":"https:\/\/www.myllymaenperuna.fi\/sv\/wp-json\/wp\/v2\/pages\/1273\/revisions"}],"predecessor-version":[{"id":1525,"href":"https:\/\/www.myllymaenperuna.fi\/sv\/wp-json\/wp\/v2\/pages\/1273\/revisions\/1525"}],"wp:attachment":[{"href":"https:\/\/www.myllymaenperuna.fi\/sv\/wp-json\/wp\/v2\/media?parent=1273"}],"curies":[{"name":"wp","href":"https:\/\/api.w.org\/{rel}","templated":true}]}}