{"id":1334,"date":"2020-12-22T09:50:48","date_gmt":"2020-12-22T07:50:48","guid":{"rendered":"https:\/\/pottu.iwn.co\/hinnasto\/"},"modified":"2026-03-06T18:13:23","modified_gmt":"2026-03-06T16:13:23","slug":"prislista","status":"publish","type":"page","link":"https:\/\/www.myllymaenperuna.fi\/sv\/prislista\/","title":{"rendered":"Prislista"},"content":{"rendered":"\n<h2 class=\"wp-block-heading\">Priser f\u00f6r uts\u00e4despotatis fr\u00e5n 1.1.2026. Certifierad A-klass.<\/h2>\n\n\n\n<p class=\"has-medium-font-size\"><strong>(\u00f6verstrukna priser = sluts\u00e5ld)<\/strong><\/p>\n\n\n\n<figure class=\"wp-block-image size-full\"><img loading=\"lazy\" decoding=\"async\" width=\"836\" height=\"516\" src=\"https:\/\/www.myllymaenperuna.fi\/wp-content\/uploads\/2026\/03\/Talvihinnat-svenska-06032026.png\" alt=\"\" class=\"wp-image-4012\" srcset=\"https:\/\/www.myllymaenperuna.fi\/wp-content\/uploads\/2026\/03\/Talvihinnat-svenska-06032026.png 836w, https:\/\/www.myllymaenperuna.fi\/wp-content\/uploads\/2026\/03\/Talvihinnat-svenska-06032026-300x185.png 300w, https:\/\/www.myllymaenperuna.fi\/wp-content\/uploads\/2026\/03\/Talvihinnat-svenska-06032026-768x474.png 768w, https:\/\/www.myllymaenperuna.fi\/wp-content\/uploads\/2026\/03\/Talvihinnat-svenska-06032026-600x370.png 600w\" sizes=\"auto, (max-width: 836px) 100vw, 836px\" \/><\/figure>\n\n\n\n<p>Priset utan moms 0%, fritt s\u00e4ljarens lager i Kauhajoki, Lapua, Karvia eller Vierem\u00e4.<\/p>\n\n\n\n<p>Moms 13,5 % tillkommer i priserna.<\/p>\n\n\n\n<p>1.200 kg stors\u00e4ck p\u00e5 grundprise. 600 kg stors\u00e4ck + 0,04 \u20ac\/kg. 25 kg s\u00e4ck + 0,07 \u20ac\/kg.<\/p>\n\n\n\n<p>Den totala orderkvantiteten inkluderar alla sorter du har best\u00e4llt.<\/p>\n\n\n\n<p>Lava ing\u00e5r i priset. Pappersfaktura 5 euro, e-postfaktura\/onlinefaktura 0 euro.<\/p>\n\n\n\n<p>Inga lagringsavgifter.<\/p>\n\n\n\n<p>Leveranstid: december 2025 &#8211; maj 2026<\/p>\n\n\n\n<p>Betalningsvillkor: 14 dagar efter leverans. En f\u00f6rskottsrabatt i december 2025 \u2013 3%.<\/p>\n\n\n\n<p>Uts\u00e4despotatis ordning kan g\u00f6ra telefon 0405066638 Timo eller 0400701250 Virpi, e-post timo@myllymaenperuna.fi eller virpi@myllymaenperuna.fi eller en elektronisk best\u00e4llningsformul\u00e4ret.<\/p>\n\n\n\n<p><\/p>\n\n\n\n<p><\/p>\n","protected":false},"excerpt":{"rendered":"<p>Priser f\u00f6r uts\u00e4despotatis fr\u00e5n 1.1.2026. Certifierad A-klass. (\u00f6verstrukna priser = sluts\u00e5ld) Priset utan moms 0%, fritt s\u00e4ljarens lager i Kauhajoki, Lapua, Karvia eller Vierem\u00e4. Moms 13,5 % tillkommer i priserna. 1.200 kg stors\u00e4ck p\u00e5 grundprise. 600 kg stors\u00e4ck + 0,04 \u20ac\/kg. 25 kg s\u00e4ck + 0,07 \u20ac\/kg. Den totala orderkvantiteten inkluderar alla sorter du har [&hellip;]<\/p>\n","protected":false},"author":2,"featured_media":0,"parent":0,"menu_order":0,"comment_status":"closed","ping_status":"closed","template":"","meta":{"_genesis_hide_title":false,"_genesis_hide_breadcrumbs":false,"_genesis_hide_singular_image":false,"_genesis_hide_footer_widgets":false,"_genesis_custom_body_class":"","_genesis_custom_post_class":"","_genesis_layout":"","footnotes":""},"class_list":{"0":"post-1334","1":"page","2":"type-page","3":"status-publish","5":"entry"},"yoast_head":"<!-- This site is optimized with the Yoast SEO plugin v27.4 - https:\/\/yoast.com\/product\/yoast-seo-wordpress\/ -->\n<title>Prislista -<\/title>\n<meta name=\"robots\" content=\"index, follow, max-snippet:-1, max-image-preview:large, max-video-preview:-1\" \/>\n<link rel=\"canonical\" href=\"https:\/\/www.myllymaenperuna.fi\/sv\/prislista\/\" \/>\n<meta property=\"og:locale\" content=\"sv_SE\" \/>\n<meta property=\"og:type\" content=\"article\" \/>\n<meta property=\"og:title\" content=\"Prislista -\" \/>\n<meta property=\"og:description\" content=\"Priser f\u00f6r uts\u00e4despotatis fr\u00e5n 1.1.2026. Certifierad A-klass. (\u00f6verstrukna priser = sluts\u00e5ld) Priset utan moms 0%, fritt s\u00e4ljarens lager i Kauhajoki, Lapua, Karvia eller Vierem\u00e4. Moms 13,5 % tillkommer i priserna. 1.200 kg stors\u00e4ck p\u00e5 grundprise. 600 kg stors\u00e4ck + 0,04 \u20ac\/kg. 25 kg s\u00e4ck + 0,07 \u20ac\/kg. Den totala orderkvantiteten inkluderar alla sorter du har [&hellip;]\" \/>\n<meta property=\"og:url\" content=\"https:\/\/www.myllymaenperuna.fi\/sv\/prislista\/\" \/>\n<meta property=\"article:modified_time\" content=\"2026-03-06T16:13:23+00:00\" \/>\n<meta property=\"og:image\" content=\"https:\/\/www.myllymaenperuna.fi\/wp-content\/uploads\/2026\/03\/Talvihinnat-svenska-06032026.png\" \/>\n\t<meta property=\"og:image:width\" content=\"836\" \/>\n\t<meta property=\"og:image:height\" content=\"516\" \/>\n\t<meta property=\"og:image:type\" content=\"image\/png\" \/>\n<meta name=\"twitter:card\" content=\"summary_large_image\" \/>\n<meta name=\"twitter:label1\" content=\"Ber\u00e4knad l\u00e4stid\" \/>\n\t<meta name=\"twitter:data1\" content=\"1 minut\" \/>\n<script type=\"application\/ld+json\" class=\"yoast-schema-graph\">{\"@context\":\"https:\\\/\\\/schema.org\",\"@graph\":[{\"@type\":\"WebPage\",\"@id\":\"https:\\\/\\\/www.myllymaenperuna.fi\\\/sv\\\/prislista\\\/\",\"url\":\"https:\\\/\\\/www.myllymaenperuna.fi\\\/sv\\\/prislista\\\/\",\"name\":\"Prislista -\",\"isPartOf\":{\"@id\":\"https:\\\/\\\/www.myllymaenperuna.fi\\\/#website\"},\"primaryImageOfPage\":{\"@id\":\"https:\\\/\\\/www.myllymaenperuna.fi\\\/sv\\\/prislista\\\/#primaryimage\"},\"image\":{\"@id\":\"https:\\\/\\\/www.myllymaenperuna.fi\\\/sv\\\/prislista\\\/#primaryimage\"},\"thumbnailUrl\":\"https:\\\/\\\/www.myllymaenperuna.fi\\\/wp-content\\\/uploads\\\/2026\\\/03\\\/Talvihinnat-svenska-06032026.png\",\"datePublished\":\"2020-12-22T07:50:48+00:00\",\"dateModified\":\"2026-03-06T16:13:23+00:00\",\"breadcrumb\":{\"@id\":\"https:\\\/\\\/www.myllymaenperuna.fi\\\/sv\\\/prislista\\\/#breadcrumb\"},\"inLanguage\":\"sv-SE\",\"potentialAction\":[{\"@type\":\"ReadAction\",\"target\":[\"https:\\\/\\\/www.myllymaenperuna.fi\\\/sv\\\/prislista\\\/\"]}]},{\"@type\":\"ImageObject\",\"inLanguage\":\"sv-SE\",\"@id\":\"https:\\\/\\\/www.myllymaenperuna.fi\\\/sv\\\/prislista\\\/#primaryimage\",\"url\":\"https:\\\/\\\/www.myllymaenperuna.fi\\\/wp-content\\\/uploads\\\/2026\\\/03\\\/Talvihinnat-svenska-06032026.png\",\"contentUrl\":\"https:\\\/\\\/www.myllymaenperuna.fi\\\/wp-content\\\/uploads\\\/2026\\\/03\\\/Talvihinnat-svenska-06032026.png\"},{\"@type\":\"BreadcrumbList\",\"@id\":\"https:\\\/\\\/www.myllymaenperuna.fi\\\/sv\\\/prislista\\\/#breadcrumb\",\"itemListElement\":[{\"@type\":\"ListItem\",\"position\":1,\"name\":\"Etusivu\",\"item\":\"https:\\\/\\\/www.myllymaenperuna.fi\\\/sv\\\/utsadespotatis-nya-tillvaxt-potatis\\\/\"},{\"@type\":\"ListItem\",\"position\":2,\"name\":\"Prislista\"}]},{\"@type\":\"WebSite\",\"@id\":\"https:\\\/\\\/www.myllymaenperuna.fi\\\/#website\",\"url\":\"https:\\\/\\\/www.myllymaenperuna.fi\\\/\",\"name\":\"Myllym\u00e4en Peruna\",\"description\":\"\",\"publisher\":{\"@id\":\"https:\\\/\\\/www.myllymaenperuna.fi\\\/#organization\"},\"potentialAction\":[{\"@type\":\"SearchAction\",\"target\":{\"@type\":\"EntryPoint\",\"urlTemplate\":\"https:\\\/\\\/www.myllymaenperuna.fi\\\/?s={search_term_string}\"},\"query-input\":{\"@type\":\"PropertyValueSpecification\",\"valueRequired\":true,\"valueName\":\"search_term_string\"}}],\"inLanguage\":\"sv-SE\"},{\"@type\":\"Organization\",\"@id\":\"https:\\\/\\\/www.myllymaenperuna.fi\\\/#organization\",\"name\":\"Myllym\u00e4en Peruna Oy\",\"url\":\"https:\\\/\\\/www.myllymaenperuna.fi\\\/\",\"logo\":{\"@type\":\"ImageObject\",\"inLanguage\":\"sv-SE\",\"@id\":\"https:\\\/\\\/www.myllymaenperuna.fi\\\/#\\\/schema\\\/logo\\\/image\\\/\",\"url\":\"https:\\\/\\\/www.myllymaenperuna.fi\\\/wp-content\\\/uploads\\\/2020\\\/11\\\/cropped-12047055_1707372999492603_8916973196134046991_n.jpg\",\"contentUrl\":\"https:\\\/\\\/www.myllymaenperuna.fi\\\/wp-content\\\/uploads\\\/2020\\\/11\\\/cropped-12047055_1707372999492603_8916973196134046991_n.jpg\",\"width\":760,\"height\":700,\"caption\":\"Myllym\u00e4en Peruna Oy\"},\"image\":{\"@id\":\"https:\\\/\\\/www.myllymaenperuna.fi\\\/#\\\/schema\\\/logo\\\/image\\\/\"}}]}<\/script>\n<!-- \/ Yoast SEO plugin. -->","yoast_head_json":{"title":"Prislista -","robots":{"index":"index","follow":"follow","max-snippet":"max-snippet:-1","max-image-preview":"max-image-preview:large","max-video-preview":"max-video-preview:-1"},"canonical":"https:\/\/www.myllymaenperuna.fi\/sv\/prislista\/","og_locale":"sv_SE","og_type":"article","og_title":"Prislista -","og_description":"Priser f\u00f6r uts\u00e4despotatis fr\u00e5n 1.1.2026. Certifierad A-klass. (\u00f6verstrukna priser = sluts\u00e5ld) Priset utan moms 0%, fritt s\u00e4ljarens lager i Kauhajoki, Lapua, Karvia eller Vierem\u00e4. Moms 13,5 % tillkommer i priserna. 1.200 kg stors\u00e4ck p\u00e5 grundprise. 600 kg stors\u00e4ck + 0,04 \u20ac\/kg. 25 kg s\u00e4ck + 0,07 \u20ac\/kg. Den totala orderkvantiteten inkluderar alla sorter du har [&hellip;]","og_url":"https:\/\/www.myllymaenperuna.fi\/sv\/prislista\/","article_modified_time":"2026-03-06T16:13:23+00:00","og_image":[{"width":836,"height":516,"url":"https:\/\/www.myllymaenperuna.fi\/wp-content\/uploads\/2026\/03\/Talvihinnat-svenska-06032026.png","type":"image\/png"}],"twitter_card":"summary_large_image","twitter_misc":{"Ber\u00e4knad l\u00e4stid":"1 minut"},"schema":{"@context":"https:\/\/schema.org","@graph":[{"@type":"WebPage","@id":"https:\/\/www.myllymaenperuna.fi\/sv\/prislista\/","url":"https:\/\/www.myllymaenperuna.fi\/sv\/prislista\/","name":"Prislista -","isPartOf":{"@id":"https:\/\/www.myllymaenperuna.fi\/#website"},"primaryImageOfPage":{"@id":"https:\/\/www.myllymaenperuna.fi\/sv\/prislista\/#primaryimage"},"image":{"@id":"https:\/\/www.myllymaenperuna.fi\/sv\/prislista\/#primaryimage"},"thumbnailUrl":"https:\/\/www.myllymaenperuna.fi\/wp-content\/uploads\/2026\/03\/Talvihinnat-svenska-06032026.png","datePublished":"2020-12-22T07:50:48+00:00","dateModified":"2026-03-06T16:13:23+00:00","breadcrumb":{"@id":"https:\/\/www.myllymaenperuna.fi\/sv\/prislista\/#breadcrumb"},"inLanguage":"sv-SE","potentialAction":[{"@type":"ReadAction","target":["https:\/\/www.myllymaenperuna.fi\/sv\/prislista\/"]}]},{"@type":"ImageObject","inLanguage":"sv-SE","@id":"https:\/\/www.myllymaenperuna.fi\/sv\/prislista\/#primaryimage","url":"https:\/\/www.myllymaenperuna.fi\/wp-content\/uploads\/2026\/03\/Talvihinnat-svenska-06032026.png","contentUrl":"https:\/\/www.myllymaenperuna.fi\/wp-content\/uploads\/2026\/03\/Talvihinnat-svenska-06032026.png"},{"@type":"BreadcrumbList","@id":"https:\/\/www.myllymaenperuna.fi\/sv\/prislista\/#breadcrumb","itemListElement":[{"@type":"ListItem","position":1,"name":"Etusivu","item":"https:\/\/www.myllymaenperuna.fi\/sv\/utsadespotatis-nya-tillvaxt-potatis\/"},{"@type":"ListItem","position":2,"name":"Prislista"}]},{"@type":"WebSite","@id":"https:\/\/www.myllymaenperuna.fi\/#website","url":"https:\/\/www.myllymaenperuna.fi\/","name":"Myllym\u00e4en Peruna","description":"","publisher":{"@id":"https:\/\/www.myllymaenperuna.fi\/#organization"},"potentialAction":[{"@type":"SearchAction","target":{"@type":"EntryPoint","urlTemplate":"https:\/\/www.myllymaenperuna.fi\/?s={search_term_string}"},"query-input":{"@type":"PropertyValueSpecification","valueRequired":true,"valueName":"search_term_string"}}],"inLanguage":"sv-SE"},{"@type":"Organization","@id":"https:\/\/www.myllymaenperuna.fi\/#organization","name":"Myllym\u00e4en Peruna Oy","url":"https:\/\/www.myllymaenperuna.fi\/","logo":{"@type":"ImageObject","inLanguage":"sv-SE","@id":"https:\/\/www.myllymaenperuna.fi\/#\/schema\/logo\/image\/","url":"https:\/\/www.myllymaenperuna.fi\/wp-content\/uploads\/2020\/11\/cropped-12047055_1707372999492603_8916973196134046991_n.jpg","contentUrl":"https:\/\/www.myllymaenperuna.fi\/wp-content\/uploads\/2020\/11\/cropped-12047055_1707372999492603_8916973196134046991_n.jpg","width":760,"height":700,"caption":"Myllym\u00e4en Peruna Oy"},"image":{"@id":"https:\/\/www.myllymaenperuna.fi\/#\/schema\/logo\/image\/"}}]}},"featured_image_src":null,"featured_image_src_square":null,"_links":{"self":[{"href":"https:\/\/www.myllymaenperuna.fi\/sv\/wp-json\/wp\/v2\/pages\/1334","targetHints":{"allow":["GET"]}}],"collection":[{"href":"https:\/\/www.myllymaenperuna.fi\/sv\/wp-json\/wp\/v2\/pages"}],"about":[{"href":"https:\/\/www.myllymaenperuna.fi\/sv\/wp-json\/wp\/v2\/types\/page"}],"author":[{"embeddable":true,"href":"https:\/\/www.myllymaenperuna.fi\/sv\/wp-json\/wp\/v2\/users\/2"}],"replies":[{"embeddable":true,"href":"https:\/\/www.myllymaenperuna.fi\/sv\/wp-json\/wp\/v2\/comments?post=1334"}],"version-history":[{"count":48,"href":"https:\/\/www.myllymaenperuna.fi\/sv\/wp-json\/wp\/v2\/pages\/1334\/revisions"}],"predecessor-version":[{"id":4014,"href":"https:\/\/www.myllymaenperuna.fi\/sv\/wp-json\/wp\/v2\/pages\/1334\/revisions\/4014"}],"wp:attachment":[{"href":"https:\/\/www.myllymaenperuna.fi\/sv\/wp-json\/wp\/v2\/media?parent=1334"}],"curies":[{"name":"wp","href":"https:\/\/api.w.org\/{rel}","templated":true}]}}