{"id":527,"date":"2020-12-03T10:38:57","date_gmt":"2020-12-03T08:38:57","guid":{"rendered":"https:\/\/pottu.iwn.co\/?page_id=527"},"modified":"2022-08-20T19:58:45","modified_gmt":"2022-08-20T16:58:45","slug":"utsadespotatis-nya-tillvaxt-potatis","status":"publish","type":"page","link":"https:\/\/www.myllymaenperuna.fi\/sv\/","title":{"rendered":"Uts\u00e4despotatis &#8211; Nya tillv\u00e4xt potatis"},"content":{"rendered":"\n<p>Myllym\u00e4en Peruna uts\u00e4despotatis sorter erbjuder professionella odlare ett antal av h\u00f6g kvalitet och h\u00f6gavkastande sorter. Den sorterna de mest popul\u00e4ra tidigt Solist (2. st\u00f6rsta matpotatissorter i Finland) och matpotatis Gala (6. st\u00f6rsta). De har stigit till b\u00f6nderna tillf\u00f6rlitlig n\u00e5gra \u00e5r. Uts\u00e4desodlare producera Evira inspekterade certifierad uts\u00e4despotatis i s\u00f6dra \u00d6sterbotten, Vierem\u00e4 och Tyrn\u00e4v\u00e4. V\u00e5rt f\u00f6retag \u00e4r bel\u00e4get i Kauhajoki.<\/p>\n\n\n\n<p>Sortf\u00f6r\u00e4dlare Norika \u00e4r Tysklands n\u00e4st st\u00f6rsta marknaden f\u00f6r certifierat uts\u00e4de potatisproducent , processor och distribut\u00f6r. Norikan sorter odlas i Europa, USA och Ryssland. Myllym\u00e4en Peruna \u00e4r representativ Norika i Finland.<\/p>\n","protected":false},"excerpt":{"rendered":"<p>Myllym\u00e4en Peruna uts\u00e4despotatis sorter erbjuder professionella odlare ett antal av h\u00f6g kvalitet och h\u00f6gavkastande sorter. Den sorterna de mest popul\u00e4ra tidigt Solist (2. st\u00f6rsta matpotatissorter i Finland) och matpotatis Gala (6. st\u00f6rsta). De har stigit till b\u00f6nderna tillf\u00f6rlitlig n\u00e5gra \u00e5r. Uts\u00e4desodlare producera Evira inspekterade certifierad uts\u00e4despotatis i s\u00f6dra \u00d6sterbotten, Vierem\u00e4 och Tyrn\u00e4v\u00e4. V\u00e5rt f\u00f6retag \u00e4r [&hellip;]<\/p>\n","protected":false},"author":2,"featured_media":0,"parent":0,"menu_order":0,"comment_status":"closed","ping_status":"closed","template":"","meta":{"_genesis_hide_title":false,"_genesis_hide_breadcrumbs":false,"_genesis_hide_singular_image":false,"_genesis_hide_footer_widgets":false,"_genesis_custom_body_class":"","_genesis_custom_post_class":"","_genesis_layout":"","footnotes":""},"class_list":{"0":"post-527","1":"page","2":"type-page","3":"status-publish","5":"entry"},"yoast_head":"<!-- This site is optimized with the Yoast SEO plugin v27.4 - https:\/\/yoast.com\/product\/yoast-seo-wordpress\/ -->\n<title>Uts\u00e4despotatis - Nya tillv\u00e4xt potatis -<\/title>\n<meta name=\"robots\" content=\"index, follow, max-snippet:-1, max-image-preview:large, max-video-preview:-1\" \/>\n<link rel=\"canonical\" href=\"https:\/\/www.myllymaenperuna.fi\/sv\/utsadespotatis-nya-tillvaxt-potatis\/\" \/>\n<meta property=\"og:locale\" content=\"sv_SE\" \/>\n<meta property=\"og:type\" content=\"article\" \/>\n<meta property=\"og:title\" content=\"Uts\u00e4despotatis - Nya tillv\u00e4xt potatis -\" \/>\n<meta property=\"og:description\" content=\"Myllym\u00e4en Peruna uts\u00e4despotatis sorter erbjuder professionella odlare ett antal av h\u00f6g kvalitet och h\u00f6gavkastande sorter. Den sorterna de mest popul\u00e4ra tidigt Solist (2. st\u00f6rsta matpotatissorter i Finland) och matpotatis Gala (6. st\u00f6rsta). De har stigit till b\u00f6nderna tillf\u00f6rlitlig n\u00e5gra \u00e5r. Uts\u00e4desodlare producera Evira inspekterade certifierad uts\u00e4despotatis i s\u00f6dra \u00d6sterbotten, Vierem\u00e4 och Tyrn\u00e4v\u00e4. V\u00e5rt f\u00f6retag \u00e4r [&hellip;]\" \/>\n<meta property=\"og:url\" content=\"https:\/\/www.myllymaenperuna.fi\/sv\/utsadespotatis-nya-tillvaxt-potatis\/\" \/>\n<meta property=\"article:modified_time\" content=\"2022-08-20T16:58:45+00:00\" \/>\n<meta name=\"twitter:card\" content=\"summary_large_image\" \/>\n<meta name=\"twitter:label1\" content=\"Ber\u00e4knad l\u00e4stid\" \/>\n\t<meta name=\"twitter:data1\" content=\"1 minut\" \/>\n<script type=\"application\/ld+json\" class=\"yoast-schema-graph\">{\"@context\":\"https:\\\/\\\/schema.org\",\"@graph\":[{\"@type\":\"WebPage\",\"@id\":\"https:\\\/\\\/www.myllymaenperuna.fi\\\/sv\\\/utsadespotatis-nya-tillvaxt-potatis\\\/\",\"url\":\"https:\\\/\\\/www.myllymaenperuna.fi\\\/sv\\\/utsadespotatis-nya-tillvaxt-potatis\\\/\",\"name\":\"Uts\u00e4despotatis - Nya tillv\u00e4xt potatis -\",\"isPartOf\":{\"@id\":\"https:\\\/\\\/www.myllymaenperuna.fi\\\/#website\"},\"datePublished\":\"2020-12-03T08:38:57+00:00\",\"dateModified\":\"2022-08-20T16:58:45+00:00\",\"breadcrumb\":{\"@id\":\"https:\\\/\\\/www.myllymaenperuna.fi\\\/sv\\\/utsadespotatis-nya-tillvaxt-potatis\\\/#breadcrumb\"},\"inLanguage\":\"sv-SE\",\"potentialAction\":[{\"@type\":\"ReadAction\",\"target\":[\"https:\\\/\\\/www.myllymaenperuna.fi\\\/sv\\\/utsadespotatis-nya-tillvaxt-potatis\\\/\"]}]},{\"@type\":\"BreadcrumbList\",\"@id\":\"https:\\\/\\\/www.myllymaenperuna.fi\\\/sv\\\/utsadespotatis-nya-tillvaxt-potatis\\\/#breadcrumb\",\"itemListElement\":[{\"@type\":\"ListItem\",\"position\":1,\"name\":\"Etusivu\",\"item\":\"https:\\\/\\\/www.myllymaenperuna.fi\\\/sv\\\/utsadespotatis-nya-tillvaxt-potatis\\\/\"},{\"@type\":\"ListItem\",\"position\":2,\"name\":\"Uts\u00e4despotatis &#8211; Nya tillv\u00e4xt potatis\"}]},{\"@type\":\"WebSite\",\"@id\":\"https:\\\/\\\/www.myllymaenperuna.fi\\\/#website\",\"url\":\"https:\\\/\\\/www.myllymaenperuna.fi\\\/\",\"name\":\"Myllym\u00e4en Peruna\",\"description\":\"\",\"publisher\":{\"@id\":\"https:\\\/\\\/www.myllymaenperuna.fi\\\/#organization\"},\"potentialAction\":[{\"@type\":\"SearchAction\",\"target\":{\"@type\":\"EntryPoint\",\"urlTemplate\":\"https:\\\/\\\/www.myllymaenperuna.fi\\\/?s={search_term_string}\"},\"query-input\":{\"@type\":\"PropertyValueSpecification\",\"valueRequired\":true,\"valueName\":\"search_term_string\"}}],\"inLanguage\":\"sv-SE\"},{\"@type\":\"Organization\",\"@id\":\"https:\\\/\\\/www.myllymaenperuna.fi\\\/#organization\",\"name\":\"Myllym\u00e4en Peruna Oy\",\"url\":\"https:\\\/\\\/www.myllymaenperuna.fi\\\/\",\"logo\":{\"@type\":\"ImageObject\",\"inLanguage\":\"sv-SE\",\"@id\":\"https:\\\/\\\/www.myllymaenperuna.fi\\\/#\\\/schema\\\/logo\\\/image\\\/\",\"url\":\"https:\\\/\\\/www.myllymaenperuna.fi\\\/wp-content\\\/uploads\\\/2020\\\/11\\\/cropped-12047055_1707372999492603_8916973196134046991_n.jpg\",\"contentUrl\":\"https:\\\/\\\/www.myllymaenperuna.fi\\\/wp-content\\\/uploads\\\/2020\\\/11\\\/cropped-12047055_1707372999492603_8916973196134046991_n.jpg\",\"width\":760,\"height\":700,\"caption\":\"Myllym\u00e4en Peruna Oy\"},\"image\":{\"@id\":\"https:\\\/\\\/www.myllymaenperuna.fi\\\/#\\\/schema\\\/logo\\\/image\\\/\"}}]}<\/script>\n<!-- \/ Yoast SEO plugin. -->","yoast_head_json":{"title":"Uts\u00e4despotatis - Nya tillv\u00e4xt potatis -","robots":{"index":"index","follow":"follow","max-snippet":"max-snippet:-1","max-image-preview":"max-image-preview:large","max-video-preview":"max-video-preview:-1"},"canonical":"https:\/\/www.myllymaenperuna.fi\/sv\/utsadespotatis-nya-tillvaxt-potatis\/","og_locale":"sv_SE","og_type":"article","og_title":"Uts\u00e4despotatis - Nya tillv\u00e4xt potatis -","og_description":"Myllym\u00e4en Peruna uts\u00e4despotatis sorter erbjuder professionella odlare ett antal av h\u00f6g kvalitet och h\u00f6gavkastande sorter. Den sorterna de mest popul\u00e4ra tidigt Solist (2. st\u00f6rsta matpotatissorter i Finland) och matpotatis Gala (6. st\u00f6rsta). De har stigit till b\u00f6nderna tillf\u00f6rlitlig n\u00e5gra \u00e5r. Uts\u00e4desodlare producera Evira inspekterade certifierad uts\u00e4despotatis i s\u00f6dra \u00d6sterbotten, Vierem\u00e4 och Tyrn\u00e4v\u00e4. V\u00e5rt f\u00f6retag \u00e4r [&hellip;]","og_url":"https:\/\/www.myllymaenperuna.fi\/sv\/utsadespotatis-nya-tillvaxt-potatis\/","article_modified_time":"2022-08-20T16:58:45+00:00","twitter_card":"summary_large_image","twitter_misc":{"Ber\u00e4knad l\u00e4stid":"1 minut"},"schema":{"@context":"https:\/\/schema.org","@graph":[{"@type":"WebPage","@id":"https:\/\/www.myllymaenperuna.fi\/sv\/utsadespotatis-nya-tillvaxt-potatis\/","url":"https:\/\/www.myllymaenperuna.fi\/sv\/utsadespotatis-nya-tillvaxt-potatis\/","name":"Uts\u00e4despotatis - Nya tillv\u00e4xt potatis -","isPartOf":{"@id":"https:\/\/www.myllymaenperuna.fi\/#website"},"datePublished":"2020-12-03T08:38:57+00:00","dateModified":"2022-08-20T16:58:45+00:00","breadcrumb":{"@id":"https:\/\/www.myllymaenperuna.fi\/sv\/utsadespotatis-nya-tillvaxt-potatis\/#breadcrumb"},"inLanguage":"sv-SE","potentialAction":[{"@type":"ReadAction","target":["https:\/\/www.myllymaenperuna.fi\/sv\/utsadespotatis-nya-tillvaxt-potatis\/"]}]},{"@type":"BreadcrumbList","@id":"https:\/\/www.myllymaenperuna.fi\/sv\/utsadespotatis-nya-tillvaxt-potatis\/#breadcrumb","itemListElement":[{"@type":"ListItem","position":1,"name":"Etusivu","item":"https:\/\/www.myllymaenperuna.fi\/sv\/utsadespotatis-nya-tillvaxt-potatis\/"},{"@type":"ListItem","position":2,"name":"Uts\u00e4despotatis &#8211; Nya tillv\u00e4xt potatis"}]},{"@type":"WebSite","@id":"https:\/\/www.myllymaenperuna.fi\/#website","url":"https:\/\/www.myllymaenperuna.fi\/","name":"Myllym\u00e4en Peruna","description":"","publisher":{"@id":"https:\/\/www.myllymaenperuna.fi\/#organization"},"potentialAction":[{"@type":"SearchAction","target":{"@type":"EntryPoint","urlTemplate":"https:\/\/www.myllymaenperuna.fi\/?s={search_term_string}"},"query-input":{"@type":"PropertyValueSpecification","valueRequired":true,"valueName":"search_term_string"}}],"inLanguage":"sv-SE"},{"@type":"Organization","@id":"https:\/\/www.myllymaenperuna.fi\/#organization","name":"Myllym\u00e4en Peruna Oy","url":"https:\/\/www.myllymaenperuna.fi\/","logo":{"@type":"ImageObject","inLanguage":"sv-SE","@id":"https:\/\/www.myllymaenperuna.fi\/#\/schema\/logo\/image\/","url":"https:\/\/www.myllymaenperuna.fi\/wp-content\/uploads\/2020\/11\/cropped-12047055_1707372999492603_8916973196134046991_n.jpg","contentUrl":"https:\/\/www.myllymaenperuna.fi\/wp-content\/uploads\/2020\/11\/cropped-12047055_1707372999492603_8916973196134046991_n.jpg","width":760,"height":700,"caption":"Myllym\u00e4en Peruna Oy"},"image":{"@id":"https:\/\/www.myllymaenperuna.fi\/#\/schema\/logo\/image\/"}}]}},"featured_image_src":null,"featured_image_src_square":null,"_links":{"self":[{"href":"https:\/\/www.myllymaenperuna.fi\/sv\/wp-json\/wp\/v2\/pages\/527","targetHints":{"allow":["GET"]}}],"collection":[{"href":"https:\/\/www.myllymaenperuna.fi\/sv\/wp-json\/wp\/v2\/pages"}],"about":[{"href":"https:\/\/www.myllymaenperuna.fi\/sv\/wp-json\/wp\/v2\/types\/page"}],"author":[{"embeddable":true,"href":"https:\/\/www.myllymaenperuna.fi\/sv\/wp-json\/wp\/v2\/users\/2"}],"replies":[{"embeddable":true,"href":"https:\/\/www.myllymaenperuna.fi\/sv\/wp-json\/wp\/v2\/comments?post=527"}],"version-history":[{"count":2,"href":"https:\/\/www.myllymaenperuna.fi\/sv\/wp-json\/wp\/v2\/pages\/527\/revisions"}],"predecessor-version":[{"id":2415,"href":"https:\/\/www.myllymaenperuna.fi\/sv\/wp-json\/wp\/v2\/pages\/527\/revisions\/2415"}],"wp:attachment":[{"href":"https:\/\/www.myllymaenperuna.fi\/sv\/wp-json\/wp\/v2\/media?parent=527"}],"curies":[{"name":"wp","href":"https:\/\/api.w.org\/{rel}","templated":true}]}}