{"id":962,"date":"2020-12-08T09:01:03","date_gmt":"2020-12-08T07:01:03","guid":{"rendered":"https:\/\/pottu.iwn.co\/potatis-info\/froklasser-och-kvalitet\/"},"modified":"2021-03-07T16:39:34","modified_gmt":"2021-03-07T14:39:34","slug":"froklasser-och-kvalitet","status":"publish","type":"page","link":"https:\/\/www.myllymaenperuna.fi\/sv\/potatis-info\/froklasser-och-kvalitet\/","title":{"rendered":"Uts\u00e4desklasser"},"content":{"rendered":"\n<h3 class=\"wp-block-heading\">Uts\u00e4deskvalitet<\/h3>\n\n\n\n<p>Vi har producerat uts\u00e4depotatis har f\u00e5tt mycket positiv feedback p\u00e5 kvaliteten p\u00e5 den. Det har producerat och sorteras av mycket h\u00f6g kvalitet.<\/p>\n\n\n\n<p>Vi producerat alla sorter E-klass och A-klass uts\u00e4de&nbsp;i Finland.<\/p>\n\n\n\n<p>Uts\u00e4despotatis kontrollen \u00e4ndrats i Finland 1.9.2015.<\/p>\n\n\n\n<p>Nya uts\u00e4de klasser i Finland \u00e4r:<\/p>\n\n\n\n<p>Stamuts\u00e4de\u00a0\u00a0\u00a0\u00a0\u00a0\u00a0\u00a0\u00a0\u00a0\u00a0\u00a0\u00a0 \u00a0 \u00a0\u00a0 Union klass PBTC<br>\u00a0\u00a0\u00a0\u00a0\u00a0\u00a0\u00a0\u00a0\u00a0\u00a0\u00a0\u00a0\u00a0\u00a0\u00a0\u00a0\u00a0\u00a0\u00a0\u00a0\u00a0\u00a0\u00a0\u00a0\u00a0\u00a0\u00a0\u00a0\u00a0\u00a0\u00a0\u00a0\u00a0\u00a0\u00a0\u00a0\u00a0 Union klass PB<br>Basuts\u00e4de\u00a0\u00a0\u00a0\u00a0\u00a0\u00a0\u00a0\u00a0\u00a0\u00a0\u00a0\u00a0\u00a0\u00a0\u00a0\u00a0\u00a0\u00a0\u00a0 \u00a0 Union klass S<br>\u00a0\u00a0\u00a0\u00a0\u00a0\u00a0\u00a0\u00a0\u00a0\u00a0\u00a0\u00a0\u00a0\u00a0\u00a0\u00a0\u00a0\u00a0\u00a0\u00a0\u00a0\u00a0\u00a0\u00a0\u00a0\u00a0\u00a0\u00a0\u00a0\u00a0\u00a0\u00a0\u00a0\u00a0\u00a0\u00a0\u00a0\u00a0 Union klass SE<br>\u00a0\u00a0\u00a0\u00a0\u00a0\u00a0\u00a0\u00a0\u00a0\u00a0\u00a0\u00a0\u00a0\u00a0\u00a0\u00a0\u00a0\u00a0\u00a0\u00a0\u00a0\u00a0\u00a0\u00a0\u00a0\u00a0\u00a0\u00a0\u00a0\u00a0\u00a0\u00a0\u00a0\u00a0\u00a0\u00a0\u00a0\u00a0 Union klass E<br>Certifikatuts\u00e4de\u00a0\u00a0\u00a0\u00a0\u00a0\u00a0\u00a0\u00a0\u00a0\u00a0  Union klass A<br>\u00a0\u00a0\u00a0\u00a0\u00a0\u00a0\u00a0\u00a0\u00a0\u00a0\u00a0\u00a0\u00a0\u00a0\u00a0\u00a0\u00a0\u00a0\u00a0\u00a0\u00a0\u00a0\u00a0\u00a0\u00a0\u00a0\u00a0\u00a0\u00a0\u00a0\u00a0\u00a0\u00a0\u00a0\u00a0\u00a0\u00a0\u00a0\u00a0 Union klass B<\/p>\n\n\n\n<p>Sedan 2016, uts\u00e4despotatis v\u00e4xtf\u00f6ljd krav f\u00f6r\u00e4ndringar. Minimikravet f\u00f6r v\u00e4xtf\u00f6ljden \u00e4r ett \u00e5r potatis och tv\u00e5 mellan\u00e5r.&nbsp;Endast sorter av st\u00e4rkelsepotatis i certifierade uts\u00e4desklasser f\u00e5r odlas h\u00f6gst tv\u00e5 \u00e5r i radproduktion.&nbsp;&nbsp;<\/p>\n\n\n\n<p>Mera information : <a href=\"http:\/\/www.evira.fi\/files\/attachments\/se\/vaxt\/utsade\/sve_siemenperunaohje_2015_valmis.pdf\">www.ruokavirasto.fi<\/a><\/p>\n\n\n\n<p>Den Tyska importerat uts\u00e4de S-, SE-, E- och Z-klass (A-klass) g\u00f6rs i Tyskland och Finland nematod- och ringr\u00f6ta tester (Ruokavirasto).<\/p>\n","protected":false},"excerpt":{"rendered":"<p>Uts\u00e4deskvalitet Vi har producerat uts\u00e4depotatis har f\u00e5tt mycket positiv feedback p\u00e5 kvaliteten p\u00e5 den. Det har producerat och sorteras av mycket h\u00f6g kvalitet. Vi producerat alla sorter E-klass och A-klass uts\u00e4de&nbsp;i Finland. Uts\u00e4despotatis kontrollen \u00e4ndrats i Finland 1.9.2015. Nya uts\u00e4de klasser i Finland \u00e4r: Stamuts\u00e4de\u00a0\u00a0\u00a0\u00a0\u00a0\u00a0\u00a0\u00a0\u00a0\u00a0\u00a0\u00a0 \u00a0 \u00a0\u00a0 Union klass PBTC\u00a0\u00a0\u00a0\u00a0\u00a0\u00a0\u00a0\u00a0\u00a0\u00a0\u00a0\u00a0\u00a0\u00a0\u00a0\u00a0\u00a0\u00a0\u00a0\u00a0\u00a0\u00a0\u00a0\u00a0\u00a0\u00a0\u00a0\u00a0\u00a0\u00a0\u00a0\u00a0\u00a0\u00a0\u00a0\u00a0\u00a0 Union klass PBBasuts\u00e4de\u00a0\u00a0\u00a0\u00a0\u00a0\u00a0\u00a0\u00a0\u00a0\u00a0\u00a0\u00a0\u00a0\u00a0\u00a0\u00a0\u00a0\u00a0\u00a0 \u00a0 Union [&hellip;]<\/p>\n","protected":false},"author":2,"featured_media":0,"parent":958,"menu_order":0,"comment_status":"closed","ping_status":"closed","template":"","meta":{"_genesis_hide_title":false,"_genesis_hide_breadcrumbs":false,"_genesis_hide_singular_image":false,"_genesis_hide_footer_widgets":false,"_genesis_custom_body_class":"","_genesis_custom_post_class":"","_genesis_layout":"","footnotes":""},"class_list":{"0":"post-962","1":"page","2":"type-page","3":"status-publish","5":"entry"},"yoast_head":"<!-- This site is optimized with the Yoast SEO plugin v27.4 - https:\/\/yoast.com\/product\/yoast-seo-wordpress\/ -->\n<title>Uts\u00e4desklasser -<\/title>\n<meta name=\"robots\" content=\"index, follow, max-snippet:-1, max-image-preview:large, max-video-preview:-1\" \/>\n<link rel=\"canonical\" href=\"https:\/\/www.myllymaenperuna.fi\/sv\/potatis-info\/froklasser-och-kvalitet\/\" \/>\n<meta property=\"og:locale\" content=\"sv_SE\" \/>\n<meta property=\"og:type\" content=\"article\" \/>\n<meta property=\"og:title\" content=\"Uts\u00e4desklasser -\" \/>\n<meta property=\"og:description\" content=\"Uts\u00e4deskvalitet Vi har producerat uts\u00e4depotatis har f\u00e5tt mycket positiv feedback p\u00e5 kvaliteten p\u00e5 den. Det har producerat och sorteras av mycket h\u00f6g kvalitet. Vi producerat alla sorter E-klass och A-klass uts\u00e4de&nbsp;i Finland. Uts\u00e4despotatis kontrollen \u00e4ndrats i Finland 1.9.2015. Nya uts\u00e4de klasser i Finland \u00e4r: Stamuts\u00e4de\u00a0\u00a0\u00a0\u00a0\u00a0\u00a0\u00a0\u00a0\u00a0\u00a0\u00a0\u00a0 \u00a0 \u00a0\u00a0 Union klass PBTC\u00a0\u00a0\u00a0\u00a0\u00a0\u00a0\u00a0\u00a0\u00a0\u00a0\u00a0\u00a0\u00a0\u00a0\u00a0\u00a0\u00a0\u00a0\u00a0\u00a0\u00a0\u00a0\u00a0\u00a0\u00a0\u00a0\u00a0\u00a0\u00a0\u00a0\u00a0\u00a0\u00a0\u00a0\u00a0\u00a0\u00a0 Union klass PBBasuts\u00e4de\u00a0\u00a0\u00a0\u00a0\u00a0\u00a0\u00a0\u00a0\u00a0\u00a0\u00a0\u00a0\u00a0\u00a0\u00a0\u00a0\u00a0\u00a0\u00a0 \u00a0 Union [&hellip;]\" \/>\n<meta property=\"og:url\" content=\"https:\/\/www.myllymaenperuna.fi\/sv\/potatis-info\/froklasser-och-kvalitet\/\" \/>\n<meta property=\"article:modified_time\" content=\"2021-03-07T14:39:34+00:00\" \/>\n<meta name=\"twitter:card\" content=\"summary_large_image\" \/>\n<meta name=\"twitter:label1\" content=\"Ber\u00e4knad l\u00e4stid\" \/>\n\t<meta name=\"twitter:data1\" content=\"1 minut\" \/>\n<script type=\"application\/ld+json\" class=\"yoast-schema-graph\">{\"@context\":\"https:\\\/\\\/schema.org\",\"@graph\":[{\"@type\":\"WebPage\",\"@id\":\"https:\\\/\\\/www.myllymaenperuna.fi\\\/sv\\\/potatis-info\\\/froklasser-och-kvalitet\\\/\",\"url\":\"https:\\\/\\\/www.myllymaenperuna.fi\\\/sv\\\/potatis-info\\\/froklasser-och-kvalitet\\\/\",\"name\":\"Uts\u00e4desklasser -\",\"isPartOf\":{\"@id\":\"https:\\\/\\\/www.myllymaenperuna.fi\\\/#website\"},\"datePublished\":\"2020-12-08T07:01:03+00:00\",\"dateModified\":\"2021-03-07T14:39:34+00:00\",\"breadcrumb\":{\"@id\":\"https:\\\/\\\/www.myllymaenperuna.fi\\\/sv\\\/potatis-info\\\/froklasser-och-kvalitet\\\/#breadcrumb\"},\"inLanguage\":\"sv-SE\",\"potentialAction\":[{\"@type\":\"ReadAction\",\"target\":[\"https:\\\/\\\/www.myllymaenperuna.fi\\\/sv\\\/potatis-info\\\/froklasser-och-kvalitet\\\/\"]}]},{\"@type\":\"BreadcrumbList\",\"@id\":\"https:\\\/\\\/www.myllymaenperuna.fi\\\/sv\\\/potatis-info\\\/froklasser-och-kvalitet\\\/#breadcrumb\",\"itemListElement\":[{\"@type\":\"ListItem\",\"position\":1,\"name\":\"Etusivu\",\"item\":\"https:\\\/\\\/www.myllymaenperuna.fi\\\/sv\\\/utsadespotatis-nya-tillvaxt-potatis\\\/\"},{\"@type\":\"ListItem\",\"position\":2,\"name\":\"Potatis Info\",\"item\":\"https:\\\/\\\/www.myllymaenperuna.fi\\\/sv\\\/potatis-info\\\/\"},{\"@type\":\"ListItem\",\"position\":3,\"name\":\"Uts\u00e4desklasser\"}]},{\"@type\":\"WebSite\",\"@id\":\"https:\\\/\\\/www.myllymaenperuna.fi\\\/#website\",\"url\":\"https:\\\/\\\/www.myllymaenperuna.fi\\\/\",\"name\":\"Myllym\u00e4en Peruna\",\"description\":\"\",\"publisher\":{\"@id\":\"https:\\\/\\\/www.myllymaenperuna.fi\\\/#organization\"},\"potentialAction\":[{\"@type\":\"SearchAction\",\"target\":{\"@type\":\"EntryPoint\",\"urlTemplate\":\"https:\\\/\\\/www.myllymaenperuna.fi\\\/?s={search_term_string}\"},\"query-input\":{\"@type\":\"PropertyValueSpecification\",\"valueRequired\":true,\"valueName\":\"search_term_string\"}}],\"inLanguage\":\"sv-SE\"},{\"@type\":\"Organization\",\"@id\":\"https:\\\/\\\/www.myllymaenperuna.fi\\\/#organization\",\"name\":\"Myllym\u00e4en Peruna Oy\",\"url\":\"https:\\\/\\\/www.myllymaenperuna.fi\\\/\",\"logo\":{\"@type\":\"ImageObject\",\"inLanguage\":\"sv-SE\",\"@id\":\"https:\\\/\\\/www.myllymaenperuna.fi\\\/#\\\/schema\\\/logo\\\/image\\\/\",\"url\":\"https:\\\/\\\/www.myllymaenperuna.fi\\\/wp-content\\\/uploads\\\/2020\\\/11\\\/cropped-12047055_1707372999492603_8916973196134046991_n.jpg\",\"contentUrl\":\"https:\\\/\\\/www.myllymaenperuna.fi\\\/wp-content\\\/uploads\\\/2020\\\/11\\\/cropped-12047055_1707372999492603_8916973196134046991_n.jpg\",\"width\":760,\"height\":700,\"caption\":\"Myllym\u00e4en Peruna Oy\"},\"image\":{\"@id\":\"https:\\\/\\\/www.myllymaenperuna.fi\\\/#\\\/schema\\\/logo\\\/image\\\/\"}}]}<\/script>\n<!-- \/ Yoast SEO plugin. -->","yoast_head_json":{"title":"Uts\u00e4desklasser -","robots":{"index":"index","follow":"follow","max-snippet":"max-snippet:-1","max-image-preview":"max-image-preview:large","max-video-preview":"max-video-preview:-1"},"canonical":"https:\/\/www.myllymaenperuna.fi\/sv\/potatis-info\/froklasser-och-kvalitet\/","og_locale":"sv_SE","og_type":"article","og_title":"Uts\u00e4desklasser -","og_description":"Uts\u00e4deskvalitet Vi har producerat uts\u00e4depotatis har f\u00e5tt mycket positiv feedback p\u00e5 kvaliteten p\u00e5 den. Det har producerat och sorteras av mycket h\u00f6g kvalitet. Vi producerat alla sorter E-klass och A-klass uts\u00e4de&nbsp;i Finland. Uts\u00e4despotatis kontrollen \u00e4ndrats i Finland 1.9.2015. Nya uts\u00e4de klasser i Finland \u00e4r: Stamuts\u00e4de\u00a0\u00a0\u00a0\u00a0\u00a0\u00a0\u00a0\u00a0\u00a0\u00a0\u00a0\u00a0 \u00a0 \u00a0\u00a0 Union klass PBTC\u00a0\u00a0\u00a0\u00a0\u00a0\u00a0\u00a0\u00a0\u00a0\u00a0\u00a0\u00a0\u00a0\u00a0\u00a0\u00a0\u00a0\u00a0\u00a0\u00a0\u00a0\u00a0\u00a0\u00a0\u00a0\u00a0\u00a0\u00a0\u00a0\u00a0\u00a0\u00a0\u00a0\u00a0\u00a0\u00a0\u00a0 Union klass PBBasuts\u00e4de\u00a0\u00a0\u00a0\u00a0\u00a0\u00a0\u00a0\u00a0\u00a0\u00a0\u00a0\u00a0\u00a0\u00a0\u00a0\u00a0\u00a0\u00a0\u00a0 \u00a0 Union [&hellip;]","og_url":"https:\/\/www.myllymaenperuna.fi\/sv\/potatis-info\/froklasser-och-kvalitet\/","article_modified_time":"2021-03-07T14:39:34+00:00","twitter_card":"summary_large_image","twitter_misc":{"Ber\u00e4knad l\u00e4stid":"1 minut"},"schema":{"@context":"https:\/\/schema.org","@graph":[{"@type":"WebPage","@id":"https:\/\/www.myllymaenperuna.fi\/sv\/potatis-info\/froklasser-och-kvalitet\/","url":"https:\/\/www.myllymaenperuna.fi\/sv\/potatis-info\/froklasser-och-kvalitet\/","name":"Uts\u00e4desklasser -","isPartOf":{"@id":"https:\/\/www.myllymaenperuna.fi\/#website"},"datePublished":"2020-12-08T07:01:03+00:00","dateModified":"2021-03-07T14:39:34+00:00","breadcrumb":{"@id":"https:\/\/www.myllymaenperuna.fi\/sv\/potatis-info\/froklasser-och-kvalitet\/#breadcrumb"},"inLanguage":"sv-SE","potentialAction":[{"@type":"ReadAction","target":["https:\/\/www.myllymaenperuna.fi\/sv\/potatis-info\/froklasser-och-kvalitet\/"]}]},{"@type":"BreadcrumbList","@id":"https:\/\/www.myllymaenperuna.fi\/sv\/potatis-info\/froklasser-och-kvalitet\/#breadcrumb","itemListElement":[{"@type":"ListItem","position":1,"name":"Etusivu","item":"https:\/\/www.myllymaenperuna.fi\/sv\/utsadespotatis-nya-tillvaxt-potatis\/"},{"@type":"ListItem","position":2,"name":"Potatis Info","item":"https:\/\/www.myllymaenperuna.fi\/sv\/potatis-info\/"},{"@type":"ListItem","position":3,"name":"Uts\u00e4desklasser"}]},{"@type":"WebSite","@id":"https:\/\/www.myllymaenperuna.fi\/#website","url":"https:\/\/www.myllymaenperuna.fi\/","name":"Myllym\u00e4en Peruna","description":"","publisher":{"@id":"https:\/\/www.myllymaenperuna.fi\/#organization"},"potentialAction":[{"@type":"SearchAction","target":{"@type":"EntryPoint","urlTemplate":"https:\/\/www.myllymaenperuna.fi\/?s={search_term_string}"},"query-input":{"@type":"PropertyValueSpecification","valueRequired":true,"valueName":"search_term_string"}}],"inLanguage":"sv-SE"},{"@type":"Organization","@id":"https:\/\/www.myllymaenperuna.fi\/#organization","name":"Myllym\u00e4en Peruna Oy","url":"https:\/\/www.myllymaenperuna.fi\/","logo":{"@type":"ImageObject","inLanguage":"sv-SE","@id":"https:\/\/www.myllymaenperuna.fi\/#\/schema\/logo\/image\/","url":"https:\/\/www.myllymaenperuna.fi\/wp-content\/uploads\/2020\/11\/cropped-12047055_1707372999492603_8916973196134046991_n.jpg","contentUrl":"https:\/\/www.myllymaenperuna.fi\/wp-content\/uploads\/2020\/11\/cropped-12047055_1707372999492603_8916973196134046991_n.jpg","width":760,"height":700,"caption":"Myllym\u00e4en Peruna Oy"},"image":{"@id":"https:\/\/www.myllymaenperuna.fi\/#\/schema\/logo\/image\/"}}]}},"featured_image_src":null,"featured_image_src_square":null,"_links":{"self":[{"href":"https:\/\/www.myllymaenperuna.fi\/sv\/wp-json\/wp\/v2\/pages\/962","targetHints":{"allow":["GET"]}}],"collection":[{"href":"https:\/\/www.myllymaenperuna.fi\/sv\/wp-json\/wp\/v2\/pages"}],"about":[{"href":"https:\/\/www.myllymaenperuna.fi\/sv\/wp-json\/wp\/v2\/types\/page"}],"author":[{"embeddable":true,"href":"https:\/\/www.myllymaenperuna.fi\/sv\/wp-json\/wp\/v2\/users\/2"}],"replies":[{"embeddable":true,"href":"https:\/\/www.myllymaenperuna.fi\/sv\/wp-json\/wp\/v2\/comments?post=962"}],"version-history":[{"count":4,"href":"https:\/\/www.myllymaenperuna.fi\/sv\/wp-json\/wp\/v2\/pages\/962\/revisions"}],"predecessor-version":[{"id":1785,"href":"https:\/\/www.myllymaenperuna.fi\/sv\/wp-json\/wp\/v2\/pages\/962\/revisions\/1785"}],"up":[{"embeddable":true,"href":"https:\/\/www.myllymaenperuna.fi\/sv\/wp-json\/wp\/v2\/pages\/958"}],"wp:attachment":[{"href":"https:\/\/www.myllymaenperuna.fi\/sv\/wp-json\/wp\/v2\/media?parent=962"}],"curies":[{"name":"wp","href":"https:\/\/api.w.org\/{rel}","templated":true}]}}