{"id":1909,"date":"2021-08-26T21:33:18","date_gmt":"2021-08-26T18:33:18","guid":{"rendered":"https:\/\/www.myllymaenperuna.fi\/?post_type=product&#038;p=1909"},"modified":"2025-10-27T19:18:40","modified_gmt":"2025-10-27T17:18:40","slug":"gala-kopio","status":"publish","type":"product","link":"https:\/\/www.myllymaenperuna.fi\/sv\/tuote\/gala-kopio\/","title":{"rendered":"LOREEN"},"content":{"rendered":"<p>Mycket god intern kvalitet<\/p>\n<p>Mycket h\u00f6gt antal kn\u00f6lar<\/p>\n<p>F\u00f6r mat- och matindustripotatis<\/p>\n<p>&nbsp;<\/p>\n<p>Funktioner och l\u00e4mplighet<\/p>\n<p>&#8211; Tidithet mitten av september<\/p>\n<p>&#8211; Mycket gul malt och skal<\/p>\n<p>&#8211; G\u00f6r en enhetlig i storlek kn\u00f6lar<\/p>\n<p>&#8211; Producerar mycket antal kn\u00f6lar<\/p>\n<p>&#8211; Bra resistens mot bladm\u00f6gel och brunr\u00f6ta<\/p>\n<p>&#8211; Mycket god resistens mot moptop-virus<\/p>\n<p>&#8211; Skalning ganska snabbt<\/p>\n<p>&#8211; Potatis f\u00f6r f\u00f6rpackning, tv\u00e4tt och skalning<\/p>\n<p>&nbsp;<\/p>\n<p>Odlingsinstruktioner:<\/p>\n<p>Loreen \u00e4r tidithet mitten av september. Loreen har en mycket h\u00f6g resistens mot Y-virus. Loreen g\u00f6ra samma storlek potatis med god intern kvalitet, s\u00e5 det \u00e4r mycket god peeling kvalitet. Plantering till normalt djup eller n\u00e5got djupare. Loreen <span class=\"VIiyi\" lang=\"sv\"><span class=\"JLqJ4b ChMk0b\" data-language-for-alternatives=\"sv\" data-language-to-translate-into=\"fi\" data-phrase-index=\"0\" data-number-of-phrases=\"1\"><span class=\"Q4iAWc\">l\u00e4mplig f\u00f6r \u00e5krar d\u00e4r f\u00f6rsommarens fukt finns kvar till kn\u00f6lbildning. <\/span><\/span><\/span>Loreen har motst\u00e5nd mot nematod Ro1 och Ro4. Lagrigns h\u00e5llbarheten \u00e4r mycket bra och groningsvila \u00e4r l\u00e5ng. St\u00e4rkelseprocenten \u00e4r l\u00e5g i intervallet cirka 12-13%.<\/p>\n<p>Befruktning:<\/p>\n<p>Matpotatisproduktion \u00e4r m\u00e5lstorleken 40-60 mm planteringsavst\u00e5nd 25-27 cm. Det rekommenderade kv\u00e4vebehovet (N) cirka 60 &#8211; 70 kg \/ hektar (GMo och FMo). Mycket rika l\u00e4nder (M) \u00e4r kv\u00e4vebehovet cirka 40-50 kg \/ hektar. Uts\u00e4desproduktion \u00e4r avst\u00e5ndet 19 cm och kv\u00e4ve 40 kg \/ ha.<\/p>\n<p>V\u00e4xtskydd:<\/p>\n<p>Fr\u00f6betning rekommenderas f\u00f6re plantering. Sprutning av ogr\u00e4s enligt deras bruksanvisning. \u00a0Anv\u00e4ndningen av Senkor \/ Mistral (metributzin) <span class=\"VIiyi\" lang=\"sv\"><span class=\"JLqJ4b ChMk0b\" data-language-for-alternatives=\"sv\" data-language-to-translate-into=\"fi\" data-phrase-index=\"0\" data-number-of-phrases=\"1\"><span class=\"Q4iAWc\">helst innan grodd<\/span><\/span><\/span>.<\/p>\n<p>Loreen har en ganska god resistens mot bladm\u00f6gel och h\u00f6ga resistens mot brunr\u00f6ta. Kontrollera \u00e4ven torrfl\u00e4cksjuka efter behov.<\/p>\n<p>Blastnedvissning i potatis f\u00f6re sk\u00f6rd, mekanisk blasten krossas + Spotlight 1.0 L \/ hektar. N\u00e4r du anv\u00e4nder kemisk blastnedvissning Reglone 1 &#8211; 1,5 L \/ hektar + 400 l vatten.<\/p>\n","protected":false},"excerpt":{"rendered":"<p><span style=\"font-size: 12pt;\">Mycket god intern kvalitet <\/span><\/p>\n<p><span style=\"font-size: 12pt;\">Mycket h\u00f6gt antal kn\u00f6lar<\/span><\/p>\n<p><span style=\"font-size: 12pt;\">F\u00f6r mat- och matindustripotatis<\/span><\/p>\n","protected":false},"featured_media":1918,"template":"","meta":{"_genesis_hide_title":false,"_genesis_hide_breadcrumbs":false,"_genesis_hide_singular_image":false,"_genesis_hide_footer_widgets":false,"_genesis_custom_body_class":"","_genesis_custom_post_class":"","_genesis_layout":""},"product_brand":[],"product_cat":[69,39,74],"product_tag":[],"class_list":{"0":"post-1909","1":"product","2":"type-product","3":"status-publish","4":"has-post-thumbnail","6":"product_cat-2-sv","7":"product_cat-ruokaperunalajikkeet-sv","8":"product_cat-suurempi-siemen-sv","9":"entry","11":"first","12":"instock","13":"taxable","14":"shipping-taxable","15":"product-type-simple"},"yoast_head":"<!-- This site is optimized with the Yoast SEO plugin v27.4 - https:\/\/yoast.com\/product\/yoast-seo-wordpress\/ -->\n<title>LOREEN -<\/title>\n<meta name=\"robots\" content=\"index, follow, max-snippet:-1, max-image-preview:large, max-video-preview:-1\" \/>\n<link rel=\"canonical\" href=\"https:\/\/www.myllymaenperuna.fi\/sv\/tuote\/gala-kopio\/\" \/>\n<meta property=\"og:locale\" content=\"sv_SE\" \/>\n<meta property=\"og:type\" content=\"article\" \/>\n<meta property=\"og:title\" content=\"LOREEN -\" \/>\n<meta property=\"og:description\" content=\"Mycket god intern kvalitet   Mycket h\u00f6gt antal kn\u00f6lar  F\u00f6r mat- och matindustripotatis\" \/>\n<meta property=\"og:url\" content=\"https:\/\/www.myllymaenperuna.fi\/sv\/tuote\/gala-kopio\/\" \/>\n<meta property=\"article:modified_time\" content=\"2025-10-27T17:18:40+00:00\" \/>\n<meta property=\"og:image\" content=\"https:\/\/www.myllymaenperuna.fi\/wp-content\/uploads\/2021\/08\/Loreen_Norika.png\" \/>\n\t<meta property=\"og:image:width\" content=\"591\" \/>\n\t<meta property=\"og:image:height\" content=\"586\" \/>\n\t<meta property=\"og:image:type\" content=\"image\/png\" \/>\n<meta name=\"twitter:card\" content=\"summary_large_image\" \/>\n<meta name=\"twitter:label1\" content=\"Ber\u00e4knad l\u00e4stid\" \/>\n\t<meta name=\"twitter:data1\" content=\"2 minuter\" \/>\n<script type=\"application\/ld+json\" class=\"yoast-schema-graph\">{\"@context\":\"https:\\\/\\\/schema.org\",\"@graph\":[{\"@type\":\"WebPage\",\"@id\":\"https:\\\/\\\/www.myllymaenperuna.fi\\\/sv\\\/tuote\\\/gala-kopio\\\/\",\"url\":\"https:\\\/\\\/www.myllymaenperuna.fi\\\/sv\\\/tuote\\\/gala-kopio\\\/\",\"name\":\"LOREEN -\",\"isPartOf\":{\"@id\":\"https:\\\/\\\/www.myllymaenperuna.fi\\\/#website\"},\"primaryImageOfPage\":{\"@id\":\"https:\\\/\\\/www.myllymaenperuna.fi\\\/sv\\\/tuote\\\/gala-kopio\\\/#primaryimage\"},\"image\":{\"@id\":\"https:\\\/\\\/www.myllymaenperuna.fi\\\/sv\\\/tuote\\\/gala-kopio\\\/#primaryimage\"},\"thumbnailUrl\":\"https:\\\/\\\/www.myllymaenperuna.fi\\\/wp-content\\\/uploads\\\/2021\\\/08\\\/Loreen_Norika.png\",\"datePublished\":\"2021-08-26T18:33:18+00:00\",\"dateModified\":\"2025-10-27T17:18:40+00:00\",\"breadcrumb\":{\"@id\":\"https:\\\/\\\/www.myllymaenperuna.fi\\\/sv\\\/tuote\\\/gala-kopio\\\/#breadcrumb\"},\"inLanguage\":\"sv-SE\",\"potentialAction\":[{\"@type\":\"ReadAction\",\"target\":[\"https:\\\/\\\/www.myllymaenperuna.fi\\\/sv\\\/tuote\\\/gala-kopio\\\/\"]}]},{\"@type\":\"ImageObject\",\"inLanguage\":\"sv-SE\",\"@id\":\"https:\\\/\\\/www.myllymaenperuna.fi\\\/sv\\\/tuote\\\/gala-kopio\\\/#primaryimage\",\"url\":\"https:\\\/\\\/www.myllymaenperuna.fi\\\/wp-content\\\/uploads\\\/2021\\\/08\\\/Loreen_Norika.png\",\"contentUrl\":\"https:\\\/\\\/www.myllymaenperuna.fi\\\/wp-content\\\/uploads\\\/2021\\\/08\\\/Loreen_Norika.png\",\"width\":591,\"height\":586},{\"@type\":\"BreadcrumbList\",\"@id\":\"https:\\\/\\\/www.myllymaenperuna.fi\\\/sv\\\/tuote\\\/gala-kopio\\\/#breadcrumb\",\"itemListElement\":[{\"@type\":\"ListItem\",\"position\":1,\"name\":\"Etusivu\",\"item\":\"https:\\\/\\\/www.myllymaenperuna.fi\\\/sv\\\/utsadespotatis-nya-tillvaxt-potatis\\\/\"},{\"@type\":\"ListItem\",\"position\":2,\"name\":\"LOREEN\"}]},{\"@type\":\"WebSite\",\"@id\":\"https:\\\/\\\/www.myllymaenperuna.fi\\\/#website\",\"url\":\"https:\\\/\\\/www.myllymaenperuna.fi\\\/\",\"name\":\"Myllym\u00e4en Peruna\",\"description\":\"\",\"publisher\":{\"@id\":\"https:\\\/\\\/www.myllymaenperuna.fi\\\/#organization\"},\"potentialAction\":[{\"@type\":\"SearchAction\",\"target\":{\"@type\":\"EntryPoint\",\"urlTemplate\":\"https:\\\/\\\/www.myllymaenperuna.fi\\\/?s={search_term_string}\"},\"query-input\":{\"@type\":\"PropertyValueSpecification\",\"valueRequired\":true,\"valueName\":\"search_term_string\"}}],\"inLanguage\":\"sv-SE\"},{\"@type\":\"Organization\",\"@id\":\"https:\\\/\\\/www.myllymaenperuna.fi\\\/#organization\",\"name\":\"Myllym\u00e4en Peruna Oy\",\"url\":\"https:\\\/\\\/www.myllymaenperuna.fi\\\/\",\"logo\":{\"@type\":\"ImageObject\",\"inLanguage\":\"sv-SE\",\"@id\":\"https:\\\/\\\/www.myllymaenperuna.fi\\\/#\\\/schema\\\/logo\\\/image\\\/\",\"url\":\"https:\\\/\\\/www.myllymaenperuna.fi\\\/wp-content\\\/uploads\\\/2020\\\/11\\\/cropped-12047055_1707372999492603_8916973196134046991_n.jpg\",\"contentUrl\":\"https:\\\/\\\/www.myllymaenperuna.fi\\\/wp-content\\\/uploads\\\/2020\\\/11\\\/cropped-12047055_1707372999492603_8916973196134046991_n.jpg\",\"width\":760,\"height\":700,\"caption\":\"Myllym\u00e4en Peruna Oy\"},\"image\":{\"@id\":\"https:\\\/\\\/www.myllymaenperuna.fi\\\/#\\\/schema\\\/logo\\\/image\\\/\"}}]}<\/script>\n<!-- \/ Yoast SEO plugin. -->","yoast_head_json":{"title":"LOREEN -","robots":{"index":"index","follow":"follow","max-snippet":"max-snippet:-1","max-image-preview":"max-image-preview:large","max-video-preview":"max-video-preview:-1"},"canonical":"https:\/\/www.myllymaenperuna.fi\/sv\/tuote\/gala-kopio\/","og_locale":"sv_SE","og_type":"article","og_title":"LOREEN -","og_description":"Mycket god intern kvalitet   Mycket h\u00f6gt antal kn\u00f6lar  F\u00f6r mat- och matindustripotatis","og_url":"https:\/\/www.myllymaenperuna.fi\/sv\/tuote\/gala-kopio\/","article_modified_time":"2025-10-27T17:18:40+00:00","og_image":[{"width":591,"height":586,"url":"https:\/\/www.myllymaenperuna.fi\/wp-content\/uploads\/2021\/08\/Loreen_Norika.png","type":"image\/png"}],"twitter_card":"summary_large_image","twitter_misc":{"Ber\u00e4knad l\u00e4stid":"2 minuter"},"schema":{"@context":"https:\/\/schema.org","@graph":[{"@type":"WebPage","@id":"https:\/\/www.myllymaenperuna.fi\/sv\/tuote\/gala-kopio\/","url":"https:\/\/www.myllymaenperuna.fi\/sv\/tuote\/gala-kopio\/","name":"LOREEN -","isPartOf":{"@id":"https:\/\/www.myllymaenperuna.fi\/#website"},"primaryImageOfPage":{"@id":"https:\/\/www.myllymaenperuna.fi\/sv\/tuote\/gala-kopio\/#primaryimage"},"image":{"@id":"https:\/\/www.myllymaenperuna.fi\/sv\/tuote\/gala-kopio\/#primaryimage"},"thumbnailUrl":"https:\/\/www.myllymaenperuna.fi\/wp-content\/uploads\/2021\/08\/Loreen_Norika.png","datePublished":"2021-08-26T18:33:18+00:00","dateModified":"2025-10-27T17:18:40+00:00","breadcrumb":{"@id":"https:\/\/www.myllymaenperuna.fi\/sv\/tuote\/gala-kopio\/#breadcrumb"},"inLanguage":"sv-SE","potentialAction":[{"@type":"ReadAction","target":["https:\/\/www.myllymaenperuna.fi\/sv\/tuote\/gala-kopio\/"]}]},{"@type":"ImageObject","inLanguage":"sv-SE","@id":"https:\/\/www.myllymaenperuna.fi\/sv\/tuote\/gala-kopio\/#primaryimage","url":"https:\/\/www.myllymaenperuna.fi\/wp-content\/uploads\/2021\/08\/Loreen_Norika.png","contentUrl":"https:\/\/www.myllymaenperuna.fi\/wp-content\/uploads\/2021\/08\/Loreen_Norika.png","width":591,"height":586},{"@type":"BreadcrumbList","@id":"https:\/\/www.myllymaenperuna.fi\/sv\/tuote\/gala-kopio\/#breadcrumb","itemListElement":[{"@type":"ListItem","position":1,"name":"Etusivu","item":"https:\/\/www.myllymaenperuna.fi\/sv\/utsadespotatis-nya-tillvaxt-potatis\/"},{"@type":"ListItem","position":2,"name":"LOREEN"}]},{"@type":"WebSite","@id":"https:\/\/www.myllymaenperuna.fi\/#website","url":"https:\/\/www.myllymaenperuna.fi\/","name":"Myllym\u00e4en Peruna","description":"","publisher":{"@id":"https:\/\/www.myllymaenperuna.fi\/#organization"},"potentialAction":[{"@type":"SearchAction","target":{"@type":"EntryPoint","urlTemplate":"https:\/\/www.myllymaenperuna.fi\/?s={search_term_string}"},"query-input":{"@type":"PropertyValueSpecification","valueRequired":true,"valueName":"search_term_string"}}],"inLanguage":"sv-SE"},{"@type":"Organization","@id":"https:\/\/www.myllymaenperuna.fi\/#organization","name":"Myllym\u00e4en Peruna Oy","url":"https:\/\/www.myllymaenperuna.fi\/","logo":{"@type":"ImageObject","inLanguage":"sv-SE","@id":"https:\/\/www.myllymaenperuna.fi\/#\/schema\/logo\/image\/","url":"https:\/\/www.myllymaenperuna.fi\/wp-content\/uploads\/2020\/11\/cropped-12047055_1707372999492603_8916973196134046991_n.jpg","contentUrl":"https:\/\/www.myllymaenperuna.fi\/wp-content\/uploads\/2020\/11\/cropped-12047055_1707372999492603_8916973196134046991_n.jpg","width":760,"height":700,"caption":"Myllym\u00e4en Peruna Oy"},"image":{"@id":"https:\/\/www.myllymaenperuna.fi\/#\/schema\/logo\/image\/"}}]}},"_links":{"self":[{"href":"https:\/\/www.myllymaenperuna.fi\/sv\/wp-json\/wp\/v2\/product\/1909","targetHints":{"allow":["GET"]}}],"collection":[{"href":"https:\/\/www.myllymaenperuna.fi\/sv\/wp-json\/wp\/v2\/product"}],"about":[{"href":"https:\/\/www.myllymaenperuna.fi\/sv\/wp-json\/wp\/v2\/types\/product"}],"wp:featuredmedia":[{"embeddable":true,"href":"https:\/\/www.myllymaenperuna.fi\/sv\/wp-json\/wp\/v2\/media\/1918"}],"wp:attachment":[{"href":"https:\/\/www.myllymaenperuna.fi\/sv\/wp-json\/wp\/v2\/media?parent=1909"}],"wp:term":[{"taxonomy":"product_brand","embeddable":true,"href":"https:\/\/www.myllymaenperuna.fi\/sv\/wp-json\/wp\/v2\/product_brand?post=1909"},{"taxonomy":"product_cat","embeddable":true,"href":"https:\/\/www.myllymaenperuna.fi\/sv\/wp-json\/wp\/v2\/product_cat?post=1909"},{"taxonomy":"product_tag","embeddable":true,"href":"https:\/\/www.myllymaenperuna.fi\/sv\/wp-json\/wp\/v2\/product_tag?post=1909"}],"curies":[{"name":"wp","href":"https:\/\/api.w.org\/{rel}","templated":true}]}}