{"id":1945,"date":"2021-08-26T21:58:45","date_gmt":"2021-08-26T18:58:45","guid":{"rendered":"https:\/\/www.myllymaenperuna.fi\/?post_type=product&#038;p=1945"},"modified":"2025-10-27T19:19:13","modified_gmt":"2025-10-27T17:19:13","slug":"fandango-kopio","status":"publish","type":"product","link":"https:\/\/www.myllymaenperuna.fi\/sv\/tuote\/fandango-kopio\/","title":{"rendered":"ORLA"},"content":{"rendered":"<p>Mycket tidigt matpotatis<\/p>\n<p>Producerar mycket kn\u00f6lar<\/p>\n<p>Producerar kn\u00f6lar med samma storlek<\/p>\n<p>&nbsp;<\/p>\n<p>Funktioner och l\u00e4mplighet<\/p>\n<p>&#8211; K\u00f6ttet \u00e4r ljusgult<\/p>\n<p>&#8211; Ganska god bladm\u00f6gel resistens, ocks\u00e5 ekologisk produktion<\/p>\n<p>&#8211; Producerar mycket kn\u00f6lar med samma strolek<\/p>\n<p>&#8211; Mycket bra resistens mot moptop-virus<\/p>\n<p>&#8211; Potatis f\u00f6r f\u00f6rpackning, tv\u00e4tt och skalning<\/p>\n<p>&nbsp;<\/p>\n<p>Odlingsinstruktioner:<\/p>\n<p>Orla \u00e4r en mycket tidig h\u00f6stpotatis. Orla \u00e4r god resistens mot bladm\u00f6gel och brunr\u00f6ta, ocks\u00e5 ekologisk produktion. Orla \u00e4r mycket god resistent mot moptop-virus <span class=\"VIiyi\" lang=\"sv\"><span class=\"JLqJ4b ChMk0b\" data-language-for-alternatives=\"sv\" data-language-to-translate-into=\"fi\" data-phrase-index=\"0\" data-number-of-phrases=\"1\"><span class=\"Q4iAWc\">och h\u00f6g intern kvalitet<\/span><\/span><\/span>. A<span class=\"VIiyi\" lang=\"sv\"><span class=\"JLqJ4b ChMk0b C1N51c\" data-language-for-alternatives=\"sv\" data-language-to-translate-into=\"fi\" data-phrase-index=\"0\" data-number-of-phrases=\"1\"><span class=\"Q4iAWc\">v denna anledning \u00e4r den ocks\u00e5 perfekt f\u00f6r peeling. <\/span><\/span><\/span>Plantering till normalt djup. V<span class=\"VIiyi\" lang=\"sv\"><span class=\"JLqJ4b ChMk0b\" data-language-for-alternatives=\"sv\" data-language-to-translate-into=\"fi\" data-phrase-index=\"0\" data-number-of-phrases=\"1\"><span class=\"Q4iAWc\">\u00e4lj ett f\u00e4lt som h\u00e5ller fukt, p\u00e5 ett torrt st\u00e4lle kan det komma skorv. Orla \u00e4r inte bra nematod resistens. <\/span><\/span><\/span>Orla st\u00e4rkelseprocent \u00e4r cirka 12-13%.<\/p>\n<p>Befruktninginstruktioner:<\/p>\n<p>Matpotatis \u00e4r m\u00e5lstorlek 40-60 mm planteringsavst\u00e5nd p\u00e5 minst 28 cm och det rekommenderade kv\u00e4vebehovet (N) \u00e4r cirka 65-75 kg \/ hektar. Mycket rika l\u00e4nder (M) \u00e4r kv\u00e4vebehovet cirka 45-55 kg \/ hektar. Uts\u00e4desproduktion \u00e4r avst\u00e5ndet 19-21 cm och kv\u00e4ve 45 kg \/ hektar.<\/p>\n<p>V\u00e4xtskydd:<\/p>\n<p>Fr\u00f6betning rekommenderas f\u00f6re plantering. Sprutning av ogr\u00e4s enligt deras bruksanvisning. Anv\u00e4ndningen av Senkor \/ Mistral (metribuzin) f\u00f6re f\u00f6rplanta. Orla har en god resistens mot bladm\u00f6gel och brunr\u00f6ta, men bek\u00e4mpa torrfl\u00e4cksjuka.<\/p>\n<p>Blastnedvissning i potatis f\u00f6re sk\u00f6rd, mekanisk blasten krossas + Spotlight 1.0 L \/ hektar. N\u00e4r du anv\u00e4nder kemisk blastnedvissning Reglone 1 &#8211; 1,5 L \/ hektar + 400 l vatten.<\/p>\n","protected":false},"excerpt":{"rendered":"<p>Mycket tidigt matpotatis<br \/>\nProducerar mycket kn\u00f6lar<br \/>\nProducerar kn\u00f6lar med samma storlek<\/p>\n","protected":false},"featured_media":1960,"template":"","meta":{"_genesis_hide_title":false,"_genesis_hide_breadcrumbs":false,"_genesis_hide_singular_image":false,"_genesis_hide_footer_widgets":false,"_genesis_custom_body_class":"","_genesis_custom_post_class":"","_genesis_layout":""},"product_brand":[],"product_cat":[70,39,74],"product_tag":[],"class_list":{"0":"post-1945","1":"product","2":"type-product","3":"status-publish","4":"has-post-thumbnail","6":"product_cat-3-sv","7":"product_cat-ruokaperunalajikkeet-sv","8":"product_cat-suurempi-siemen-sv","9":"entry","11":"first","12":"instock","13":"taxable","14":"shipping-taxable","15":"product-type-simple"},"yoast_head":"<!-- This site is optimized with the Yoast SEO plugin v27.5 - https:\/\/yoast.com\/product\/yoast-seo-wordpress\/ -->\n<title>ORLA -<\/title>\n<meta name=\"robots\" content=\"index, follow, max-snippet:-1, max-image-preview:large, max-video-preview:-1\" \/>\n<link rel=\"canonical\" href=\"https:\/\/www.myllymaenperuna.fi\/sv\/tuote\/fandango-kopio\/\" \/>\n<meta property=\"og:locale\" content=\"sv_SE\" \/>\n<meta property=\"og:type\" content=\"article\" \/>\n<meta property=\"og:title\" content=\"ORLA -\" \/>\n<meta property=\"og:description\" content=\"Mycket tidigt matpotatis Producerar mycket kn\u00f6lar Producerar kn\u00f6lar med samma storlek\" \/>\n<meta property=\"og:url\" content=\"https:\/\/www.myllymaenperuna.fi\/sv\/tuote\/fandango-kopio\/\" \/>\n<meta property=\"article:modified_time\" content=\"2025-10-27T17:19:13+00:00\" \/>\n<meta property=\"og:image\" content=\"https:\/\/www.myllymaenperuna.fi\/wp-content\/uploads\/2021\/08\/orla.jpg\" \/>\n\t<meta property=\"og:image:width\" content=\"402\" \/>\n\t<meta property=\"og:image:height\" content=\"376\" \/>\n\t<meta property=\"og:image:type\" content=\"image\/jpeg\" \/>\n<meta name=\"twitter:card\" content=\"summary_large_image\" \/>\n<meta name=\"twitter:label1\" content=\"Ber\u00e4knad l\u00e4stid\" \/>\n\t<meta name=\"twitter:data1\" content=\"2 minuter\" \/>\n<script type=\"application\/ld+json\" class=\"yoast-schema-graph\">{\"@context\":\"https:\\\/\\\/schema.org\",\"@graph\":[{\"@type\":\"WebPage\",\"@id\":\"https:\\\/\\\/www.myllymaenperuna.fi\\\/sv\\\/tuote\\\/fandango-kopio\\\/\",\"url\":\"https:\\\/\\\/www.myllymaenperuna.fi\\\/sv\\\/tuote\\\/fandango-kopio\\\/\",\"name\":\"ORLA -\",\"isPartOf\":{\"@id\":\"https:\\\/\\\/www.myllymaenperuna.fi\\\/#website\"},\"primaryImageOfPage\":{\"@id\":\"https:\\\/\\\/www.myllymaenperuna.fi\\\/sv\\\/tuote\\\/fandango-kopio\\\/#primaryimage\"},\"image\":{\"@id\":\"https:\\\/\\\/www.myllymaenperuna.fi\\\/sv\\\/tuote\\\/fandango-kopio\\\/#primaryimage\"},\"thumbnailUrl\":\"https:\\\/\\\/www.myllymaenperuna.fi\\\/wp-content\\\/uploads\\\/2021\\\/08\\\/orla.jpg\",\"datePublished\":\"2021-08-26T18:58:45+00:00\",\"dateModified\":\"2025-10-27T17:19:13+00:00\",\"breadcrumb\":{\"@id\":\"https:\\\/\\\/www.myllymaenperuna.fi\\\/sv\\\/tuote\\\/fandango-kopio\\\/#breadcrumb\"},\"inLanguage\":\"sv-SE\",\"potentialAction\":[{\"@type\":\"ReadAction\",\"target\":[\"https:\\\/\\\/www.myllymaenperuna.fi\\\/sv\\\/tuote\\\/fandango-kopio\\\/\"]}]},{\"@type\":\"ImageObject\",\"inLanguage\":\"sv-SE\",\"@id\":\"https:\\\/\\\/www.myllymaenperuna.fi\\\/sv\\\/tuote\\\/fandango-kopio\\\/#primaryimage\",\"url\":\"https:\\\/\\\/www.myllymaenperuna.fi\\\/wp-content\\\/uploads\\\/2021\\\/08\\\/orla.jpg\",\"contentUrl\":\"https:\\\/\\\/www.myllymaenperuna.fi\\\/wp-content\\\/uploads\\\/2021\\\/08\\\/orla.jpg\",\"width\":402,\"height\":376},{\"@type\":\"BreadcrumbList\",\"@id\":\"https:\\\/\\\/www.myllymaenperuna.fi\\\/sv\\\/tuote\\\/fandango-kopio\\\/#breadcrumb\",\"itemListElement\":[{\"@type\":\"ListItem\",\"position\":1,\"name\":\"Etusivu\",\"item\":\"https:\\\/\\\/www.myllymaenperuna.fi\\\/sv\\\/utsadespotatis-nya-tillvaxt-potatis\\\/\"},{\"@type\":\"ListItem\",\"position\":2,\"name\":\"ORLA\"}]},{\"@type\":\"WebSite\",\"@id\":\"https:\\\/\\\/www.myllymaenperuna.fi\\\/#website\",\"url\":\"https:\\\/\\\/www.myllymaenperuna.fi\\\/\",\"name\":\"Myllym\u00e4en Peruna\",\"description\":\"\",\"publisher\":{\"@id\":\"https:\\\/\\\/www.myllymaenperuna.fi\\\/#organization\"},\"potentialAction\":[{\"@type\":\"SearchAction\",\"target\":{\"@type\":\"EntryPoint\",\"urlTemplate\":\"https:\\\/\\\/www.myllymaenperuna.fi\\\/?s={search_term_string}\"},\"query-input\":{\"@type\":\"PropertyValueSpecification\",\"valueRequired\":true,\"valueName\":\"search_term_string\"}}],\"inLanguage\":\"sv-SE\"},{\"@type\":\"Organization\",\"@id\":\"https:\\\/\\\/www.myllymaenperuna.fi\\\/#organization\",\"name\":\"Myllym\u00e4en Peruna Oy\",\"url\":\"https:\\\/\\\/www.myllymaenperuna.fi\\\/\",\"logo\":{\"@type\":\"ImageObject\",\"inLanguage\":\"sv-SE\",\"@id\":\"https:\\\/\\\/www.myllymaenperuna.fi\\\/#\\\/schema\\\/logo\\\/image\\\/\",\"url\":\"https:\\\/\\\/www.myllymaenperuna.fi\\\/wp-content\\\/uploads\\\/2020\\\/11\\\/cropped-12047055_1707372999492603_8916973196134046991_n.jpg\",\"contentUrl\":\"https:\\\/\\\/www.myllymaenperuna.fi\\\/wp-content\\\/uploads\\\/2020\\\/11\\\/cropped-12047055_1707372999492603_8916973196134046991_n.jpg\",\"width\":760,\"height\":700,\"caption\":\"Myllym\u00e4en Peruna Oy\"},\"image\":{\"@id\":\"https:\\\/\\\/www.myllymaenperuna.fi\\\/#\\\/schema\\\/logo\\\/image\\\/\"}}]}<\/script>\n<!-- \/ Yoast SEO plugin. -->","yoast_head_json":{"title":"ORLA -","robots":{"index":"index","follow":"follow","max-snippet":"max-snippet:-1","max-image-preview":"max-image-preview:large","max-video-preview":"max-video-preview:-1"},"canonical":"https:\/\/www.myllymaenperuna.fi\/sv\/tuote\/fandango-kopio\/","og_locale":"sv_SE","og_type":"article","og_title":"ORLA -","og_description":"Mycket tidigt matpotatis Producerar mycket kn\u00f6lar Producerar kn\u00f6lar med samma storlek","og_url":"https:\/\/www.myllymaenperuna.fi\/sv\/tuote\/fandango-kopio\/","article_modified_time":"2025-10-27T17:19:13+00:00","og_image":[{"width":402,"height":376,"url":"https:\/\/www.myllymaenperuna.fi\/wp-content\/uploads\/2021\/08\/orla.jpg","type":"image\/jpeg"}],"twitter_card":"summary_large_image","twitter_misc":{"Ber\u00e4knad l\u00e4stid":"2 minuter"},"schema":{"@context":"https:\/\/schema.org","@graph":[{"@type":"WebPage","@id":"https:\/\/www.myllymaenperuna.fi\/sv\/tuote\/fandango-kopio\/","url":"https:\/\/www.myllymaenperuna.fi\/sv\/tuote\/fandango-kopio\/","name":"ORLA -","isPartOf":{"@id":"https:\/\/www.myllymaenperuna.fi\/#website"},"primaryImageOfPage":{"@id":"https:\/\/www.myllymaenperuna.fi\/sv\/tuote\/fandango-kopio\/#primaryimage"},"image":{"@id":"https:\/\/www.myllymaenperuna.fi\/sv\/tuote\/fandango-kopio\/#primaryimage"},"thumbnailUrl":"https:\/\/www.myllymaenperuna.fi\/wp-content\/uploads\/2021\/08\/orla.jpg","datePublished":"2021-08-26T18:58:45+00:00","dateModified":"2025-10-27T17:19:13+00:00","breadcrumb":{"@id":"https:\/\/www.myllymaenperuna.fi\/sv\/tuote\/fandango-kopio\/#breadcrumb"},"inLanguage":"sv-SE","potentialAction":[{"@type":"ReadAction","target":["https:\/\/www.myllymaenperuna.fi\/sv\/tuote\/fandango-kopio\/"]}]},{"@type":"ImageObject","inLanguage":"sv-SE","@id":"https:\/\/www.myllymaenperuna.fi\/sv\/tuote\/fandango-kopio\/#primaryimage","url":"https:\/\/www.myllymaenperuna.fi\/wp-content\/uploads\/2021\/08\/orla.jpg","contentUrl":"https:\/\/www.myllymaenperuna.fi\/wp-content\/uploads\/2021\/08\/orla.jpg","width":402,"height":376},{"@type":"BreadcrumbList","@id":"https:\/\/www.myllymaenperuna.fi\/sv\/tuote\/fandango-kopio\/#breadcrumb","itemListElement":[{"@type":"ListItem","position":1,"name":"Etusivu","item":"https:\/\/www.myllymaenperuna.fi\/sv\/utsadespotatis-nya-tillvaxt-potatis\/"},{"@type":"ListItem","position":2,"name":"ORLA"}]},{"@type":"WebSite","@id":"https:\/\/www.myllymaenperuna.fi\/#website","url":"https:\/\/www.myllymaenperuna.fi\/","name":"Myllym\u00e4en Peruna","description":"","publisher":{"@id":"https:\/\/www.myllymaenperuna.fi\/#organization"},"potentialAction":[{"@type":"SearchAction","target":{"@type":"EntryPoint","urlTemplate":"https:\/\/www.myllymaenperuna.fi\/?s={search_term_string}"},"query-input":{"@type":"PropertyValueSpecification","valueRequired":true,"valueName":"search_term_string"}}],"inLanguage":"sv-SE"},{"@type":"Organization","@id":"https:\/\/www.myllymaenperuna.fi\/#organization","name":"Myllym\u00e4en Peruna Oy","url":"https:\/\/www.myllymaenperuna.fi\/","logo":{"@type":"ImageObject","inLanguage":"sv-SE","@id":"https:\/\/www.myllymaenperuna.fi\/#\/schema\/logo\/image\/","url":"https:\/\/www.myllymaenperuna.fi\/wp-content\/uploads\/2020\/11\/cropped-12047055_1707372999492603_8916973196134046991_n.jpg","contentUrl":"https:\/\/www.myllymaenperuna.fi\/wp-content\/uploads\/2020\/11\/cropped-12047055_1707372999492603_8916973196134046991_n.jpg","width":760,"height":700,"caption":"Myllym\u00e4en Peruna Oy"},"image":{"@id":"https:\/\/www.myllymaenperuna.fi\/#\/schema\/logo\/image\/"}}]}},"_links":{"self":[{"href":"https:\/\/www.myllymaenperuna.fi\/sv\/wp-json\/wp\/v2\/product\/1945","targetHints":{"allow":["GET"]}}],"collection":[{"href":"https:\/\/www.myllymaenperuna.fi\/sv\/wp-json\/wp\/v2\/product"}],"about":[{"href":"https:\/\/www.myllymaenperuna.fi\/sv\/wp-json\/wp\/v2\/types\/product"}],"wp:featuredmedia":[{"embeddable":true,"href":"https:\/\/www.myllymaenperuna.fi\/sv\/wp-json\/wp\/v2\/media\/1960"}],"wp:attachment":[{"href":"https:\/\/www.myllymaenperuna.fi\/sv\/wp-json\/wp\/v2\/media?parent=1945"}],"wp:term":[{"taxonomy":"product_brand","embeddable":true,"href":"https:\/\/www.myllymaenperuna.fi\/sv\/wp-json\/wp\/v2\/product_brand?post=1945"},{"taxonomy":"product_cat","embeddable":true,"href":"https:\/\/www.myllymaenperuna.fi\/sv\/wp-json\/wp\/v2\/product_cat?post=1945"},{"taxonomy":"product_tag","embeddable":true,"href":"https:\/\/www.myllymaenperuna.fi\/sv\/wp-json\/wp\/v2\/product_tag?post=1945"}],"curies":[{"name":"wp","href":"https:\/\/api.w.org\/{rel}","templated":true}]}}