{"id":3693,"date":"2025-08-06T20:39:00","date_gmt":"2025-08-06T17:39:00","guid":{"rendered":"https:\/\/www.myllymaenperuna.fi\/?post_type=product&#038;p=3693"},"modified":"2025-10-27T19:16:32","modified_gmt":"2025-10-27T17:16:32","slug":"queenanne","status":"publish","type":"product","link":"https:\/\/www.myllymaenperuna.fi\/sv\/tuote\/queenanne\/","title":{"rendered":"QUEEN ANNE"},"content":{"rendered":"<p>H\u00f6gavkastande sort, \u00e4ven organisk<\/p>\n<p>Tidig matpotatis, universal sort<\/p>\n<p>Tv\u00e4ttpotatiskvalitet<\/p>\n<p>&nbsp;<\/p>\n<p>Funktioner och l\u00e4mplighet<\/p>\n<p>&#8211; Gul utseende och malt<\/p>\n<p>&#8211; Bra antal kn\u00f6lar<\/p>\n<p>&#8211; G\u00f6r en stor avl\u00e5ng kn\u00f6l<\/p>\n<p>&#8211; Mycket h\u00f6g avkastning<\/p>\n<p>&#8211; Bra motst\u00e5ndskraft mot skorv och mycket god mot silverskorv<\/p>\n<p>&#8211; Bra motst\u00e5ndskraft mot stj\u00e4lkbakterios och mycket god mot Y-virus<\/p>\n<p>&#8211; Bra resistens mot moptop-virus<\/p>\n<p>&#8211; Mycket bra motst\u00e5nd mot m\u00f6rker<\/p>\n<p>&#8211; F\u00f6rpackning, tv\u00e4tt och skalning<\/p>\n<p>&nbsp;<\/p>\n<p>Odlingsinstruktioner:<\/p>\n<p>Queen Anne \u00e4r en mycket produktiv sort som producerar ganska stora och stora kn\u00f6lar med ett stort antal kn\u00f6lar. Queen Anne g\u00f6r <span class=\"HwtZe\" lang=\"sv\"><span class=\"jCAhz ChMk0b\"><span class=\"ryNqvb\">har ett fint, sl\u00e4tt, vackert skal och en avl\u00e5ng, oval, platt form.<\/span><\/span> <span class=\"jCAhz ChMk0b\"><span class=\"ryNqvb\">Den \u00e4r mycket gul p\u00e5 utsidan och insidan.<\/span><\/span> <span class=\"jCAhz ChMk0b\"><span class=\"ryNqvb\">Den ger en ganska j\u00e4mn kn\u00f6lstorlek.<\/span><\/span> <span class=\"jCAhz ChMk0b\"><span class=\"ryNqvb\">Den har ocks\u00e5 god torkt\u00e5lighet.<\/span><\/span> <span class=\"jCAhz ChMk0b\"><span class=\"ryNqvb\">Queen Anne har god lagringsstabilitet, gror l\u00e5ngsamt och har h\u00f6g motst\u00e5ndskraft mot silverskorv.<\/span><\/span> <span class=\"jCAhz ChMk0b\"><span class=\"ryNqvb\">P\u00e5 grund av detta har den ett rykte om sig att vara en potatis av h\u00f6g tv\u00e4ttkvalitet. Queen Anne har en st\u00e4rkelsehalt p\u00e5 cirka 12 % och \u00e4r en potatis av allm\u00e4n kvalitet.<\/span><\/span> Queen<span class=\"jCAhz\"><span class=\"ryNqvb\">\u00a0Anne har god motst\u00e5ndskraft mot mop top.<\/span><\/span> <span class=\"jCAhz ChMk0b\"><span class=\"ryNqvb\">QA \u00e4r ocks\u00e5 l\u00e4mplig f\u00f6r ekologisk produktion, eftersom den har b\u00e4ttre motst\u00e5ndskraft mot bladm\u00f6gel och brunr\u00f6ta.<\/span><\/span> Queen<span class=\"jCAhz\"><span class=\"ryNqvb\">\u00a0Anne bildar kn\u00f6lar runt fr\u00f6et, s\u00e5 det b\u00f6r planteras cirka 2-3 cm djupare \u00e4n normalt planteringsdjup.<\/span><\/span> Queen<span class=\"jCAhz ChMk0b\"><span class=\"ryNqvb\">\u00a0Anne b\u00f6r hanteras f\u00f6rsiktigt vid upptagning och sortering.<\/span><\/span> <span class=\"jCAhz ChMk0b\"><span class=\"ryNqvb\">Den \u00e4r ocks\u00e5 l\u00e4mplig f\u00f6r skalning med god motst\u00e5ndskraft mot brunf\u00e4rgning och p\u00e5 grund av sin form.<\/span><\/span> <span class=\"jCAhz\"><span class=\"ryNqvb\">Den \u00e4r nematod resistent mot Ro1.<\/span><\/span><\/span><\/p>\n<p>&nbsp;<\/p>\n<p>Befruktning:<\/p>\n<p>Matpotatisproduktion m\u00e5lstorlek 40 &#8211; 60 mm: planteringsavst\u00e5nd 25 &#8211; 27 cm och kv\u00e4vebehov (GMo \/ FMo) cirka 60 kg \/ hektar, jordn\u00e4ra l\u00e4nder cirka 50 kg \/ hektar, mycket rika l\u00e4nder (M) cirka 35 &#8211; 40 kg \/ hektar.<\/p>\n<p>Uts\u00e4desproduktion planteringsavst\u00e5nd 19 &#8211; 21 cm och kv\u00e4vebehov KHt \/ HHt, m, 40 kg \/ hektar.<\/p>\n<p>&nbsp;<\/p>\n<p>V\u00e4xtskydd:<\/p>\n<p>Fr\u00f6betning rekommenderas f\u00f6re plantering. Vid bek\u00e4mpning av ogr\u00e4s kan <span class=\"HwtZe\" lang=\"sv\"><span class=\"jCAhz ChMk0b\"><span class=\"ryNqvb\">kan anv\u00e4nda bek\u00e4mpningsmedel enligt anvisningarna.<\/span><\/span><\/span><\/p>\n<p>&nbsp;<\/p>\n<p>QA har b\u00e4ttre motst\u00e5ndskraft mot baldm\u00f6gel och bra mot brunr\u00f6ta.<\/p>\n<p>Blastnedvissning i potatis f\u00f6re sk\u00f6rd, mekanisk blasten krossas + Mizuki.<\/p>\n","protected":false},"excerpt":{"rendered":"<p>H\u00f6gavkastande sort, \u00e4ven organisk<\/p>\n<p>Tidig matpotatis, universal sort<\/p>\n<p>Tv\u00e4ttpotatiskvalitet<\/p>\n","protected":false},"featured_media":3802,"template":"","meta":{"_genesis_hide_title":false,"_genesis_hide_breadcrumbs":false,"_genesis_hide_singular_image":false,"_genesis_hide_footer_widgets":false,"_genesis_custom_body_class":"","_genesis_custom_post_class":"","_genesis_layout":""},"product_brand":[],"product_cat":[69,39,74],"product_tag":[],"class_list":{"0":"post-3693","1":"product","2":"type-product","3":"status-publish","4":"has-post-thumbnail","6":"product_cat-2-sv","7":"product_cat-ruokaperunalajikkeet-sv","8":"product_cat-suurempi-siemen-sv","9":"entry","11":"first","12":"instock","13":"taxable","14":"shipping-taxable","15":"product-type-simple"},"yoast_head":"<!-- This site is optimized with the Yoast SEO plugin v27.5 - https:\/\/yoast.com\/product\/yoast-seo-wordpress\/ -->\n<title>QUEEN ANNE -<\/title>\n<meta name=\"robots\" content=\"index, follow, max-snippet:-1, max-image-preview:large, max-video-preview:-1\" \/>\n<link rel=\"canonical\" href=\"https:\/\/www.myllymaenperuna.fi\/sv\/tuote\/queenanne\/\" \/>\n<meta property=\"og:locale\" content=\"sv_SE\" \/>\n<meta property=\"og:type\" content=\"article\" \/>\n<meta property=\"og:title\" content=\"QUEEN ANNE -\" \/>\n<meta property=\"og:description\" content=\"H\u00f6gavkastande sort, \u00e4ven organisk  Tidig matpotatis, universal sort  Tv\u00e4ttpotatiskvalitet\" \/>\n<meta property=\"og:url\" content=\"https:\/\/www.myllymaenperuna.fi\/sv\/tuote\/queenanne\/\" \/>\n<meta property=\"article:modified_time\" content=\"2025-10-27T17:16:32+00:00\" \/>\n<meta property=\"og:image\" content=\"https:\/\/www.myllymaenperuna.fi\/wp-content\/uploads\/2025\/08\/Queen-Anne-e1761545713690.jpg\" \/>\n\t<meta property=\"og:image:width\" content=\"960\" \/>\n\t<meta property=\"og:image:height\" content=\"719\" \/>\n\t<meta property=\"og:image:type\" content=\"image\/jpeg\" \/>\n<meta name=\"twitter:card\" content=\"summary_large_image\" \/>\n<meta name=\"twitter:label1\" content=\"Ber\u00e4knad l\u00e4stid\" \/>\n\t<meta name=\"twitter:data1\" content=\"3 minuter\" \/>\n<script type=\"application\/ld+json\" class=\"yoast-schema-graph\">{\"@context\":\"https:\\\/\\\/schema.org\",\"@graph\":[{\"@type\":\"WebPage\",\"@id\":\"https:\\\/\\\/www.myllymaenperuna.fi\\\/sv\\\/tuote\\\/queenanne\\\/\",\"url\":\"https:\\\/\\\/www.myllymaenperuna.fi\\\/sv\\\/tuote\\\/queenanne\\\/\",\"name\":\"QUEEN ANNE -\",\"isPartOf\":{\"@id\":\"https:\\\/\\\/www.myllymaenperuna.fi\\\/#website\"},\"primaryImageOfPage\":{\"@id\":\"https:\\\/\\\/www.myllymaenperuna.fi\\\/sv\\\/tuote\\\/queenanne\\\/#primaryimage\"},\"image\":{\"@id\":\"https:\\\/\\\/www.myllymaenperuna.fi\\\/sv\\\/tuote\\\/queenanne\\\/#primaryimage\"},\"thumbnailUrl\":\"https:\\\/\\\/www.myllymaenperuna.fi\\\/wp-content\\\/uploads\\\/2025\\\/08\\\/Queen-Anne-e1761545713690.jpg\",\"datePublished\":\"2025-08-06T17:39:00+00:00\",\"dateModified\":\"2025-10-27T17:16:32+00:00\",\"breadcrumb\":{\"@id\":\"https:\\\/\\\/www.myllymaenperuna.fi\\\/sv\\\/tuote\\\/queenanne\\\/#breadcrumb\"},\"inLanguage\":\"sv-SE\",\"potentialAction\":[{\"@type\":\"ReadAction\",\"target\":[\"https:\\\/\\\/www.myllymaenperuna.fi\\\/sv\\\/tuote\\\/queenanne\\\/\"]}]},{\"@type\":\"ImageObject\",\"inLanguage\":\"sv-SE\",\"@id\":\"https:\\\/\\\/www.myllymaenperuna.fi\\\/sv\\\/tuote\\\/queenanne\\\/#primaryimage\",\"url\":\"https:\\\/\\\/www.myllymaenperuna.fi\\\/wp-content\\\/uploads\\\/2025\\\/08\\\/Queen-Anne-e1761545713690.jpg\",\"contentUrl\":\"https:\\\/\\\/www.myllymaenperuna.fi\\\/wp-content\\\/uploads\\\/2025\\\/08\\\/Queen-Anne-e1761545713690.jpg\",\"width\":960,\"height\":719},{\"@type\":\"BreadcrumbList\",\"@id\":\"https:\\\/\\\/www.myllymaenperuna.fi\\\/sv\\\/tuote\\\/queenanne\\\/#breadcrumb\",\"itemListElement\":[{\"@type\":\"ListItem\",\"position\":1,\"name\":\"Etusivu\",\"item\":\"https:\\\/\\\/www.myllymaenperuna.fi\\\/sv\\\/utsadespotatis-nya-tillvaxt-potatis\\\/\"},{\"@type\":\"ListItem\",\"position\":2,\"name\":\"QUEEN ANNE\"}]},{\"@type\":\"WebSite\",\"@id\":\"https:\\\/\\\/www.myllymaenperuna.fi\\\/#website\",\"url\":\"https:\\\/\\\/www.myllymaenperuna.fi\\\/\",\"name\":\"Myllym\u00e4en Peruna\",\"description\":\"\",\"publisher\":{\"@id\":\"https:\\\/\\\/www.myllymaenperuna.fi\\\/#organization\"},\"potentialAction\":[{\"@type\":\"SearchAction\",\"target\":{\"@type\":\"EntryPoint\",\"urlTemplate\":\"https:\\\/\\\/www.myllymaenperuna.fi\\\/?s={search_term_string}\"},\"query-input\":{\"@type\":\"PropertyValueSpecification\",\"valueRequired\":true,\"valueName\":\"search_term_string\"}}],\"inLanguage\":\"sv-SE\"},{\"@type\":\"Organization\",\"@id\":\"https:\\\/\\\/www.myllymaenperuna.fi\\\/#organization\",\"name\":\"Myllym\u00e4en Peruna Oy\",\"url\":\"https:\\\/\\\/www.myllymaenperuna.fi\\\/\",\"logo\":{\"@type\":\"ImageObject\",\"inLanguage\":\"sv-SE\",\"@id\":\"https:\\\/\\\/www.myllymaenperuna.fi\\\/#\\\/schema\\\/logo\\\/image\\\/\",\"url\":\"https:\\\/\\\/www.myllymaenperuna.fi\\\/wp-content\\\/uploads\\\/2020\\\/11\\\/cropped-12047055_1707372999492603_8916973196134046991_n.jpg\",\"contentUrl\":\"https:\\\/\\\/www.myllymaenperuna.fi\\\/wp-content\\\/uploads\\\/2020\\\/11\\\/cropped-12047055_1707372999492603_8916973196134046991_n.jpg\",\"width\":760,\"height\":700,\"caption\":\"Myllym\u00e4en Peruna Oy\"},\"image\":{\"@id\":\"https:\\\/\\\/www.myllymaenperuna.fi\\\/#\\\/schema\\\/logo\\\/image\\\/\"}}]}<\/script>\n<!-- \/ Yoast SEO plugin. -->","yoast_head_json":{"title":"QUEEN ANNE -","robots":{"index":"index","follow":"follow","max-snippet":"max-snippet:-1","max-image-preview":"max-image-preview:large","max-video-preview":"max-video-preview:-1"},"canonical":"https:\/\/www.myllymaenperuna.fi\/sv\/tuote\/queenanne\/","og_locale":"sv_SE","og_type":"article","og_title":"QUEEN ANNE -","og_description":"H\u00f6gavkastande sort, \u00e4ven organisk  Tidig matpotatis, universal sort  Tv\u00e4ttpotatiskvalitet","og_url":"https:\/\/www.myllymaenperuna.fi\/sv\/tuote\/queenanne\/","article_modified_time":"2025-10-27T17:16:32+00:00","og_image":[{"width":960,"height":719,"url":"https:\/\/www.myllymaenperuna.fi\/wp-content\/uploads\/2025\/08\/Queen-Anne-e1761545713690.jpg","type":"image\/jpeg"}],"twitter_card":"summary_large_image","twitter_misc":{"Ber\u00e4knad l\u00e4stid":"3 minuter"},"schema":{"@context":"https:\/\/schema.org","@graph":[{"@type":"WebPage","@id":"https:\/\/www.myllymaenperuna.fi\/sv\/tuote\/queenanne\/","url":"https:\/\/www.myllymaenperuna.fi\/sv\/tuote\/queenanne\/","name":"QUEEN ANNE -","isPartOf":{"@id":"https:\/\/www.myllymaenperuna.fi\/#website"},"primaryImageOfPage":{"@id":"https:\/\/www.myllymaenperuna.fi\/sv\/tuote\/queenanne\/#primaryimage"},"image":{"@id":"https:\/\/www.myllymaenperuna.fi\/sv\/tuote\/queenanne\/#primaryimage"},"thumbnailUrl":"https:\/\/www.myllymaenperuna.fi\/wp-content\/uploads\/2025\/08\/Queen-Anne-e1761545713690.jpg","datePublished":"2025-08-06T17:39:00+00:00","dateModified":"2025-10-27T17:16:32+00:00","breadcrumb":{"@id":"https:\/\/www.myllymaenperuna.fi\/sv\/tuote\/queenanne\/#breadcrumb"},"inLanguage":"sv-SE","potentialAction":[{"@type":"ReadAction","target":["https:\/\/www.myllymaenperuna.fi\/sv\/tuote\/queenanne\/"]}]},{"@type":"ImageObject","inLanguage":"sv-SE","@id":"https:\/\/www.myllymaenperuna.fi\/sv\/tuote\/queenanne\/#primaryimage","url":"https:\/\/www.myllymaenperuna.fi\/wp-content\/uploads\/2025\/08\/Queen-Anne-e1761545713690.jpg","contentUrl":"https:\/\/www.myllymaenperuna.fi\/wp-content\/uploads\/2025\/08\/Queen-Anne-e1761545713690.jpg","width":960,"height":719},{"@type":"BreadcrumbList","@id":"https:\/\/www.myllymaenperuna.fi\/sv\/tuote\/queenanne\/#breadcrumb","itemListElement":[{"@type":"ListItem","position":1,"name":"Etusivu","item":"https:\/\/www.myllymaenperuna.fi\/sv\/utsadespotatis-nya-tillvaxt-potatis\/"},{"@type":"ListItem","position":2,"name":"QUEEN ANNE"}]},{"@type":"WebSite","@id":"https:\/\/www.myllymaenperuna.fi\/#website","url":"https:\/\/www.myllymaenperuna.fi\/","name":"Myllym\u00e4en Peruna","description":"","publisher":{"@id":"https:\/\/www.myllymaenperuna.fi\/#organization"},"potentialAction":[{"@type":"SearchAction","target":{"@type":"EntryPoint","urlTemplate":"https:\/\/www.myllymaenperuna.fi\/?s={search_term_string}"},"query-input":{"@type":"PropertyValueSpecification","valueRequired":true,"valueName":"search_term_string"}}],"inLanguage":"sv-SE"},{"@type":"Organization","@id":"https:\/\/www.myllymaenperuna.fi\/#organization","name":"Myllym\u00e4en Peruna Oy","url":"https:\/\/www.myllymaenperuna.fi\/","logo":{"@type":"ImageObject","inLanguage":"sv-SE","@id":"https:\/\/www.myllymaenperuna.fi\/#\/schema\/logo\/image\/","url":"https:\/\/www.myllymaenperuna.fi\/wp-content\/uploads\/2020\/11\/cropped-12047055_1707372999492603_8916973196134046991_n.jpg","contentUrl":"https:\/\/www.myllymaenperuna.fi\/wp-content\/uploads\/2020\/11\/cropped-12047055_1707372999492603_8916973196134046991_n.jpg","width":760,"height":700,"caption":"Myllym\u00e4en Peruna Oy"},"image":{"@id":"https:\/\/www.myllymaenperuna.fi\/#\/schema\/logo\/image\/"}}]}},"_links":{"self":[{"href":"https:\/\/www.myllymaenperuna.fi\/sv\/wp-json\/wp\/v2\/product\/3693","targetHints":{"allow":["GET"]}}],"collection":[{"href":"https:\/\/www.myllymaenperuna.fi\/sv\/wp-json\/wp\/v2\/product"}],"about":[{"href":"https:\/\/www.myllymaenperuna.fi\/sv\/wp-json\/wp\/v2\/types\/product"}],"wp:featuredmedia":[{"embeddable":true,"href":"https:\/\/www.myllymaenperuna.fi\/sv\/wp-json\/wp\/v2\/media\/3802"}],"wp:attachment":[{"href":"https:\/\/www.myllymaenperuna.fi\/sv\/wp-json\/wp\/v2\/media?parent=3693"}],"wp:term":[{"taxonomy":"product_brand","embeddable":true,"href":"https:\/\/www.myllymaenperuna.fi\/sv\/wp-json\/wp\/v2\/product_brand?post=3693"},{"taxonomy":"product_cat","embeddable":true,"href":"https:\/\/www.myllymaenperuna.fi\/sv\/wp-json\/wp\/v2\/product_cat?post=3693"},{"taxonomy":"product_tag","embeddable":true,"href":"https:\/\/www.myllymaenperuna.fi\/sv\/wp-json\/wp\/v2\/product_tag?post=3693"}],"curies":[{"name":"wp","href":"https:\/\/api.w.org\/{rel}","templated":true}]}}