{"id":3717,"date":"2024-11-01T17:29:28","date_gmt":"2024-11-01T15:29:28","guid":{"rendered":"https:\/\/www.myllymaenperuna.fi\/tuote\/fontane\/"},"modified":"2025-10-27T19:18:13","modified_gmt":"2025-10-27T17:18:13","slug":"fontane","status":"publish","type":"product","link":"https:\/\/www.myllymaenperuna.fi\/sv\/tuote\/fontane\/","title":{"rendered":"FONTANE"},"content":{"rendered":"<p>En medelsen sort med h\u00f6g avkastning f\u00f6r fritering eller medeltidig mj\u00f6lig matpotatis<\/p>\n<p>G\u00f6r mycket kn\u00f6lar<\/p>\n<p>Mycket god <span class=\"HwtZe\" lang=\"sv\"><span class=\"jCAhz ChMk0b\"><span class=\"ryNqvb\">avkastningspotential f\u00f6r mj\u00f6lig sort<\/span><\/span><\/span><\/p>\n<p>&nbsp;<\/p>\n<p><span class=\"HwtZe\" lang=\"sv\"><span class=\"jCAhz ChMk0b\"><span class=\"ryNqvb\">Funktioner och l\u00e4mplighet<\/span><\/span><\/span><\/p>\n<ul>\n<li><span class=\"HwtZe\" lang=\"sv\"><span class=\"jCAhz ChMk0b\"><span class=\"ryNqvb\">Ljusgult fruktk\u00f6tt och gult utseende<\/span><\/span><\/span><\/li>\n<li><span class=\"HwtZe\" lang=\"sv\"><span class=\"jCAhz ChMk0b\"><span class=\"ryNqvb\">Avl\u00e5ngt ovalt utseende<\/span><\/span><\/span><\/li>\n<li><span class=\"HwtZe\" lang=\"sv\"><span class=\"jCAhz ChMk0b\"><span class=\"ryNqvb\">Bra kn\u00f6lutbyte<\/span><\/span><\/span><\/li>\n<li><span class=\"HwtZe\" lang=\"sv\"><span class=\"jCAhz ChMk0b\"><span class=\"ryNqvb\">Ger stor kn\u00f6lstorlek<\/span><\/span><\/span><\/li>\n<li>St\u00e4rkelse ca. 16-17 %<\/li>\n<li>Nematod resistens Ro1 (9) och Ro4<\/li>\n<li><span class=\"HwtZe\" lang=\"sv\"><span class=\"jCAhz ChMk0b\"><span class=\"ryNqvb\">F\u00f6r f\u00f6rpackning, skalning och pommes frites<\/span><\/span><\/span><\/li>\n<\/ul>\n<p>&nbsp;<\/p>\n<p><span class=\"HwtZe\" lang=\"sv\"><span class=\"jCAhz ChMk0b\"><span class=\"ryNqvb\">Odlingsinstruktioner<\/span><\/span><\/span><\/p>\n<p><span class=\"HwtZe\" lang=\"sv\"><span class=\"jCAhz ChMk0b\"><span class=\"ryNqvb\">T\u00e4ck alltid fr\u00f6et kemiskt eller biologiskt.<\/span><\/span> <span class=\"jCAhz ChMk0b\"><span class=\"ryNqvb\">Ganska k\u00e4nsligt f\u00f6r bladm\u00f6gel \u2013 bek\u00e4mpa bladm\u00f6gel i tid.<\/span><\/span><\/span><\/p>\n<p>&nbsp;<\/p>\n<p><span class=\"HwtZe\" lang=\"sv\"><span class=\"jCAhz ChMk0b\"><span class=\"ryNqvb\">Groning\/lagring <\/span><\/span><\/span><\/p>\n<p><span class=\"HwtZe\" lang=\"sv\"><span class=\"jCAhz ChMk0b\"><span class=\"ryNqvb\">Fontanes har en l\u00e5ng groningsvila.<\/span><\/span> <span class=\"jCAhz ChMk0b\"><span class=\"ryNqvb\">I b\u00f6rjan av groningen, ge en v\u00e4rmebehandling p\u00e5 cirka 10 grader.<\/span><\/span> <span class=\"jCAhz ChMk0b\"><span class=\"ryNqvb\">Efter att groddar bildats, sakta ner groningen, gynnas av en ganska kort grodd vid plantering.<\/span><\/span> <\/span><\/p>\n<p><span class=\"HwtZe\" lang=\"sv\"><span class=\"jCAhz ChMk0b\"><span class=\"ryNqvb\">VIKTIGT: Ventilera Fontanes v\u00e4l efter upph\u00f6jning i lagring, torra kn\u00f6lar \u00e4r inte lika mottagliga f\u00f6r bakteriesjukdomar.<\/span><\/span> <span class=\"jCAhz ChMk0b\"><span class=\"ryNqvb\">Kom ih\u00e5g att uppr\u00e4tth\u00e5lla ventilationen \u00e4ven under lagring.<\/span><\/span> <span class=\"jCAhz ChMk0b\"><span class=\"ryNqvb\">Lagringsstabiliteten \u00e4r genomsnittlig.<\/span><\/span><\/span><\/p>\n<p>&nbsp;<\/p>\n<p><span class=\"HwtZe\" lang=\"sv\"><span class=\"jCAhz ChMk0b\"><span class=\"ryNqvb\">Plantering <\/span><\/span><\/span><\/p>\n<p><span class=\"HwtZe\" lang=\"sv\"><span class=\"jCAhz ChMk0b\"><span class=\"ryNqvb\">Plantering p\u00e5 normalt djup.<\/span><\/span> <span class=\"jCAhz\"><span class=\"ryNqvb\">G\u00f6r kn\u00f6lar mitt i b\u00e4dden.<\/span><\/span> <span class=\"jCAhz ChMk0b\"><span class=\"ryNqvb\">T\u00e4ck b\u00e4dden v\u00e4l med kompost n\u00e4r man g\u00f6r en stor kn\u00f6l.<\/span><\/span> <span class=\"jCAhz\"><span class=\"ryNqvb\">T\u00e5l \u00f6verfl\u00f6dig fukt ganska bra.<\/span><\/span> <\/span><\/p>\n<p>&nbsp;<\/p>\n<p><span class=\"HwtZe\" lang=\"sv\"><span class=\"jCAhz ChMk0b\"><span class=\"ryNqvb\">G\u00f6dsling <\/span><\/span><\/span><\/p>\n<p><span class=\"HwtZe\" lang=\"sv\"><span class=\"jCAhz ChMk0b\"><span class=\"ryNqvb\">I pommes frites potatisproduktion, planteringsavst\u00e5nd minst 27\u201332 cm, kv\u00e4vebehov p\u00e5 sandjordar ca 70\u201375 kg\/ha.<\/span><\/span> <span class=\"jCAhz ChMk0b\"><span class=\"ryNqvb\">I matpotatisproduktion, riktstorlek 40\u201360 mm, planteringsavst\u00e5nd minst 27\u201330 cm och som tidig mj\u00f6lig sort, kv\u00e4vebehov p\u00e5 sandjordar ca 70 kg N\/ha.<\/span><\/span> <span class=\"jCAhz\"><span class=\"ryNqvb\">P\u00e5 humusjordar (Mm) ca 50\u201355 kg N\/ha.<\/span><\/span><span class=\"jCAhz ChMk0b\"><span class=\"ryNqvb\"> I fr\u00f6f\u00f6r\u00f6kning, planteringsavst\u00e5nd 21\u201322 cm, kv\u00e4vebehov ca 50\u201355 kg N\/ha.<\/span><\/span><\/span><\/p>\n<p>&nbsp;<\/p>\n","protected":false},"excerpt":{"rendered":"<p>En medelsen sort med h\u00f6g avkastning f\u00f6r fritering eller medeltidig mj\u00f6lig matpotatis<\/p>\n<p>G\u00f6r mycket kn\u00f6lar<\/p>\n<p>Mycket god <span class=\"HwtZe\" lang=\"sv\"><span class=\"jCAhz ChMk0b\"><span class=\"ryNqvb\">avkastningspotential f\u00f6r mj\u00f6lig sort<\/span><\/span><\/span><\/p>\n","protected":false},"featured_media":3474,"template":"","meta":{"_genesis_hide_title":false,"_genesis_hide_breadcrumbs":false,"_genesis_hide_singular_image":false,"_genesis_hide_footer_widgets":false,"_genesis_custom_body_class":"","_genesis_custom_post_class":"","_genesis_layout":""},"product_brand":[],"product_cat":[70,39,74],"product_tag":[],"class_list":{"0":"post-3717","1":"product","2":"type-product","3":"status-publish","4":"has-post-thumbnail","6":"product_cat-3-sv","7":"product_cat-ruokaperunalajikkeet-sv","8":"product_cat-suurempi-siemen-sv","9":"entry","11":"first","12":"instock","13":"taxable","14":"shipping-taxable","15":"product-type-simple"},"yoast_head":"<!-- This site is optimized with the Yoast SEO plugin v27.5 - https:\/\/yoast.com\/product\/yoast-seo-wordpress\/ -->\n<title>FONTANE -<\/title>\n<meta name=\"robots\" content=\"index, follow, max-snippet:-1, max-image-preview:large, max-video-preview:-1\" \/>\n<link rel=\"canonical\" href=\"https:\/\/www.myllymaenperuna.fi\/sv\/tuote\/fontane\/\" \/>\n<meta property=\"og:locale\" content=\"sv_SE\" \/>\n<meta property=\"og:type\" content=\"article\" \/>\n<meta property=\"og:title\" content=\"FONTANE -\" \/>\n<meta property=\"og:description\" content=\"En medelsen sort med h\u00f6g avkastning f\u00f6r fritering eller medeltidig mj\u00f6lig matpotatis  G\u00f6r mycket kn\u00f6lar  Mycket god avkastningspotential f\u00f6r mj\u00f6lig sort\" \/>\n<meta property=\"og:url\" content=\"https:\/\/www.myllymaenperuna.fi\/sv\/tuote\/fontane\/\" \/>\n<meta property=\"article:modified_time\" content=\"2025-10-27T17:18:13+00:00\" \/>\n<meta property=\"og:image\" content=\"https:\/\/www.myllymaenperuna.fi\/wp-content\/uploads\/2024\/11\/Fontane.jpg\" \/>\n\t<meta property=\"og:image:width\" content=\"960\" \/>\n\t<meta property=\"og:image:height\" content=\"720\" \/>\n\t<meta property=\"og:image:type\" content=\"image\/jpeg\" \/>\n<meta name=\"twitter:card\" content=\"summary_large_image\" \/>\n<meta name=\"twitter:label1\" content=\"Ber\u00e4knad l\u00e4stid\" \/>\n\t<meta name=\"twitter:data1\" content=\"2 minuter\" \/>\n<script type=\"application\/ld+json\" class=\"yoast-schema-graph\">{\"@context\":\"https:\\\/\\\/schema.org\",\"@graph\":[{\"@type\":\"WebPage\",\"@id\":\"https:\\\/\\\/www.myllymaenperuna.fi\\\/sv\\\/tuote\\\/fontane\\\/\",\"url\":\"https:\\\/\\\/www.myllymaenperuna.fi\\\/sv\\\/tuote\\\/fontane\\\/\",\"name\":\"FONTANE -\",\"isPartOf\":{\"@id\":\"https:\\\/\\\/www.myllymaenperuna.fi\\\/#website\"},\"primaryImageOfPage\":{\"@id\":\"https:\\\/\\\/www.myllymaenperuna.fi\\\/sv\\\/tuote\\\/fontane\\\/#primaryimage\"},\"image\":{\"@id\":\"https:\\\/\\\/www.myllymaenperuna.fi\\\/sv\\\/tuote\\\/fontane\\\/#primaryimage\"},\"thumbnailUrl\":\"https:\\\/\\\/www.myllymaenperuna.fi\\\/wp-content\\\/uploads\\\/2024\\\/11\\\/Fontane.jpg\",\"datePublished\":\"2024-11-01T15:29:28+00:00\",\"dateModified\":\"2025-10-27T17:18:13+00:00\",\"breadcrumb\":{\"@id\":\"https:\\\/\\\/www.myllymaenperuna.fi\\\/sv\\\/tuote\\\/fontane\\\/#breadcrumb\"},\"inLanguage\":\"sv-SE\",\"potentialAction\":[{\"@type\":\"ReadAction\",\"target\":[\"https:\\\/\\\/www.myllymaenperuna.fi\\\/sv\\\/tuote\\\/fontane\\\/\"]}]},{\"@type\":\"ImageObject\",\"inLanguage\":\"sv-SE\",\"@id\":\"https:\\\/\\\/www.myllymaenperuna.fi\\\/sv\\\/tuote\\\/fontane\\\/#primaryimage\",\"url\":\"https:\\\/\\\/www.myllymaenperuna.fi\\\/wp-content\\\/uploads\\\/2024\\\/11\\\/Fontane.jpg\",\"contentUrl\":\"https:\\\/\\\/www.myllymaenperuna.fi\\\/wp-content\\\/uploads\\\/2024\\\/11\\\/Fontane.jpg\",\"width\":960,\"height\":720},{\"@type\":\"BreadcrumbList\",\"@id\":\"https:\\\/\\\/www.myllymaenperuna.fi\\\/sv\\\/tuote\\\/fontane\\\/#breadcrumb\",\"itemListElement\":[{\"@type\":\"ListItem\",\"position\":1,\"name\":\"Etusivu\",\"item\":\"https:\\\/\\\/www.myllymaenperuna.fi\\\/sv\\\/utsadespotatis-nya-tillvaxt-potatis\\\/\"},{\"@type\":\"ListItem\",\"position\":2,\"name\":\"FONTANE\"}]},{\"@type\":\"WebSite\",\"@id\":\"https:\\\/\\\/www.myllymaenperuna.fi\\\/#website\",\"url\":\"https:\\\/\\\/www.myllymaenperuna.fi\\\/\",\"name\":\"Myllym\u00e4en Peruna\",\"description\":\"\",\"publisher\":{\"@id\":\"https:\\\/\\\/www.myllymaenperuna.fi\\\/#organization\"},\"potentialAction\":[{\"@type\":\"SearchAction\",\"target\":{\"@type\":\"EntryPoint\",\"urlTemplate\":\"https:\\\/\\\/www.myllymaenperuna.fi\\\/?s={search_term_string}\"},\"query-input\":{\"@type\":\"PropertyValueSpecification\",\"valueRequired\":true,\"valueName\":\"search_term_string\"}}],\"inLanguage\":\"sv-SE\"},{\"@type\":\"Organization\",\"@id\":\"https:\\\/\\\/www.myllymaenperuna.fi\\\/#organization\",\"name\":\"Myllym\u00e4en Peruna Oy\",\"url\":\"https:\\\/\\\/www.myllymaenperuna.fi\\\/\",\"logo\":{\"@type\":\"ImageObject\",\"inLanguage\":\"sv-SE\",\"@id\":\"https:\\\/\\\/www.myllymaenperuna.fi\\\/#\\\/schema\\\/logo\\\/image\\\/\",\"url\":\"https:\\\/\\\/www.myllymaenperuna.fi\\\/wp-content\\\/uploads\\\/2020\\\/11\\\/cropped-12047055_1707372999492603_8916973196134046991_n.jpg\",\"contentUrl\":\"https:\\\/\\\/www.myllymaenperuna.fi\\\/wp-content\\\/uploads\\\/2020\\\/11\\\/cropped-12047055_1707372999492603_8916973196134046991_n.jpg\",\"width\":760,\"height\":700,\"caption\":\"Myllym\u00e4en Peruna Oy\"},\"image\":{\"@id\":\"https:\\\/\\\/www.myllymaenperuna.fi\\\/#\\\/schema\\\/logo\\\/image\\\/\"}}]}<\/script>\n<!-- \/ Yoast SEO plugin. -->","yoast_head_json":{"title":"FONTANE -","robots":{"index":"index","follow":"follow","max-snippet":"max-snippet:-1","max-image-preview":"max-image-preview:large","max-video-preview":"max-video-preview:-1"},"canonical":"https:\/\/www.myllymaenperuna.fi\/sv\/tuote\/fontane\/","og_locale":"sv_SE","og_type":"article","og_title":"FONTANE -","og_description":"En medelsen sort med h\u00f6g avkastning f\u00f6r fritering eller medeltidig mj\u00f6lig matpotatis  G\u00f6r mycket kn\u00f6lar  Mycket god avkastningspotential f\u00f6r mj\u00f6lig sort","og_url":"https:\/\/www.myllymaenperuna.fi\/sv\/tuote\/fontane\/","article_modified_time":"2025-10-27T17:18:13+00:00","og_image":[{"width":960,"height":720,"url":"https:\/\/www.myllymaenperuna.fi\/wp-content\/uploads\/2024\/11\/Fontane.jpg","type":"image\/jpeg"}],"twitter_card":"summary_large_image","twitter_misc":{"Ber\u00e4knad l\u00e4stid":"2 minuter"},"schema":{"@context":"https:\/\/schema.org","@graph":[{"@type":"WebPage","@id":"https:\/\/www.myllymaenperuna.fi\/sv\/tuote\/fontane\/","url":"https:\/\/www.myllymaenperuna.fi\/sv\/tuote\/fontane\/","name":"FONTANE -","isPartOf":{"@id":"https:\/\/www.myllymaenperuna.fi\/#website"},"primaryImageOfPage":{"@id":"https:\/\/www.myllymaenperuna.fi\/sv\/tuote\/fontane\/#primaryimage"},"image":{"@id":"https:\/\/www.myllymaenperuna.fi\/sv\/tuote\/fontane\/#primaryimage"},"thumbnailUrl":"https:\/\/www.myllymaenperuna.fi\/wp-content\/uploads\/2024\/11\/Fontane.jpg","datePublished":"2024-11-01T15:29:28+00:00","dateModified":"2025-10-27T17:18:13+00:00","breadcrumb":{"@id":"https:\/\/www.myllymaenperuna.fi\/sv\/tuote\/fontane\/#breadcrumb"},"inLanguage":"sv-SE","potentialAction":[{"@type":"ReadAction","target":["https:\/\/www.myllymaenperuna.fi\/sv\/tuote\/fontane\/"]}]},{"@type":"ImageObject","inLanguage":"sv-SE","@id":"https:\/\/www.myllymaenperuna.fi\/sv\/tuote\/fontane\/#primaryimage","url":"https:\/\/www.myllymaenperuna.fi\/wp-content\/uploads\/2024\/11\/Fontane.jpg","contentUrl":"https:\/\/www.myllymaenperuna.fi\/wp-content\/uploads\/2024\/11\/Fontane.jpg","width":960,"height":720},{"@type":"BreadcrumbList","@id":"https:\/\/www.myllymaenperuna.fi\/sv\/tuote\/fontane\/#breadcrumb","itemListElement":[{"@type":"ListItem","position":1,"name":"Etusivu","item":"https:\/\/www.myllymaenperuna.fi\/sv\/utsadespotatis-nya-tillvaxt-potatis\/"},{"@type":"ListItem","position":2,"name":"FONTANE"}]},{"@type":"WebSite","@id":"https:\/\/www.myllymaenperuna.fi\/#website","url":"https:\/\/www.myllymaenperuna.fi\/","name":"Myllym\u00e4en Peruna","description":"","publisher":{"@id":"https:\/\/www.myllymaenperuna.fi\/#organization"},"potentialAction":[{"@type":"SearchAction","target":{"@type":"EntryPoint","urlTemplate":"https:\/\/www.myllymaenperuna.fi\/?s={search_term_string}"},"query-input":{"@type":"PropertyValueSpecification","valueRequired":true,"valueName":"search_term_string"}}],"inLanguage":"sv-SE"},{"@type":"Organization","@id":"https:\/\/www.myllymaenperuna.fi\/#organization","name":"Myllym\u00e4en Peruna Oy","url":"https:\/\/www.myllymaenperuna.fi\/","logo":{"@type":"ImageObject","inLanguage":"sv-SE","@id":"https:\/\/www.myllymaenperuna.fi\/#\/schema\/logo\/image\/","url":"https:\/\/www.myllymaenperuna.fi\/wp-content\/uploads\/2020\/11\/cropped-12047055_1707372999492603_8916973196134046991_n.jpg","contentUrl":"https:\/\/www.myllymaenperuna.fi\/wp-content\/uploads\/2020\/11\/cropped-12047055_1707372999492603_8916973196134046991_n.jpg","width":760,"height":700,"caption":"Myllym\u00e4en Peruna Oy"},"image":{"@id":"https:\/\/www.myllymaenperuna.fi\/#\/schema\/logo\/image\/"}}]}},"_links":{"self":[{"href":"https:\/\/www.myllymaenperuna.fi\/sv\/wp-json\/wp\/v2\/product\/3717","targetHints":{"allow":["GET"]}}],"collection":[{"href":"https:\/\/www.myllymaenperuna.fi\/sv\/wp-json\/wp\/v2\/product"}],"about":[{"href":"https:\/\/www.myllymaenperuna.fi\/sv\/wp-json\/wp\/v2\/types\/product"}],"wp:featuredmedia":[{"embeddable":true,"href":"https:\/\/www.myllymaenperuna.fi\/sv\/wp-json\/wp\/v2\/media\/3474"}],"wp:attachment":[{"href":"https:\/\/www.myllymaenperuna.fi\/sv\/wp-json\/wp\/v2\/media?parent=3717"}],"wp:term":[{"taxonomy":"product_brand","embeddable":true,"href":"https:\/\/www.myllymaenperuna.fi\/sv\/wp-json\/wp\/v2\/product_brand?post=3717"},{"taxonomy":"product_cat","embeddable":true,"href":"https:\/\/www.myllymaenperuna.fi\/sv\/wp-json\/wp\/v2\/product_cat?post=3717"},{"taxonomy":"product_tag","embeddable":true,"href":"https:\/\/www.myllymaenperuna.fi\/sv\/wp-json\/wp\/v2\/product_tag?post=3717"}],"curies":[{"name":"wp","href":"https:\/\/api.w.org\/{rel}","templated":true}]}}