{"id":733,"date":"2020-11-09T11:12:42","date_gmt":"2020-11-09T09:12:42","guid":{"rendered":"https:\/\/pottu.iwn.co\/tuote\/pirol\/"},"modified":"2021-03-03T12:10:54","modified_gmt":"2021-03-03T10:10:54","slug":"pirol","status":"publish","type":"product","link":"https:\/\/www.myllymaenperuna.fi\/sv\/tuote\/pirol\/","title":{"rendered":"PIROL"},"content":{"rendered":"<p>Tidig sort att packa i en r\u00f6d p\u00e5se<\/p>\n<p>Mat och chipspotatis<\/p>\n<p>Producerar kn\u00f6lar med j\u00e4mn storlek<\/p>\n<p>&nbsp;<\/p>\n<p>Funktioner och l\u00e4mplighet:<\/p>\n<p>&#8211; F\u00f6rpackning, tv\u00e4tt, skalning och chips<\/p>\n<p>&#8211; Ganska runda, l\u00e5ga knoppar<\/p>\n<p>&#8211; Snabb planta- och stamutveckling<\/p>\n<p>&#8211; St\u00e4rkelse 16-18%<\/p>\n<p>&#8211; Stort antal kn\u00f6lar<\/p>\n<p>&#8211; Producerar enhetlig potatis<\/p>\n<p>&#8211; H\u00f6g avkastning som en tidig och mj\u00f6lig sort<\/p>\n<p>&#8211; Bra motst\u00e5ndskraft mot skorv och torka<\/p>\n<p>&#8211; Bra motst\u00e5nd mot bl\u00e5m\u00e4rken<\/p>\n<p>&#8211; Bra intern kvalitet<\/p>\n<p>&#8211; L\u00e5g sockerflis (chips)<\/p>\n<p>&nbsp;<\/p>\n<p>Odlingsinstruktioner:<\/p>\n<p>Pirol \u00e4r en ganska tidig mj\u00f6lig matpotatis. Pirol tillverkar ett stort antal kn\u00f6lar och enhetlig potatis tidigt, till exempel f\u00f6r f\u00f6rpackning i en r\u00f6d p\u00e5se med potatis eller f\u00f6r produktion av chips. Pirol \u00e4r l\u00e4mplig f\u00f6r l\u00e4nder som \u00e4r l\u00e4mpliga f\u00f6r produktion av matpotatis, har f\u00f6rdelar med fukth\u00e5llande jord, \u00e4ven om den har god torkmotst\u00e5nd. Pirol har bra skorv resistens. Det \u00e4r lite blygsamt f\u00f6r knackar, s\u00e5 fr\u00e5n blastnedvissning till lyft i cirka 2 veckor. Medan Pirol bl\u00e5m\u00e4rken har bra h\u00e5llbarhet. Lagringskvalitet \u00e4r bra, l\u00e5ng groningvilar. Fr\u00f6na b\u00f6r h\u00f6jas f\u00f6re plantering. Pyrol har l\u00e5g sockerhalt, vilket \u00e4r viktigt vid chipsproduktion (t\u00e5l \u00e4ven lagring vid varmare temperaturer). Nematod resistens finns det mot Ro1 och Ro4. I Europa \u00e4r Pirol den n\u00e4st st\u00f6rsta av de Norika sorterna p\u00e5 grund av sin stora popularitet inom chipproduktion.<\/p>\n<p>&nbsp;<\/p>\n<p>Befruktning:<\/p>\n<p>Matpotatisproduktion m\u00e5lstorlek 40-60 mm planteringsavst\u00e5nd p\u00e5 minst 28 &#8211; 30 cm. Pirol tillverkar massor av kn\u00f6lar, s\u00e5 det rekommenderade kv\u00e4vebehovet (N) f\u00f6r produktion av potatis och chips \u00e4r 75-80 kg \/ hektar (FMo och GMo jord). Mycket rika l\u00e4nder (M) \u00e4r kv\u00e4vebehovet cirka 50-60 kg \/ hektar.<\/p>\n<p>Uts\u00e4desproduktion \u00e4r avst\u00e5ndet 22 cm och kv\u00e4vet \u00e4r 50 kg \/ hektar.<\/p>\n<p>&nbsp;<\/p>\n<p>V\u00e4xtskydd:<\/p>\n<p>Fr\u00f6betning rekommenderas f\u00f6re plantering. Vid ogr\u00e4sbek\u00e4mpning \u00e4r Pirol inte en k\u00e4nslig aktiv substans f\u00f6r metribuzin, s\u00e5 anv\u00e4ndning av Senkor \/ Mistral vid ogr\u00e4sbek\u00e4mpning \u00e4r m\u00f6jlig \u00e4ven efter plantor.<\/p>\n<p>Piroli har m\u00e5ttlig motst\u00e5ndskraft mot bladm\u00f6gel och mycket god motst\u00e5ndskraft mot brunr\u00f6ta. S\u00e5 bek\u00e4mpa potatisskador enligt det normala programmet. Kontrollera \u00e4ven torrfl\u00e4cksjuka efter behov.<\/p>\n<p>Blastnedvissning i potatis f\u00f6re sk\u00f6rd, mekanisk blasten krossas + Spotlight 1.0 L \/ hektar. N\u00e4r du anv\u00e4nder kemisk blastnedvissning Reglone 1 &#8211; 1,5 L \/ hektar + 400 l vatten.<\/p>\n<p>&nbsp;<\/p>\n<p>&nbsp;<\/p>\n","protected":false},"excerpt":{"rendered":"<p>Tidig sort att packa i en r\u00f6d p\u00e5se<br \/>\nMat och chipspotatis<br \/>\nProducerar kn\u00f6lar med j\u00e4mn storlek<\/p>\n","protected":false},"featured_media":1701,"template":"","meta":{"_genesis_hide_title":false,"_genesis_hide_breadcrumbs":false,"_genesis_hide_singular_image":false,"_genesis_hide_footer_widgets":false,"_genesis_custom_body_class":"","_genesis_custom_post_class":"","_genesis_layout":""},"product_brand":[],"product_cat":[70,39,74],"product_tag":[],"class_list":{"0":"post-733","1":"product","2":"type-product","3":"status-publish","4":"has-post-thumbnail","6":"product_cat-3-sv","7":"product_cat-ruokaperunalajikkeet-sv","8":"product_cat-suurempi-siemen-sv","9":"entry","11":"first","12":"instock","13":"taxable","14":"shipping-taxable","15":"product-type-simple"},"yoast_head":"<!-- This site is optimized with the Yoast SEO plugin v27.5 - https:\/\/yoast.com\/product\/yoast-seo-wordpress\/ -->\n<title>PIROL -<\/title>\n<meta name=\"robots\" content=\"index, follow, max-snippet:-1, max-image-preview:large, max-video-preview:-1\" \/>\n<link rel=\"canonical\" href=\"https:\/\/www.myllymaenperuna.fi\/sv\/tuote\/pirol\/\" \/>\n<meta property=\"og:locale\" content=\"sv_SE\" \/>\n<meta property=\"og:type\" content=\"article\" \/>\n<meta property=\"og:title\" content=\"PIROL -\" \/>\n<meta property=\"og:description\" content=\"Tidig sort att packa i en r\u00f6d p\u00e5se Mat och chipspotatis Producerar kn\u00f6lar med j\u00e4mn storlek\" \/>\n<meta property=\"og:url\" content=\"https:\/\/www.myllymaenperuna.fi\/sv\/tuote\/pirol\/\" \/>\n<meta property=\"article:modified_time\" content=\"2021-03-03T10:10:54+00:00\" \/>\n<meta property=\"og:image\" content=\"https:\/\/www.myllymaenperuna.fi\/wp-content\/uploads\/2021\/03\/pirol_8452-rajattu-reunoja-scaled-1.jpg\" \/>\n\t<meta property=\"og:image:width\" content=\"2560\" \/>\n\t<meta property=\"og:image:height\" content=\"1339\" \/>\n\t<meta property=\"og:image:type\" content=\"image\/jpeg\" \/>\n<meta name=\"twitter:card\" content=\"summary_large_image\" \/>\n<meta name=\"twitter:label1\" content=\"Ber\u00e4knad l\u00e4stid\" \/>\n\t<meta name=\"twitter:data1\" content=\"2 minuter\" \/>\n<script type=\"application\/ld+json\" class=\"yoast-schema-graph\">{\"@context\":\"https:\\\/\\\/schema.org\",\"@graph\":[{\"@type\":\"WebPage\",\"@id\":\"https:\\\/\\\/www.myllymaenperuna.fi\\\/sv\\\/tuote\\\/pirol\\\/\",\"url\":\"https:\\\/\\\/www.myllymaenperuna.fi\\\/sv\\\/tuote\\\/pirol\\\/\",\"name\":\"PIROL -\",\"isPartOf\":{\"@id\":\"https:\\\/\\\/www.myllymaenperuna.fi\\\/#website\"},\"primaryImageOfPage\":{\"@id\":\"https:\\\/\\\/www.myllymaenperuna.fi\\\/sv\\\/tuote\\\/pirol\\\/#primaryimage\"},\"image\":{\"@id\":\"https:\\\/\\\/www.myllymaenperuna.fi\\\/sv\\\/tuote\\\/pirol\\\/#primaryimage\"},\"thumbnailUrl\":\"https:\\\/\\\/www.myllymaenperuna.fi\\\/wp-content\\\/uploads\\\/2021\\\/03\\\/pirol_8452-rajattu-reunoja-scaled-1.jpg\",\"datePublished\":\"2020-11-09T09:12:42+00:00\",\"dateModified\":\"2021-03-03T10:10:54+00:00\",\"breadcrumb\":{\"@id\":\"https:\\\/\\\/www.myllymaenperuna.fi\\\/sv\\\/tuote\\\/pirol\\\/#breadcrumb\"},\"inLanguage\":\"sv-SE\",\"potentialAction\":[{\"@type\":\"ReadAction\",\"target\":[\"https:\\\/\\\/www.myllymaenperuna.fi\\\/sv\\\/tuote\\\/pirol\\\/\"]}]},{\"@type\":\"ImageObject\",\"inLanguage\":\"sv-SE\",\"@id\":\"https:\\\/\\\/www.myllymaenperuna.fi\\\/sv\\\/tuote\\\/pirol\\\/#primaryimage\",\"url\":\"https:\\\/\\\/www.myllymaenperuna.fi\\\/wp-content\\\/uploads\\\/2021\\\/03\\\/pirol_8452-rajattu-reunoja-scaled-1.jpg\",\"contentUrl\":\"https:\\\/\\\/www.myllymaenperuna.fi\\\/wp-content\\\/uploads\\\/2021\\\/03\\\/pirol_8452-rajattu-reunoja-scaled-1.jpg\",\"width\":2560,\"height\":1339},{\"@type\":\"BreadcrumbList\",\"@id\":\"https:\\\/\\\/www.myllymaenperuna.fi\\\/sv\\\/tuote\\\/pirol\\\/#breadcrumb\",\"itemListElement\":[{\"@type\":\"ListItem\",\"position\":1,\"name\":\"Etusivu\",\"item\":\"https:\\\/\\\/www.myllymaenperuna.fi\\\/sv\\\/utsadespotatis-nya-tillvaxt-potatis\\\/\"},{\"@type\":\"ListItem\",\"position\":2,\"name\":\"PIROL\"}]},{\"@type\":\"WebSite\",\"@id\":\"https:\\\/\\\/www.myllymaenperuna.fi\\\/#website\",\"url\":\"https:\\\/\\\/www.myllymaenperuna.fi\\\/\",\"name\":\"Myllym\u00e4en Peruna\",\"description\":\"\",\"publisher\":{\"@id\":\"https:\\\/\\\/www.myllymaenperuna.fi\\\/#organization\"},\"potentialAction\":[{\"@type\":\"SearchAction\",\"target\":{\"@type\":\"EntryPoint\",\"urlTemplate\":\"https:\\\/\\\/www.myllymaenperuna.fi\\\/?s={search_term_string}\"},\"query-input\":{\"@type\":\"PropertyValueSpecification\",\"valueRequired\":true,\"valueName\":\"search_term_string\"}}],\"inLanguage\":\"sv-SE\"},{\"@type\":\"Organization\",\"@id\":\"https:\\\/\\\/www.myllymaenperuna.fi\\\/#organization\",\"name\":\"Myllym\u00e4en Peruna Oy\",\"url\":\"https:\\\/\\\/www.myllymaenperuna.fi\\\/\",\"logo\":{\"@type\":\"ImageObject\",\"inLanguage\":\"sv-SE\",\"@id\":\"https:\\\/\\\/www.myllymaenperuna.fi\\\/#\\\/schema\\\/logo\\\/image\\\/\",\"url\":\"https:\\\/\\\/www.myllymaenperuna.fi\\\/wp-content\\\/uploads\\\/2020\\\/11\\\/cropped-12047055_1707372999492603_8916973196134046991_n.jpg\",\"contentUrl\":\"https:\\\/\\\/www.myllymaenperuna.fi\\\/wp-content\\\/uploads\\\/2020\\\/11\\\/cropped-12047055_1707372999492603_8916973196134046991_n.jpg\",\"width\":760,\"height\":700,\"caption\":\"Myllym\u00e4en Peruna Oy\"},\"image\":{\"@id\":\"https:\\\/\\\/www.myllymaenperuna.fi\\\/#\\\/schema\\\/logo\\\/image\\\/\"}}]}<\/script>\n<!-- \/ Yoast SEO plugin. -->","yoast_head_json":{"title":"PIROL -","robots":{"index":"index","follow":"follow","max-snippet":"max-snippet:-1","max-image-preview":"max-image-preview:large","max-video-preview":"max-video-preview:-1"},"canonical":"https:\/\/www.myllymaenperuna.fi\/sv\/tuote\/pirol\/","og_locale":"sv_SE","og_type":"article","og_title":"PIROL -","og_description":"Tidig sort att packa i en r\u00f6d p\u00e5se Mat och chipspotatis Producerar kn\u00f6lar med j\u00e4mn storlek","og_url":"https:\/\/www.myllymaenperuna.fi\/sv\/tuote\/pirol\/","article_modified_time":"2021-03-03T10:10:54+00:00","og_image":[{"width":2560,"height":1339,"url":"https:\/\/www.myllymaenperuna.fi\/wp-content\/uploads\/2021\/03\/pirol_8452-rajattu-reunoja-scaled-1.jpg","type":"image\/jpeg"}],"twitter_card":"summary_large_image","twitter_misc":{"Ber\u00e4knad l\u00e4stid":"2 minuter"},"schema":{"@context":"https:\/\/schema.org","@graph":[{"@type":"WebPage","@id":"https:\/\/www.myllymaenperuna.fi\/sv\/tuote\/pirol\/","url":"https:\/\/www.myllymaenperuna.fi\/sv\/tuote\/pirol\/","name":"PIROL -","isPartOf":{"@id":"https:\/\/www.myllymaenperuna.fi\/#website"},"primaryImageOfPage":{"@id":"https:\/\/www.myllymaenperuna.fi\/sv\/tuote\/pirol\/#primaryimage"},"image":{"@id":"https:\/\/www.myllymaenperuna.fi\/sv\/tuote\/pirol\/#primaryimage"},"thumbnailUrl":"https:\/\/www.myllymaenperuna.fi\/wp-content\/uploads\/2021\/03\/pirol_8452-rajattu-reunoja-scaled-1.jpg","datePublished":"2020-11-09T09:12:42+00:00","dateModified":"2021-03-03T10:10:54+00:00","breadcrumb":{"@id":"https:\/\/www.myllymaenperuna.fi\/sv\/tuote\/pirol\/#breadcrumb"},"inLanguage":"sv-SE","potentialAction":[{"@type":"ReadAction","target":["https:\/\/www.myllymaenperuna.fi\/sv\/tuote\/pirol\/"]}]},{"@type":"ImageObject","inLanguage":"sv-SE","@id":"https:\/\/www.myllymaenperuna.fi\/sv\/tuote\/pirol\/#primaryimage","url":"https:\/\/www.myllymaenperuna.fi\/wp-content\/uploads\/2021\/03\/pirol_8452-rajattu-reunoja-scaled-1.jpg","contentUrl":"https:\/\/www.myllymaenperuna.fi\/wp-content\/uploads\/2021\/03\/pirol_8452-rajattu-reunoja-scaled-1.jpg","width":2560,"height":1339},{"@type":"BreadcrumbList","@id":"https:\/\/www.myllymaenperuna.fi\/sv\/tuote\/pirol\/#breadcrumb","itemListElement":[{"@type":"ListItem","position":1,"name":"Etusivu","item":"https:\/\/www.myllymaenperuna.fi\/sv\/utsadespotatis-nya-tillvaxt-potatis\/"},{"@type":"ListItem","position":2,"name":"PIROL"}]},{"@type":"WebSite","@id":"https:\/\/www.myllymaenperuna.fi\/#website","url":"https:\/\/www.myllymaenperuna.fi\/","name":"Myllym\u00e4en Peruna","description":"","publisher":{"@id":"https:\/\/www.myllymaenperuna.fi\/#organization"},"potentialAction":[{"@type":"SearchAction","target":{"@type":"EntryPoint","urlTemplate":"https:\/\/www.myllymaenperuna.fi\/?s={search_term_string}"},"query-input":{"@type":"PropertyValueSpecification","valueRequired":true,"valueName":"search_term_string"}}],"inLanguage":"sv-SE"},{"@type":"Organization","@id":"https:\/\/www.myllymaenperuna.fi\/#organization","name":"Myllym\u00e4en Peruna Oy","url":"https:\/\/www.myllymaenperuna.fi\/","logo":{"@type":"ImageObject","inLanguage":"sv-SE","@id":"https:\/\/www.myllymaenperuna.fi\/#\/schema\/logo\/image\/","url":"https:\/\/www.myllymaenperuna.fi\/wp-content\/uploads\/2020\/11\/cropped-12047055_1707372999492603_8916973196134046991_n.jpg","contentUrl":"https:\/\/www.myllymaenperuna.fi\/wp-content\/uploads\/2020\/11\/cropped-12047055_1707372999492603_8916973196134046991_n.jpg","width":760,"height":700,"caption":"Myllym\u00e4en Peruna Oy"},"image":{"@id":"https:\/\/www.myllymaenperuna.fi\/#\/schema\/logo\/image\/"}}]}},"_links":{"self":[{"href":"https:\/\/www.myllymaenperuna.fi\/sv\/wp-json\/wp\/v2\/product\/733","targetHints":{"allow":["GET"]}}],"collection":[{"href":"https:\/\/www.myllymaenperuna.fi\/sv\/wp-json\/wp\/v2\/product"}],"about":[{"href":"https:\/\/www.myllymaenperuna.fi\/sv\/wp-json\/wp\/v2\/types\/product"}],"wp:featuredmedia":[{"embeddable":true,"href":"https:\/\/www.myllymaenperuna.fi\/sv\/wp-json\/wp\/v2\/media\/1701"}],"wp:attachment":[{"href":"https:\/\/www.myllymaenperuna.fi\/sv\/wp-json\/wp\/v2\/media?parent=733"}],"wp:term":[{"taxonomy":"product_brand","embeddable":true,"href":"https:\/\/www.myllymaenperuna.fi\/sv\/wp-json\/wp\/v2\/product_brand?post=733"},{"taxonomy":"product_cat","embeddable":true,"href":"https:\/\/www.myllymaenperuna.fi\/sv\/wp-json\/wp\/v2\/product_cat?post=733"},{"taxonomy":"product_tag","embeddable":true,"href":"https:\/\/www.myllymaenperuna.fi\/sv\/wp-json\/wp\/v2\/product_tag?post=733"}],"curies":[{"name":"wp","href":"https:\/\/api.w.org\/{rel}","templated":true}]}}