{"id":789,"date":"2020-11-09T11:11:14","date_gmt":"2020-11-09T09:11:14","guid":{"rendered":"https:\/\/pottu.iwn.co\/tuote\/gala\/"},"modified":"2021-03-03T12:09:54","modified_gmt":"2021-03-03T10:09:54","slug":"gala","status":"publish","type":"product","link":"https:\/\/www.myllymaenperuna.fi\/sv\/tuote\/gala\/","title":{"rendered":"GALA"},"content":{"rendered":"<p>Erk\u00e4nd vinnare av smakkonkurrensen<\/p>\n<p>Tidig och mycket h\u00f6gt antal kn\u00f6lar<\/p>\n<p>Vacker och v\u00e4lsmakande potatis f\u00f6r mat- och matindustripotatis<\/p>\n<p>&nbsp;<\/p>\n<p>Funktioner och l\u00e4mplighet<\/p>\n<p>&#8211; Potatis f\u00f6r f\u00f6rpackning, tv\u00e4tt och skalning<\/p>\n<p>&#8211; Mycket gul malt<\/p>\n<p>&#8211; G\u00f6r en enhetlig i storlek kn\u00f6lar<\/p>\n<p>&#8211; H\u00f6g handelskvalitet sk\u00f6rd<\/p>\n<p>&#8211; Mycket bra resistens mot moptop-virus<\/p>\n<p>&#8211; Mycket h\u00f6gt motst\u00e5nd mot stj\u00e4lkbakterios och bl\u00f6tr\u00f6ta<\/p>\n<p>&#8211; Bra motst\u00e5ndskraft mot hantering och m\u00f6rkning<\/p>\n<p>&#8211; Finlands fj\u00e4rde st\u00f6rsta sort<\/p>\n<p>&nbsp;<\/p>\n<p>Odlingsinstruktioner:<\/p>\n<p>Gala \u00e4r en av de tidigaste h\u00f6stpotatissorter, skalet f\u00e4ster snabbt. Gala har bra skorv resistens. Gala har en mycket h\u00f6g resistens mot filtsjuka, Y-virus och stj\u00e4lkbakterios. B\u00e4st l\u00e4mpad f\u00f6r jordtyp Fmo, GMo och M, d\u00e4r potatisen inte lider av en l\u00e5ng torka. Gala beh\u00f6ver den vatten f\u00f6r att v\u00e4xa. Gala har god resistens mot moptop-virus, men motst\u00e5ndet mot pulverskorv \u00e4r medioker. Plantering till normalt djup eller n\u00e5got djupare. Forma b\u00e4nken f\u00f6r att f\u00f6rhindra gr\u00f6nare. Gala har motst\u00e5nd mot nematod Ro1 och Ro4 och v\u00e5rt D1. Lagrigns h\u00e5llbarheten \u00e4r mycket bra och groningsvila \u00e4r l\u00e5ng. Gala \u00e4r den mest popul\u00e4ra potatissorter av Norika-sorter i Europa. Gala har en speciell mallostruktur, vilket g\u00f6r den l\u00e4mplig f\u00f6r all matlagning du f\u00e5r fr\u00e5n potatis. St\u00e4rkelseprocenten \u00e4r l\u00e5g i intervallet cirka 12-13%, men tack vare mallo-strukturen beter den sig som att laga potatis och smakar riktigt bra (vinnare av smakkonkurrensen 2014). Gala passar alla potatisr\u00e4tter!<\/p>\n<p>Befruktning:<\/p>\n<p>Matpotatisproduktion \u00e4r m\u00e5lstorleken 40-60 mm planteringsavst\u00e5nd p\u00e5 minst 27 cm (27-30 cm). Som en tidig sort och p\u00e5 grund av det stora antalet kn\u00f6lar \u00e4r det rekommenderade kv\u00e4vebehovet (N) cirka 60 &#8211; 70 kg \/ hektar (GMo och FMo). Mycket rika l\u00e4nder (M) \u00e4r kv\u00e4vebehovet cirka 40-50 kg \/ hektar. Uts\u00e4desproduktion \u00e4r avst\u00e5ndet 21 &#8211; 22 cm och kv\u00e4ve 45 kg \/ ha.<\/p>\n<p>Vid odling av Gala b\u00f6r intag av kalcium (Ca) tas om hand. Om markens fertilitetsprov visar mindre \u00e4n 700 mg \/ l Ca, b\u00f6r kalcium appliceras vid plantering som g\u00f6dningsmedel, biotit eller kalkning f\u00f6re plantering max. 3 tn \/ ha med Ca-inneh\u00e5llande kalk. Den inre kvaliteten p\u00e5 Gala \u00e4r mycket bra, men bristen p\u00e5 kalcium kan orsaka bruna fl\u00e4ckar beroende p\u00e5 v\u00e4derf\u00f6rh\u00e5llandena. Kalcium f\u00f6rb\u00e4ttrar ocks\u00e5 potatis torkmotst\u00e5nd. Absorptionen av kalcium i potatisen och dess uppl\u00f6sning fr\u00e5n marken i potatisen f\u00f6rs\u00e4mras avsev\u00e4rt n\u00e4r b\u00e4nken \u00e4r f\u00f6r torr. F\u00f6r Gala rekommenderar vi inte att ge kalium i form av bladg\u00f6dsel eftersom kalcium och kalium konkurrerar med varandra. B\u00e5de kalcium och kalium b\u00f6r ges vid plantering. Kalcium \u00f6verf\u00f6rs inte fr\u00e5n bladen till kn\u00f6len av bladg\u00f6dsel utan f\u00f6rblir i stammen.<\/p>\n<p>V\u00e4xtskydd:<\/p>\n<p>Fr\u00f6betning rekommenderas f\u00f6re plantering. Sprutning av ogr\u00e4s enligt deras bruksanvisning. \u00a0Anv\u00e4ndningen av Senkor \/ Mistral (metributzin) f\u00f6r att bek\u00e4mpa ogr\u00e4s kan g\u00f6ra Gala l\u00f6v l\u00e4ttare om Gala har grodd f\u00f6re sprutning.<\/p>\n<p>Gala har en m\u00e5ttlig mot bladm\u00f6gel, men h\u00f6ga resistens mot brunr\u00f6ta, s\u00e5 bek\u00e4mpa potatisskador enligt det normala programmet. Kontrollera \u00e4ven torrfl\u00e4cksjuka efter behov.<\/p>\n<p>Blastnedvissning i potatis f\u00f6re sk\u00f6rd, mekanisk blasten krossas + Spotlight 1.0 L \/ hektar. N\u00e4r du anv\u00e4nder kemisk blastnedvissning Reglone 1 &#8211; 1,5 L \/ hektar + 400 l vatten.<\/p>\n","protected":false},"excerpt":{"rendered":"<p>Erk\u00e4nd vinnare av smakkonkurrensen<br \/>\nTidig och mycket h\u00f6gt antal kn\u00f6lar<br \/>\nVacker och v\u00e4lsmakande potatis f\u00f6r mat- och matindustripotatis<\/p>\n","protected":false},"featured_media":1689,"template":"","meta":{"_genesis_hide_title":false,"_genesis_hide_breadcrumbs":false,"_genesis_hide_singular_image":false,"_genesis_hide_footer_widgets":false,"_genesis_custom_body_class":"","_genesis_custom_post_class":"","_genesis_layout":""},"product_brand":[],"product_cat":[67,39,74],"product_tag":[],"class_list":{"0":"post-789","1":"product","2":"type-product","3":"status-publish","4":"has-post-thumbnail","6":"product_cat-1-sv","7":"product_cat-ruokaperunalajikkeet-sv","8":"product_cat-suurempi-siemen-sv","9":"entry","11":"first","12":"instock","13":"taxable","14":"shipping-taxable","15":"product-type-simple"},"yoast_head":"<!-- This site is optimized with the Yoast SEO plugin v27.4 - https:\/\/yoast.com\/product\/yoast-seo-wordpress\/ -->\n<title>GALA -<\/title>\n<meta name=\"robots\" content=\"index, follow, max-snippet:-1, max-image-preview:large, max-video-preview:-1\" \/>\n<link rel=\"canonical\" href=\"https:\/\/www.myllymaenperuna.fi\/sv\/tuote\/gala\/\" \/>\n<meta property=\"og:locale\" content=\"sv_SE\" \/>\n<meta property=\"og:type\" content=\"article\" \/>\n<meta property=\"og:title\" content=\"GALA -\" \/>\n<meta property=\"og:description\" content=\"Erk\u00e4nd vinnare av smakkonkurrensen Tidig och mycket h\u00f6gt antal kn\u00f6lar Vacker och v\u00e4lsmakande potatis f\u00f6r mat- och matindustripotatis\" \/>\n<meta property=\"og:url\" content=\"https:\/\/www.myllymaenperuna.fi\/sv\/tuote\/gala\/\" \/>\n<meta property=\"article:modified_time\" content=\"2021-03-03T10:09:54+00:00\" \/>\n<meta property=\"og:image\" content=\"https:\/\/www.myllymaenperuna.fi\/wp-content\/uploads\/2021\/03\/Gala_6588-\u2013-rajattureunoja.jpg\" \/>\n\t<meta property=\"og:image:width\" content=\"1813\" \/>\n\t<meta property=\"og:image:height\" content=\"859\" \/>\n\t<meta property=\"og:image:type\" content=\"image\/jpeg\" \/>\n<meta name=\"twitter:card\" content=\"summary_large_image\" \/>\n<meta name=\"twitter:label1\" content=\"Ber\u00e4knad l\u00e4stid\" \/>\n\t<meta name=\"twitter:data1\" content=\"3 minuter\" \/>\n<script type=\"application\/ld+json\" class=\"yoast-schema-graph\">{\"@context\":\"https:\\\/\\\/schema.org\",\"@graph\":[{\"@type\":\"WebPage\",\"@id\":\"https:\\\/\\\/www.myllymaenperuna.fi\\\/sv\\\/tuote\\\/gala\\\/\",\"url\":\"https:\\\/\\\/www.myllymaenperuna.fi\\\/sv\\\/tuote\\\/gala\\\/\",\"name\":\"GALA -\",\"isPartOf\":{\"@id\":\"https:\\\/\\\/www.myllymaenperuna.fi\\\/#website\"},\"primaryImageOfPage\":{\"@id\":\"https:\\\/\\\/www.myllymaenperuna.fi\\\/sv\\\/tuote\\\/gala\\\/#primaryimage\"},\"image\":{\"@id\":\"https:\\\/\\\/www.myllymaenperuna.fi\\\/sv\\\/tuote\\\/gala\\\/#primaryimage\"},\"thumbnailUrl\":\"https:\\\/\\\/www.myllymaenperuna.fi\\\/wp-content\\\/uploads\\\/2021\\\/03\\\/Gala_6588-\u2013-rajattureunoja.jpg\",\"datePublished\":\"2020-11-09T09:11:14+00:00\",\"dateModified\":\"2021-03-03T10:09:54+00:00\",\"breadcrumb\":{\"@id\":\"https:\\\/\\\/www.myllymaenperuna.fi\\\/sv\\\/tuote\\\/gala\\\/#breadcrumb\"},\"inLanguage\":\"sv-SE\",\"potentialAction\":[{\"@type\":\"ReadAction\",\"target\":[\"https:\\\/\\\/www.myllymaenperuna.fi\\\/sv\\\/tuote\\\/gala\\\/\"]}]},{\"@type\":\"ImageObject\",\"inLanguage\":\"sv-SE\",\"@id\":\"https:\\\/\\\/www.myllymaenperuna.fi\\\/sv\\\/tuote\\\/gala\\\/#primaryimage\",\"url\":\"https:\\\/\\\/www.myllymaenperuna.fi\\\/wp-content\\\/uploads\\\/2021\\\/03\\\/Gala_6588-\u2013-rajattureunoja.jpg\",\"contentUrl\":\"https:\\\/\\\/www.myllymaenperuna.fi\\\/wp-content\\\/uploads\\\/2021\\\/03\\\/Gala_6588-\u2013-rajattureunoja.jpg\",\"width\":1813,\"height\":859},{\"@type\":\"BreadcrumbList\",\"@id\":\"https:\\\/\\\/www.myllymaenperuna.fi\\\/sv\\\/tuote\\\/gala\\\/#breadcrumb\",\"itemListElement\":[{\"@type\":\"ListItem\",\"position\":1,\"name\":\"Etusivu\",\"item\":\"https:\\\/\\\/www.myllymaenperuna.fi\\\/sv\\\/utsadespotatis-nya-tillvaxt-potatis\\\/\"},{\"@type\":\"ListItem\",\"position\":2,\"name\":\"GALA\"}]},{\"@type\":\"WebSite\",\"@id\":\"https:\\\/\\\/www.myllymaenperuna.fi\\\/#website\",\"url\":\"https:\\\/\\\/www.myllymaenperuna.fi\\\/\",\"name\":\"Myllym\u00e4en Peruna\",\"description\":\"\",\"publisher\":{\"@id\":\"https:\\\/\\\/www.myllymaenperuna.fi\\\/#organization\"},\"potentialAction\":[{\"@type\":\"SearchAction\",\"target\":{\"@type\":\"EntryPoint\",\"urlTemplate\":\"https:\\\/\\\/www.myllymaenperuna.fi\\\/?s={search_term_string}\"},\"query-input\":{\"@type\":\"PropertyValueSpecification\",\"valueRequired\":true,\"valueName\":\"search_term_string\"}}],\"inLanguage\":\"sv-SE\"},{\"@type\":\"Organization\",\"@id\":\"https:\\\/\\\/www.myllymaenperuna.fi\\\/#organization\",\"name\":\"Myllym\u00e4en Peruna Oy\",\"url\":\"https:\\\/\\\/www.myllymaenperuna.fi\\\/\",\"logo\":{\"@type\":\"ImageObject\",\"inLanguage\":\"sv-SE\",\"@id\":\"https:\\\/\\\/www.myllymaenperuna.fi\\\/#\\\/schema\\\/logo\\\/image\\\/\",\"url\":\"https:\\\/\\\/www.myllymaenperuna.fi\\\/wp-content\\\/uploads\\\/2020\\\/11\\\/cropped-12047055_1707372999492603_8916973196134046991_n.jpg\",\"contentUrl\":\"https:\\\/\\\/www.myllymaenperuna.fi\\\/wp-content\\\/uploads\\\/2020\\\/11\\\/cropped-12047055_1707372999492603_8916973196134046991_n.jpg\",\"width\":760,\"height\":700,\"caption\":\"Myllym\u00e4en Peruna Oy\"},\"image\":{\"@id\":\"https:\\\/\\\/www.myllymaenperuna.fi\\\/#\\\/schema\\\/logo\\\/image\\\/\"}}]}<\/script>\n<!-- \/ Yoast SEO plugin. -->","yoast_head_json":{"title":"GALA -","robots":{"index":"index","follow":"follow","max-snippet":"max-snippet:-1","max-image-preview":"max-image-preview:large","max-video-preview":"max-video-preview:-1"},"canonical":"https:\/\/www.myllymaenperuna.fi\/sv\/tuote\/gala\/","og_locale":"sv_SE","og_type":"article","og_title":"GALA -","og_description":"Erk\u00e4nd vinnare av smakkonkurrensen Tidig och mycket h\u00f6gt antal kn\u00f6lar Vacker och v\u00e4lsmakande potatis f\u00f6r mat- och matindustripotatis","og_url":"https:\/\/www.myllymaenperuna.fi\/sv\/tuote\/gala\/","article_modified_time":"2021-03-03T10:09:54+00:00","og_image":[{"width":1813,"height":859,"url":"https:\/\/www.myllymaenperuna.fi\/wp-content\/uploads\/2021\/03\/Gala_6588-\u2013-rajattureunoja.jpg","type":"image\/jpeg"}],"twitter_card":"summary_large_image","twitter_misc":{"Ber\u00e4knad l\u00e4stid":"3 minuter"},"schema":{"@context":"https:\/\/schema.org","@graph":[{"@type":"WebPage","@id":"https:\/\/www.myllymaenperuna.fi\/sv\/tuote\/gala\/","url":"https:\/\/www.myllymaenperuna.fi\/sv\/tuote\/gala\/","name":"GALA -","isPartOf":{"@id":"https:\/\/www.myllymaenperuna.fi\/#website"},"primaryImageOfPage":{"@id":"https:\/\/www.myllymaenperuna.fi\/sv\/tuote\/gala\/#primaryimage"},"image":{"@id":"https:\/\/www.myllymaenperuna.fi\/sv\/tuote\/gala\/#primaryimage"},"thumbnailUrl":"https:\/\/www.myllymaenperuna.fi\/wp-content\/uploads\/2021\/03\/Gala_6588-\u2013-rajattureunoja.jpg","datePublished":"2020-11-09T09:11:14+00:00","dateModified":"2021-03-03T10:09:54+00:00","breadcrumb":{"@id":"https:\/\/www.myllymaenperuna.fi\/sv\/tuote\/gala\/#breadcrumb"},"inLanguage":"sv-SE","potentialAction":[{"@type":"ReadAction","target":["https:\/\/www.myllymaenperuna.fi\/sv\/tuote\/gala\/"]}]},{"@type":"ImageObject","inLanguage":"sv-SE","@id":"https:\/\/www.myllymaenperuna.fi\/sv\/tuote\/gala\/#primaryimage","url":"https:\/\/www.myllymaenperuna.fi\/wp-content\/uploads\/2021\/03\/Gala_6588-\u2013-rajattureunoja.jpg","contentUrl":"https:\/\/www.myllymaenperuna.fi\/wp-content\/uploads\/2021\/03\/Gala_6588-\u2013-rajattureunoja.jpg","width":1813,"height":859},{"@type":"BreadcrumbList","@id":"https:\/\/www.myllymaenperuna.fi\/sv\/tuote\/gala\/#breadcrumb","itemListElement":[{"@type":"ListItem","position":1,"name":"Etusivu","item":"https:\/\/www.myllymaenperuna.fi\/sv\/utsadespotatis-nya-tillvaxt-potatis\/"},{"@type":"ListItem","position":2,"name":"GALA"}]},{"@type":"WebSite","@id":"https:\/\/www.myllymaenperuna.fi\/#website","url":"https:\/\/www.myllymaenperuna.fi\/","name":"Myllym\u00e4en Peruna","description":"","publisher":{"@id":"https:\/\/www.myllymaenperuna.fi\/#organization"},"potentialAction":[{"@type":"SearchAction","target":{"@type":"EntryPoint","urlTemplate":"https:\/\/www.myllymaenperuna.fi\/?s={search_term_string}"},"query-input":{"@type":"PropertyValueSpecification","valueRequired":true,"valueName":"search_term_string"}}],"inLanguage":"sv-SE"},{"@type":"Organization","@id":"https:\/\/www.myllymaenperuna.fi\/#organization","name":"Myllym\u00e4en Peruna Oy","url":"https:\/\/www.myllymaenperuna.fi\/","logo":{"@type":"ImageObject","inLanguage":"sv-SE","@id":"https:\/\/www.myllymaenperuna.fi\/#\/schema\/logo\/image\/","url":"https:\/\/www.myllymaenperuna.fi\/wp-content\/uploads\/2020\/11\/cropped-12047055_1707372999492603_8916973196134046991_n.jpg","contentUrl":"https:\/\/www.myllymaenperuna.fi\/wp-content\/uploads\/2020\/11\/cropped-12047055_1707372999492603_8916973196134046991_n.jpg","width":760,"height":700,"caption":"Myllym\u00e4en Peruna Oy"},"image":{"@id":"https:\/\/www.myllymaenperuna.fi\/#\/schema\/logo\/image\/"}}]}},"_links":{"self":[{"href":"https:\/\/www.myllymaenperuna.fi\/sv\/wp-json\/wp\/v2\/product\/789","targetHints":{"allow":["GET"]}}],"collection":[{"href":"https:\/\/www.myllymaenperuna.fi\/sv\/wp-json\/wp\/v2\/product"}],"about":[{"href":"https:\/\/www.myllymaenperuna.fi\/sv\/wp-json\/wp\/v2\/types\/product"}],"wp:featuredmedia":[{"embeddable":true,"href":"https:\/\/www.myllymaenperuna.fi\/sv\/wp-json\/wp\/v2\/media\/1689"}],"wp:attachment":[{"href":"https:\/\/www.myllymaenperuna.fi\/sv\/wp-json\/wp\/v2\/media?parent=789"}],"wp:term":[{"taxonomy":"product_brand","embeddable":true,"href":"https:\/\/www.myllymaenperuna.fi\/sv\/wp-json\/wp\/v2\/product_brand?post=789"},{"taxonomy":"product_cat","embeddable":true,"href":"https:\/\/www.myllymaenperuna.fi\/sv\/wp-json\/wp\/v2\/product_cat?post=789"},{"taxonomy":"product_tag","embeddable":true,"href":"https:\/\/www.myllymaenperuna.fi\/sv\/wp-json\/wp\/v2\/product_tag?post=789"}],"curies":[{"name":"wp","href":"https:\/\/api.w.org\/{rel}","templated":true}]}}